{"id":16383,"date":"2025-04-28T10:53:32","date_gmt":"2025-04-28T10:53:32","guid":{"rendered":"https:\/\/www2.hotelchamplain.com\/services\/location-livraison-de-velos\/"},"modified":"2026-02-18T11:02:47","modified_gmt":"2026-02-18T10:02:47","slug":"bike-rental-delivery","status":"publish","type":"page","link":"https:\/\/www.hotelchamplain.com\/en\/services-hotel-la-rochelle\/bike-rental-delivery\/","title":{"rendered":"Bike rental \/ delivery"},"content":{"rendered":"\t\t<div data-elementor-type=\"wp-page\" data-elementor-id=\"16383\" class=\"elementor elementor-16383 elementor-16048\" data-elementor-post-type=\"page\">\n\t\t\t\t\t\t<section data-dce-background-overlay-color=\"#000000\" data-dce-background-image-url=\"https:\/\/www.hotelchamplain.com\/wp-content\/uploads\/2024\/04\/location-velos-la-rochelle-min.jpeg\" class=\"elementor-section elementor-top-section elementor-element elementor-element-fa45ae2 elementor-section-full_width elementor-section-height-min-height elementor-section-height-default elementor-section-items-middle\" data-id=\"fa45ae2\" data-element_type=\"section\" data-e-type=\"section\" data-settings=\"{&quot;background_background&quot;:&quot;classic&quot;}\">\n\t\t\t\t\t\t\t<div class=\" elementor-background-overlay lazyelementorbackgroundimages \"><\/div>\n\t\t\t\t\t\t\t<div class=\"elementor-container elementor-column-gap-default\">\n\t\t\t\t\t<div class=\"elementor-column elementor-col-100 elementor-top-column elementor-element elementor-element-bd11cbc\" data-id=\"bd11cbc\" data-element_type=\"column\" data-e-type=\"column\">\n\t\t\t<div class=\"elementor-widget-wrap elementor-element-populated\">\n\t\t\t\t\t\t<div data-dce-title-color=\"#FFFFFF\" class=\"elementor-element elementor-element-f020f96 elementor-widget elementor-widget-heading\" data-id=\"f020f96\" data-element_type=\"widget\" data-e-type=\"widget\" data-widget_type=\"heading.default\">\n\t\t\t\t<div class=\"elementor-widget-container\">\n\t\t\t\t\t<span class=\"elementor-heading-title elementor-size-default\">Bike rental \/ delivery<\/span>\t\t\t\t<\/div>\n\t\t\t\t<\/div>\n\t\t\t\t\t<\/div>\n\t\t<\/div>\n\t\t\t\t\t<\/div>\n\t\t<\/section>\n\t\t\t\t<section class=\"elementor-section elementor-top-section elementor-element elementor-element-bb7df50 elementor-section-boxed elementor-section-height-default elementor-section-height-default\" data-id=\"bb7df50\" data-element_type=\"section\" data-e-type=\"section\">\n\t\t\t\t\t\t<div class=\"elementor-container elementor-column-gap-default\">\n\t\t\t\t\t<div class=\"elementor-column elementor-col-100 elementor-top-column elementor-element elementor-element-f7a82f0\" data-id=\"f7a82f0\" data-element_type=\"column\" data-e-type=\"column\">\n\t\t\t<div class=\"elementor-widget-wrap elementor-element-populated\">\n\t\t\t\t\t\t<div class=\"elementor-element elementor-element-7f7b5c6 elementor-widget-divider--view-line elementor-widget elementor-widget-divider\" data-id=\"7f7b5c6\" data-element_type=\"widget\" data-e-type=\"widget\" data-widget_type=\"divider.default\">\n\t\t\t\t<div class=\"elementor-widget-container\">\n\t\t\t\t\t\t\t<div class=\"elementor-divider\">\n\t\t\t<span class=\"elementor-divider-separator\">\n\t\t\t\t\t\t<\/span>\n\t\t<\/div>\n\t\t\t\t\t\t<\/div>\n\t\t\t\t<\/div>\n\t\t\t\t<div class=\"elementor-element elementor-element-818d061 elementor-widget__width-initial elementor-widget elementor-widget-heading\" data-id=\"818d061\" data-element_type=\"widget\" data-e-type=\"widget\" data-widget_type=\"heading.default\">\n\t\t\t\t<div class=\"elementor-widget-container\">\n\t\t\t\t\t<h1 class=\"elementor-heading-title elementor-size-default\">HAVE YOUR ELECTRIC BIKES DELIVERED DIRECTLY TO YOUR HOTEL.<\/h1>\t\t\t\t<\/div>\n\t\t\t\t<\/div>\n\t\t\t\t<div class=\"elementor-element elementor-element-feda227 elementor-pagination-position-inside elementor-arrows-position-inside elementor-widget elementor-widget-image-carousel\" data-id=\"feda227\" data-element_type=\"widget\" data-e-type=\"widget\" data-settings=\"{&quot;slides_to_show&quot;:&quot;1&quot;,&quot;autoplay_speed&quot;:4000,&quot;navigation&quot;:&quot;both&quot;,&quot;autoplay&quot;:&quot;yes&quot;,&quot;pause_on_hover&quot;:&quot;yes&quot;,&quot;pause_on_interaction&quot;:&quot;yes&quot;,&quot;infinite&quot;:&quot;yes&quot;,&quot;effect&quot;:&quot;slide&quot;,&quot;speed&quot;:500}\" data-widget_type=\"image-carousel.default\">\n\t\t\t\t<div class=\"elementor-widget-container\">\n\t\t\t\t\t\t\t<div class=\"elementor-image-carousel-wrapper swiper\" role=\"region\" aria-roledescription=\"carousel\" aria-label=\"Carrousel d\u2019images\" dir=\"ltr\">\n\t\t\t<div class=\"elementor-image-carousel swiper-wrapper\" aria-live=\"off\">\n\t\t\t\t\t\t\t\t<div class=\"swiper-slide\" role=\"group\" aria-roledescription=\"slide\" aria-label=\"1 of 3\"><a data-elementor-open-lightbox=\"yes\" data-elementor-lightbox-slideshow=\"feda227\" data-elementor-lightbox-title=\"location-velos-la-rochelle-min\" data-elementor-lightbox-description=\"L\u2019H\u00f4tel Le Champlain \u00e0 La Rochelle propose un service de location et de livraison de v\u00e9los pour partir \u00e0 la d\u00e9couverte de la ville et du littoral. Profitez d\u2019un moyen de transport \u00e9cologique et pratique pour explorer les rues historiques, le Vieux-Port et les plages en toute libert\u00e9.\" data-e-action-hash=\"#elementor-action%3Aaction%3Dlightbox%26settings%3DeyJpZCI6MTIwNTQsInVybCI6Imh0dHBzOlwvXC93d3cuaG90ZWxjaGFtcGxhaW4uY29tXC93cC1jb250ZW50XC91cGxvYWRzXC8yMDI0XC8wM1wvbG9jYXRpb24tdmVsb3MtbGEtcm9jaGVsbGUtbWluLmpwZWciLCJzbGlkZXNob3ciOiJmZWRhMjI3In0%3D\" href=\"https:\/\/www.hotelchamplain.com\/wp-content\/uploads\/2024\/03\/location-velos-la-rochelle-min.jpeg\"><figure class=\"swiper-slide-inner\"><img decoding=\"async\" class=\"swiper-slide-image\" src=\"https:\/\/www.hotelchamplain.com\/wp-content\/uploads\/elementor\/thumbs\/location-velos-la-rochelle-min-qlhthkgwgly9u6ycc7xpo93ysp9xpw4l0ggm12d6c8.jpeg\" alt=\"location-velos-la-rochelle\" \/><\/figure><\/a><\/div><div class=\"swiper-slide\" role=\"group\" aria-roledescription=\"slide\" aria-label=\"2 of 3\"><a data-elementor-open-lightbox=\"yes\" data-elementor-lightbox-slideshow=\"feda227\" data-elementor-lightbox-title=\"hotel-champlain-la-rochelle-france\" data-e-action-hash=\"#elementor-action%3Aaction%3Dlightbox%26settings%3DeyJpZCI6MTYyNjEsInVybCI6Imh0dHBzOlwvXC93d3cuaG90ZWxjaGFtcGxhaW4uY29tXC93cC1jb250ZW50XC91cGxvYWRzXC8yMDI1XC8wNFwvaG90ZWwtY2hhbXBsYWluLWxhLXJvY2hlbGxlLWZyYW5jZS53ZWJwIiwic2xpZGVzaG93IjoiZmVkYTIyNyJ9\" href=\"https:\/\/www.hotelchamplain.com\/wp-content\/uploads\/2025\/04\/hotel-champlain-la-rochelle-france.webp\"><figure class=\"swiper-slide-inner\"><img decoding=\"async\" class=\"swiper-slide-image\" src=\"https:\/\/www.hotelchamplain.com\/wp-content\/uploads\/elementor\/thumbs\/hotel-champlain-la-rochelle-france-r52d4z5fgj94eeqlu06gttekq5y6hnq1fbjfqgmtlk.webp\" alt=\"H\u00f4tel Champlain - La Rochelle Centre ville | Location\/livraison de v\u00e9los\" \/><\/figure><\/a><\/div><div class=\"swiper-slide\" role=\"group\" aria-roledescription=\"slide\" aria-label=\"3 of 3\"><a data-elementor-open-lightbox=\"yes\" data-elementor-lightbox-slideshow=\"feda227\" data-elementor-lightbox-title=\"hotel-champlain-la-rochelle-france-velos\" data-e-action-hash=\"#elementor-action%3Aaction%3Dlightbox%26settings%3DeyJpZCI6MTYyNjcsInVybCI6Imh0dHBzOlwvXC93d3cuaG90ZWxjaGFtcGxhaW4uY29tXC93cC1jb250ZW50XC91cGxvYWRzXC8yMDI1XC8wNFwvaG90ZWwtY2hhbXBsYWluLWxhLXJvY2hlbGxlLWZyYW5jZS12ZWxvcy53ZWJwIiwic2xpZGVzaG93IjoiZmVkYTIyNyJ9\" href=\"https:\/\/www.hotelchamplain.com\/wp-content\/uploads\/2025\/04\/hotel-champlain-la-rochelle-france-velos.webp\"><figure class=\"swiper-slide-inner\"><img decoding=\"async\" class=\"swiper-slide-image\" src=\"https:\/\/www.hotelchamplain.com\/wp-content\/uploads\/elementor\/thumbs\/hotel-champlain-la-rochelle-france-velos-r52dx0o3cln2rm0834js7qnmpzqe4l1ra46x5n1zyw.webp\" alt=\"H\u00f4tel Champlain - La Rochelle Centre ville | Location-livraison v\u00e9los\" \/><\/figure><\/a><\/div>\t\t\t<\/div>\n\t\t\t\t\t\t\t\t\t\t\t\t<div class=\"elementor-swiper-button elementor-swiper-button-prev\" role=\"button\" tabindex=\"0\">\n\t\t\t\t\t\t<i aria-hidden=\"true\" class=\"eicon-chevron-left\"><\/i>\t\t\t\t\t<\/div>\n\t\t\t\t\t<div class=\"elementor-swiper-button elementor-swiper-button-next\" role=\"button\" tabindex=\"0\">\n\t\t\t\t\t\t<i aria-hidden=\"true\" class=\"eicon-chevron-right\"><\/i>\t\t\t\t\t<\/div>\n\t\t\t\t\n\t\t\t\t\t\t\t\t\t<div class=\"swiper-pagination\"><\/div>\n\t\t\t\t\t\t\t\t\t<\/div>\n\t\t\t\t\t\t<\/div>\n\t\t\t\t<\/div>\n\t\t\t\t\t<\/div>\n\t\t<\/div>\n\t\t\t\t\t<\/div>\n\t\t<\/section>\n\t\t\t\t<section data-dce-background-image-url=\"https:\/\/www.hotelchamplain.com\/wp-content\/uploads\/2022\/01\/Hotel-Champlain-La-Rochelle-Centre-ville-2.png\" class=\"elementor-section elementor-top-section elementor-element elementor-element-1536060 elementor-reverse-mobile elementor-section-boxed elementor-section-height-default elementor-section-height-default\" data-id=\"1536060\" data-element_type=\"section\" data-e-type=\"section\" data-settings=\"{&quot;background_background&quot;:&quot;classic&quot;}\">\n\t\t\t\t\t\t<div class=\"elementor-container elementor-column-gap-default\">\n\t\t\t\t\t<div class=\"elementor-column elementor-col-50 elementor-top-column elementor-element elementor-element-346ce79\" data-id=\"346ce79\" data-element_type=\"column\" data-e-type=\"column\">\n\t\t\t<div class=\"elementor-widget-wrap elementor-element-populated\">\n\t\t\t\t\t\t<div class=\"elementor-element elementor-element-73f3d0a elementor-widget elementor-widget-image\" data-id=\"73f3d0a\" data-element_type=\"widget\" data-e-type=\"widget\" data-widget_type=\"image.default\">\n\t\t\t\t<div class=\"elementor-widget-container\">\n\t\t\t\t\t\t\t\t\t\t\t\t\t\t\t<img fetchpriority=\"high\" decoding=\"async\" width=\"800\" height=\"534\" src=\"https:\/\/www.hotelchamplain.com\/wp-content\/uploads\/2023\/08\/Informations-utiles-Hotel-Champlain-.jpg\" class=\"attachment-large size-large wp-image-10572\" alt=\"H\u00f4tel Le Champlain - La Rochelle City Centre | Useful information\" srcset=\"https:\/\/www.hotelchamplain.com\/wp-content\/uploads\/2023\/08\/Informations-utiles-Hotel-Champlain-.jpg 889w, https:\/\/www.hotelchamplain.com\/wp-content\/uploads\/2023\/08\/Informations-utiles-Hotel-Champlain--300x200.jpg 300w, https:\/\/www.hotelchamplain.com\/wp-content\/uploads\/2023\/08\/Informations-utiles-Hotel-Champlain--768x512.jpg 768w\" sizes=\"(max-width: 800px) 100vw, 800px\" \/>\t\t\t\t\t\t\t\t\t\t\t\t\t\t\t<\/div>\n\t\t\t\t<\/div>\n\t\t\t\t<div class=\"elementor-element elementor-element-b3eddfe elementor-widget elementor-widget-text-editor\" data-id=\"b3eddfe\" data-element_type=\"widget\" data-e-type=\"widget\" data-widget_type=\"text-editor.default\">\n\t\t\t\t<div class=\"elementor-widget-container\">\n\t\t\t\t\t\t\t\t\t<p>Discover La Rochelle by bike with our hire and delivery service!<\/p><p>Book your bike directly by phone on <a href=\"tel:+33546413466\"><strong><span style=\"color: #bfa365;\"><span style=\"color: #ac9779;\">05\u00a046 41\u00a034\u00a066<\/span><\/span><\/strong><\/a> or by email <span style=\"color: #ac9779;\"><a style=\"color: #ac9779;\" href=\"mailto:larochelle@hotelchamplain.com\"><strong>larochelle@hotelchamplain.com<\/strong><\/a><\/span><\/p>\t\t\t\t\t\t\t\t<\/div>\n\t\t\t\t<\/div>\n\t\t\t\t<div class=\"elementor-element elementor-element-0f93a59 elementor-shape-circle elementor-grid-0 e-grid-align-center elementor-widget elementor-widget-social-icons\" data-id=\"0f93a59\" data-element_type=\"widget\" data-e-type=\"widget\" data-widget_type=\"social-icons.default\">\n\t\t\t\t<div class=\"elementor-widget-container\">\n\t\t\t\t\t\t\t<div class=\"elementor-social-icons-wrapper elementor-grid\" role=\"list\">\n\t\t\t\t\t\t\t<span class=\"elementor-grid-item\" role=\"listitem\">\n\t\t\t\t\t<a class=\"elementor-icon elementor-social-icon elementor-social-icon-phone-alt elementor-animation-grow elementor-repeater-item-5de411d\" href=\"tel:+33546413466\" target=\"_blank\">\n\t\t\t\t\t\t<span class=\"elementor-screen-only\">Phone-alt<\/span>\n\t\t\t\t\t\t<i aria-hidden=\"true\" class=\"fas fa-phone-alt\"><\/i>\t\t\t\t\t<\/a>\n\t\t\t\t<\/span>\n\t\t\t\t\t\t\t<span class=\"elementor-grid-item\" role=\"listitem\">\n\t\t\t\t\t<a class=\"elementor-icon elementor-social-icon elementor-social-icon-envelope elementor-animation-grow elementor-repeater-item-9c242d4\" href=\"mailto:larochelle@hotelchamplain.com\" target=\"_blank\">\n\t\t\t\t\t\t<span class=\"elementor-screen-only\">Envelope<\/span>\n\t\t\t\t\t\t<i aria-hidden=\"true\" class=\"fas fa-envelope\"><\/i>\t\t\t\t\t<\/a>\n\t\t\t\t<\/span>\n\t\t\t\t\t<\/div>\n\t\t\t\t\t\t<\/div>\n\t\t\t\t<\/div>\n\t\t\t\t\t<\/div>\n\t\t<\/div>\n\t\t\t\t<div class=\"elementor-column elementor-col-50 elementor-top-column elementor-element elementor-element-58d083c\" data-id=\"58d083c\" data-element_type=\"column\" data-e-type=\"column\">\n\t\t\t<div class=\"elementor-widget-wrap elementor-element-populated\">\n\t\t\t\t\t\t<div class=\"elementor-element elementor-element-1c37089 elementor-widget-divider--view-line elementor-widget elementor-widget-divider\" data-id=\"1c37089\" data-element_type=\"widget\" data-e-type=\"widget\" data-widget_type=\"divider.default\">\n\t\t\t\t<div class=\"elementor-widget-container\">\n\t\t\t\t\t\t\t<div class=\"elementor-divider\">\n\t\t\t<span class=\"elementor-divider-separator\">\n\t\t\t\t\t\t<\/span>\n\t\t<\/div>\n\t\t\t\t\t\t<\/div>\n\t\t\t\t<\/div>\n\t\t\t\t<div class=\"elementor-element elementor-element-4f19a01 elementor-widget elementor-widget-heading\" data-id=\"4f19a01\" data-element_type=\"widget\" data-e-type=\"widget\" data-widget_type=\"heading.default\">\n\t\t\t\t<div class=\"elementor-widget-container\">\n\t\t\t\t\t<h2 class=\"elementor-heading-title elementor-size-default\">Want to discover La Rochelle and the surrounding area?<\/h2>\t\t\t\t<\/div>\n\t\t\t\t<\/div>\n\t\t\t\t<div class=\"elementor-element elementor-element-4700782 elementor-widget elementor-widget-text-editor\" data-id=\"4700782\" data-element_type=\"widget\" data-e-type=\"widget\" data-widget_type=\"text-editor.default\">\n\t\t\t\t<div class=\"elementor-widget-container\">\n\t\t\t\t\t\t\t\t\t<p>Have your bikes delivered directly to the hotel on the day of your arrival.<\/p><p>We\u2019re proud to promote soft mobility through our partnership with VELOC\u201917, an electric bike rental company in La Rochelle.<\/p><p style=\"text-align: left;\">Visit our partner\u2019s website: <a href=\"https:\/\/www.velocation17.fr\/accueil\" data-saferedirecturl=\"https:\/\/www.google.com\/url?q=https:\/\/www.velocation17.fr\/accueil&amp;source=gmail&amp;ust=1711031345133000&amp;usg=AOvVaw2ADzyHNf65hG_BEddHW5kZ\"><strong><span style=\"color: #ac9779;\">V\u00c9LOC&#8217;17<\/span><\/strong><\/a> and reserve your bikes. Delivery and return will be made directly to the hotel.<\/p><p>Don\u2019t forget to ask for the promo code at the hotel reception desk to benefit from a 5% discount.<\/p>\t\t\t\t\t\t\t\t<\/div>\n\t\t\t\t<\/div>\n\t\t\t\t<div class=\"elementor-element elementor-element-c289ab9 elementor-widget elementor-widget-image\" data-id=\"c289ab9\" data-element_type=\"widget\" data-e-type=\"widget\" data-widget_type=\"image.default\">\n\t\t\t\t<div class=\"elementor-widget-container\">\n\t\t\t\t\t\t\t\t\t\t\t\t\t\t\t<img decoding=\"async\" width=\"800\" height=\"533\" src=\"https:\/\/www.hotelchamplain.com\/wp-content\/uploads\/2025\/04\/hotel-champlain-la-rochelle-france-velo.webp\" class=\"attachment-large size-large wp-image-16279\" alt=\"H\u00f4tel Champlain - La Rochelle Centre ville | Location-livraison v\u00e9los\" srcset=\"https:\/\/www.hotelchamplain.com\/wp-content\/uploads\/2025\/04\/hotel-champlain-la-rochelle-france-velo.webp 900w, https:\/\/www.hotelchamplain.com\/wp-content\/uploads\/2025\/04\/hotel-champlain-la-rochelle-france-velo-300x200.webp 300w, https:\/\/www.hotelchamplain.com\/wp-content\/uploads\/2025\/04\/hotel-champlain-la-rochelle-france-velo-768x512.webp 768w\" sizes=\"(max-width: 800px) 100vw, 800px\" \/>\t\t\t\t\t\t\t\t\t\t\t\t\t\t\t<\/div>\n\t\t\t\t<\/div>\n\t\t\t\t\t<\/div>\n\t\t<\/div>\n\t\t\t\t\t<\/div>\n\t\t<\/section>\n\t\t\t\t<\/div>\n\t\t","protected":false},"excerpt":{"rendered":"<p>The best way to discover La Rochelle and the surrounding area is by bike. Discover our electric bike delivery service\u2026.<\/p>\n","protected":false},"author":9,"featured_media":12093,"parent":1992,"menu_order":0,"comment_status":"closed","ping_status":"closed","template":"","meta":{"_acf_changed":false,"footnotes":""},"tags":[163],"class_list":["post-16383","page","type-page","status-publish","has-post-thumbnail","hentry","tag-service-en"],"acf":[],"_links":{"self":[{"href":"https:\/\/www.hotelchamplain.com\/en\/wp-json\/wp\/v2\/pages\/16383","targetHints":{"allow":["GET"]}}],"collection":[{"href":"https:\/\/www.hotelchamplain.com\/en\/wp-json\/wp\/v2\/pages"}],"about":[{"href":"https:\/\/www.hotelchamplain.com\/en\/wp-json\/wp\/v2\/types\/page"}],"author":[{"embeddable":true,"href":"https:\/\/www.hotelchamplain.com\/en\/wp-json\/wp\/v2\/users\/9"}],"replies":[{"embeddable":true,"href":"https:\/\/www.hotelchamplain.com\/en\/wp-json\/wp\/v2\/comments?post=16383"}],"version-history":[{"count":28,"href":"https:\/\/www.hotelchamplain.com\/en\/wp-json\/wp\/v2\/pages\/16383\/revisions"}],"predecessor-version":[{"id":19151,"href":"https:\/\/www.hotelchamplain.com\/en\/wp-json\/wp\/v2\/pages\/16383\/revisions\/19151"}],"up":[{"embeddable":true,"href":"https:\/\/www.hotelchamplain.com\/en\/wp-json\/wp\/v2\/pages\/1992"}],"wp:featuredmedia":[{"embeddable":true,"href":"https:\/\/www.hotelchamplain.com\/en\/wp-json\/wp\/v2\/media\/12093"}],"wp:attachment":[{"href":"https:\/\/www.hotelchamplain.com\/en\/wp-json\/wp\/v2\/media?parent=16383"}],"wp:term":[{"taxonomy":"post_tag","embeddable":true,"href":"https:\/\/www.hotelchamplain.com\/en\/wp-json\/wp\/v2\/tags?post=16383"}],"curies":[{"name":"wp","href":"https:\/\/api.w.org\/{rel}","templated":true}]}}