{"id":12875,"date":"2024-07-19T11:32:19","date_gmt":"2024-07-19T11:32:19","guid":{"rendered":"https:\/\/www.hotelchamplain.com\/?page_id=12875"},"modified":"2026-02-17T17:11:30","modified_gmt":"2026-02-17T16:11:30","slug":"bienestar","status":"publish","type":"page","link":"https:\/\/www.hotelchamplain.com\/es\/servicios\/bienestar\/","title":{"rendered":"Bienestar"},"content":{"rendered":"\t\t<div data-elementor-type=\"wp-page\" data-elementor-id=\"12875\" class=\"elementor elementor-12875 elementor-12767\" data-elementor-post-type=\"page\">\n\t\t\t\t\t\t<section data-dce-background-overlay-color=\"#000000\" data-dce-background-image-url=\"https:\/\/www.hotelchamplain.com\/wp-content\/uploads\/2024\/07\/bien-etre-scaled.webp\" class=\"elementor-section elementor-top-section elementor-element elementor-element-2e8e808 elementor-section-height-min-height elementor-section-full_width elementor-section-height-default elementor-section-items-middle\" data-id=\"2e8e808\" data-element_type=\"section\" data-e-type=\"section\" data-settings=\"{&quot;background_background&quot;:&quot;classic&quot;}\">\n\t\t\t\t\t\t\t<div class=\" elementor-background-overlay lazyelementorbackgroundimages \"><\/div>\n\t\t\t\t\t\t\t<div class=\"elementor-container elementor-column-gap-default\">\n\t\t\t\t\t<div class=\"elementor-column elementor-col-100 elementor-top-column elementor-element elementor-element-251603b\" data-id=\"251603b\" data-element_type=\"column\" data-e-type=\"column\">\n\t\t\t<div class=\"elementor-widget-wrap elementor-element-populated\">\n\t\t\t\t\t\t\t<\/div>\n\t\t<\/div>\n\t\t\t\t\t<\/div>\n\t\t<\/section>\n\t\t\t\t<section data-dce-background-color=\"#211F1D\" data-dce-background-overlay-image-url=\"https:\/\/www.hotelchamplain.com\/wp-content\/uploads\/2024\/07\/papillon.svg\" class=\"elementor-section elementor-top-section elementor-element elementor-element-684d1c3 elementor-section-full_width elementor-section-height-default elementor-section-height-default\" data-id=\"684d1c3\" data-element_type=\"section\" data-e-type=\"section\" data-settings=\"{&quot;background_background&quot;:&quot;gradient&quot;}\">\n\t\t\t\t\t\t\t<div class=\" elementor-background-overlay lazyelementorbackgroundimages \"><\/div>\n\t\t\t\t\t\t\t<div class=\"elementor-container elementor-column-gap-default\">\n\t\t\t\t\t<div class=\"elementor-column elementor-col-100 elementor-top-column elementor-element elementor-element-1fe268d\" data-id=\"1fe268d\" data-element_type=\"column\" data-e-type=\"column\">\n\t\t\t<div class=\"elementor-widget-wrap elementor-element-populated\">\n\t\t\t\t\t\t<div data-dce-title-color=\"#AC9779\" class=\"elementor-element elementor-element-f969d63 elementor-widget__width-initial elementor-widget-tablet__width-initial elementor-widget-mobile__width-inherit elementor-widget elementor-widget-heading\" data-id=\"f969d63\" data-element_type=\"widget\" data-e-type=\"widget\" data-widget_type=\"heading.default\">\n\t\t\t\t<div class=\"elementor-widget-container\">\n\t\t\t\t\t<h1 class=\"elementor-heading-title elementor-size-default\">Bienestar en el Hotel Champlain en colaboraci\u00f3n con Phytomer.<\/h1>\t\t\t\t<\/div>\n\t\t\t\t<\/div>\n\t\t\t\t<div class=\"elementor-element elementor-element-b20e653 elementor-align-center elementor-widget elementor-widget-button\" data-id=\"b20e653\" data-element_type=\"widget\" data-e-type=\"widget\" data-widget_type=\"button.default\">\n\t\t\t\t<div class=\"elementor-widget-container\">\n\t\t\t\t\t\t\t\t\t<div class=\"elementor-button-wrapper\">\n\t\t\t\t\t<a class=\"elementor-button elementor-button-link elementor-size-sm\" href=\"https:\/\/www.planity.com\/spa-hotel-le-champlain-17000-la-rochelle\" target=\"_blank\">\n\t\t\t\t\t\t<span class=\"elementor-button-content-wrapper\">\n\t\t\t\t\t\t\t\t\t<span class=\"elementor-button-text\">Reserva mi tratamiento<\/span>\n\t\t\t\t\t<\/span>\n\t\t\t\t\t<\/a>\n\t\t\t\t<\/div>\n\t\t\t\t\t\t\t\t<\/div>\n\t\t\t\t<\/div>\n\t\t\t\t<section class=\"elementor-section elementor-inner-section elementor-element elementor-element-b42cdd5 elementor-section-full_width elementor-section-height-default elementor-section-height-default\" data-id=\"b42cdd5\" data-element_type=\"section\" data-e-type=\"section\">\n\t\t\t\t\t\t<div class=\"elementor-container elementor-column-gap-default\">\n\t\t\t\t\t<div data-dce-background-image-url=\"https:\/\/www.hotelchamplain.com\/wp-content\/uploads\/2025\/01\/hotel-champlain-espace-bien-etre.jpg\" class=\"elementor-column elementor-col-50 elementor-inner-column elementor-element elementor-element-5072c11\" data-id=\"5072c11\" data-element_type=\"column\" data-e-type=\"column\" data-settings=\"{&quot;background_background&quot;:&quot;classic&quot;}\">\n\t\t\t<div class=\"elementor-widget-wrap elementor-element-populated\">\n\t\t\t\t\t\t<div class=\"elementor-element elementor-element-1cad625 elementor-widget elementor-widget-spacer\" data-id=\"1cad625\" data-element_type=\"widget\" data-e-type=\"widget\" data-widget_type=\"spacer.default\">\n\t\t\t\t<div class=\"elementor-widget-container\">\n\t\t\t\t\t\t\t<div class=\"elementor-spacer\">\n\t\t\t<div class=\"elementor-spacer-inner\"><\/div>\n\t\t<\/div>\n\t\t\t\t\t\t<\/div>\n\t\t\t\t<\/div>\n\t\t\t\t\t<\/div>\n\t\t<\/div>\n\t\t\t\t<div class=\"elementor-column elementor-col-50 elementor-inner-column elementor-element elementor-element-befbc09\" data-id=\"befbc09\" data-element_type=\"column\" data-e-type=\"column\">\n\t\t\t<div class=\"elementor-widget-wrap elementor-element-populated\">\n\t\t\t\t\t\t<div class=\"elementor-element elementor-element-e83789a elementor-widget elementor-widget-image\" data-id=\"e83789a\" data-element_type=\"widget\" data-e-type=\"widget\" data-widget_type=\"image.default\">\n\t\t\t\t<div class=\"elementor-widget-container\">\n\t\t\t\t\t\t\t\t\t\t\t\t\t\t\t<img decoding=\"async\" src=\"https:\/\/www.hotelchamplain.com\/wp-content\/uploads\/2024\/07\/PHYTOMER-BLEU-2021.svg\" title=\"PHYTOMER-BLEU-2021\" alt=\"PHYTOMER-BLEU-2021\" loading=\"lazy\" \/>\t\t\t\t\t\t\t\t\t\t\t\t\t\t\t<\/div>\n\t\t\t\t<\/div>\n\t\t\t\t<div class=\"elementor-element elementor-element-6e3d78c elementor-widget elementor-widget-text-editor\" data-id=\"6e3d78c\" data-element_type=\"widget\" data-e-type=\"widget\" data-widget_type=\"text-editor.default\">\n\t\t\t\t<div class=\"elementor-widget-container\">\n\t\t\t\t\t\t\t\t\t<p><span style=\"white-space-collapse: preserve;\">\u00a1Hemos elegido Phytomer, una marca francesa responsable y comprometida, para ofrecerte tratamientos revitalizantes gracias a los beneficios del mar!\u00a0<\/span><\/p>\t\t\t\t\t\t\t\t<\/div>\n\t\t\t\t<\/div>\n\t\t\t\t<div class=\"elementor-element elementor-element-fa0c3c1 elementor-widget elementor-widget-image\" data-id=\"fa0c3c1\" data-element_type=\"widget\" data-e-type=\"widget\" data-widget_type=\"image.default\">\n\t\t\t\t<div class=\"elementor-widget-container\">\n\t\t\t\t\t\t\t\t\t\t\t\t\t\t\t<img fetchpriority=\"high\" decoding=\"async\" width=\"800\" height=\"551\" src=\"https:\/\/www.hotelchamplain.com\/wp-content\/uploads\/2025\/01\/hotel-champlain-espace-bien-etre2-1024x705.jpg\" class=\"attachment-large size-large wp-image-13182\" alt=\"hotel-champlain-espace-bien-etre\" srcset=\"https:\/\/www.hotelchamplain.com\/wp-content\/uploads\/2025\/01\/hotel-champlain-espace-bien-etre2-1024x705.jpg 1024w, https:\/\/www.hotelchamplain.com\/wp-content\/uploads\/2025\/01\/hotel-champlain-espace-bien-etre2-300x207.jpg 300w, https:\/\/www.hotelchamplain.com\/wp-content\/uploads\/2025\/01\/hotel-champlain-espace-bien-etre2-768x529.jpg 768w, https:\/\/www.hotelchamplain.com\/wp-content\/uploads\/2025\/01\/hotel-champlain-espace-bien-etre2-1536x1057.jpg 1536w, https:\/\/www.hotelchamplain.com\/wp-content\/uploads\/2025\/01\/hotel-champlain-espace-bien-etre2.jpg 1800w\" sizes=\"(max-width: 800px) 100vw, 800px\" \/>\t\t\t\t\t\t\t\t\t\t\t\t\t\t\t<\/div>\n\t\t\t\t<\/div>\n\t\t\t\t<div class=\"elementor-element elementor-element-95f10c4 elementor-widget elementor-widget-text-editor\" data-id=\"95f10c4\" data-element_type=\"widget\" data-e-type=\"widget\" data-widget_type=\"text-editor.default\">\n\t\t\t\t<div class=\"elementor-widget-container\">\n\t\t\t\t\t\t\t\t\t<p><span style=\"white-space-collapse: preserve;\">El laboratorio Phytomer est\u00e1 situado cerca de Saint Malo, en Breta\u00f1a, en la hermosa bah\u00eda del Mont Saint-Michel. La marca cultiva sus propias algas y plantas biol\u00f3gicas e inventa soluciones de belleza responsables que respetan tanto la piel como la naturaleza.<\/span><\/p>\t\t\t\t\t\t\t\t<\/div>\n\t\t\t\t<\/div>\n\t\t\t\t\t<\/div>\n\t\t<\/div>\n\t\t\t\t\t<\/div>\n\t\t<\/section>\n\t\t\t\t\t<\/div>\n\t\t<\/div>\n\t\t\t\t\t<\/div>\n\t\t<\/section>\n\t\t\t\t<section data-dce-background-overlay-image-url=\"https:\/\/www.hotelchamplain.com\/wp-content\/uploads\/2024\/07\/Hotel-Champlain-2.svg\" class=\"elementor-section elementor-top-section elementor-element elementor-element-5bd6c8c elementor-section-full_width elementor-section-height-default elementor-section-height-default\" data-id=\"5bd6c8c\" data-element_type=\"section\" data-e-type=\"section\">\n\t\t\t\t\t\t\t<div class=\" elementor-background-overlay lazyelementorbackgroundimages \"><\/div>\n\t\t\t\t\t\t\t<div class=\"elementor-container elementor-column-gap-default\">\n\t\t\t\t\t<div class=\"elementor-column elementor-col-50 elementor-top-column elementor-element elementor-element-1b84d28\" data-id=\"1b84d28\" data-element_type=\"column\" data-e-type=\"column\">\n\t\t\t<div class=\"elementor-widget-wrap elementor-element-populated\">\n\t\t\t\t\t\t<div class=\"elementor-element elementor-element-dd0b523 elementor-widget elementor-widget-heading\" data-id=\"dd0b523\" data-element_type=\"widget\" data-e-type=\"widget\" data-widget_type=\"heading.default\">\n\t\t\t\t<div class=\"elementor-widget-container\">\n\t\t\t\t\t<h2 class=\"elementor-heading-title elementor-size-default\">Descubre nuestro nuevo espacio de bienestar.<\/h2>\t\t\t\t<\/div>\n\t\t\t\t<\/div>\n\t\t\t\t<div class=\"elementor-element elementor-element-8807cea elementor-widget elementor-widget-text-editor\" data-id=\"8807cea\" data-element_type=\"widget\" data-e-type=\"widget\" data-widget_type=\"text-editor.default\">\n\t\t\t\t<div class=\"elementor-widget-container\">\n\t\t\t\t\t\t\t\t\t<p><span style=\"white-space-collapse: preserve;\">Encuentre nuestras salas de tratamiento y disfrute de momentos de relajaci\u00f3n en La Rochelle.<\/span><\/p><p>Los tratamientos restauran la frescura y la luminosidad de tu piel mientras te ofrecen un descanso profundamente rejuvenecedor.<\/p><p>Servicios s\u00f3lo con cita previa.<\/p>\t\t\t\t\t\t\t\t<\/div>\n\t\t\t\t<\/div>\n\t\t\t\t<section class=\"elementor-section elementor-inner-section elementor-element elementor-element-21a3f6f elementor-section-boxed elementor-section-height-default elementor-section-height-default\" data-id=\"21a3f6f\" data-element_type=\"section\" data-e-type=\"section\">\n\t\t\t\t\t\t<div class=\"elementor-container elementor-column-gap-default\">\n\t\t\t\t\t<div class=\"elementor-column elementor-col-100 elementor-inner-column elementor-element elementor-element-cc805a4\" data-id=\"cc805a4\" data-element_type=\"column\" data-e-type=\"column\">\n\t\t\t<div class=\"elementor-widget-wrap elementor-element-populated\">\n\t\t\t\t\t\t<div data-dce-background-color=\"#BFA36500\" class=\"elementor-element elementor-element-f713a8b elementor-widget__width-initial champlain-custom-btn-padding elementor-mobile-align-left elementor-widget-mobile__width-initial elementor-widget elementor-widget-button\" data-id=\"f713a8b\" data-element_type=\"widget\" data-e-type=\"widget\" data-widget_type=\"button.default\">\n\t\t\t\t<div class=\"elementor-widget-container\">\n\t\t\t\t\t\t\t\t\t<div class=\"elementor-button-wrapper\">\n\t\t\t\t\t<a class=\"elementor-button elementor-button-link elementor-size-sm\" href=\"https:\/\/www.hotelchamplain.com\/wp-content\/uploads\/cartes\/carte-soins-hotel-champlain.pdf\" target=\"_blank\">\n\t\t\t\t\t\t<span class=\"elementor-button-content-wrapper\">\n\t\t\t\t\t\t\t\t\t<span class=\"elementor-button-text\">MEN\u00da DE TRATAMIENTOS<\/span>\n\t\t\t\t\t<\/span>\n\t\t\t\t\t<\/a>\n\t\t\t\t<\/div>\n\t\t\t\t\t\t\t\t<\/div>\n\t\t\t\t<\/div>\n\t\t\t\t<div data-dce-background-color=\"#BFA36500\" class=\"elementor-element elementor-element-e1934ed elementor-widget__width-initial champlain-custom-btn-padding elementor-mobile-align-center elementor-widget elementor-widget-button\" data-id=\"e1934ed\" data-element_type=\"widget\" data-e-type=\"widget\" data-widget_type=\"button.default\">\n\t\t\t\t<div class=\"elementor-widget-container\">\n\t\t\t\t\t\t\t\t\t<div class=\"elementor-button-wrapper\">\n\t\t\t\t\t<a class=\"elementor-button elementor-button-link elementor-size-sm\" href=\"https:\/\/www.planity.com\/spa-hotel-le-champlain-17000-la-rochelle\" target=\"_blank\">\n\t\t\t\t\t\t<span class=\"elementor-button-content-wrapper\">\n\t\t\t\t\t\t\t\t\t<span class=\"elementor-button-text\">reservar<\/span>\n\t\t\t\t\t<\/span>\n\t\t\t\t\t<\/a>\n\t\t\t\t<\/div>\n\t\t\t\t\t\t\t\t<\/div>\n\t\t\t\t<\/div>\n\t\t\t\t\t<\/div>\n\t\t<\/div>\n\t\t\t\t\t<\/div>\n\t\t<\/section>\n\t\t\t\t<div class=\"elementor-element elementor-element-88d732a elementor-widget elementor-widget-image\" data-id=\"88d732a\" data-element_type=\"widget\" data-e-type=\"widget\" data-widget_type=\"image.default\">\n\t\t\t\t<div class=\"elementor-widget-container\">\n\t\t\t\t\t\t\t\t\t\t\t\t\t\t\t<img decoding=\"async\" width=\"800\" height=\"583\" src=\"https:\/\/www.hotelchamplain.com\/wp-content\/uploads\/2025\/01\/hotel-champlain-espace-bien-etre-3-1024x746.jpg\" class=\"attachment-large size-large wp-image-13185\" alt=\"hotel-champlain-espace-bien-etre-3\" srcset=\"https:\/\/www.hotelchamplain.com\/wp-content\/uploads\/2025\/01\/hotel-champlain-espace-bien-etre-3-1024x746.jpg 1024w, https:\/\/www.hotelchamplain.com\/wp-content\/uploads\/2025\/01\/hotel-champlain-espace-bien-etre-3-300x219.jpg 300w, https:\/\/www.hotelchamplain.com\/wp-content\/uploads\/2025\/01\/hotel-champlain-espace-bien-etre-3-768x560.jpg 768w, https:\/\/www.hotelchamplain.com\/wp-content\/uploads\/2025\/01\/hotel-champlain-espace-bien-etre-3-1536x1120.jpg 1536w, https:\/\/www.hotelchamplain.com\/wp-content\/uploads\/2025\/01\/hotel-champlain-espace-bien-etre-3.jpg 1900w\" sizes=\"(max-width: 800px) 100vw, 800px\" \/>\t\t\t\t\t\t\t\t\t\t\t\t\t\t\t<\/div>\n\t\t\t\t<\/div>\n\t\t\t\t\t<\/div>\n\t\t<\/div>\n\t\t\t\t<div data-dce-background-image-url=\"https:\/\/www.hotelchamplain.com\/wp-content\/uploads\/2025\/01\/hotel-champlain-espace-bien-etre-4.jpg\" class=\"elementor-column elementor-col-50 elementor-top-column elementor-element elementor-element-49ec7fc elementor-hidden-tablet elementor-hidden-mobile\" data-id=\"49ec7fc\" data-element_type=\"column\" data-e-type=\"column\" data-settings=\"{&quot;background_background&quot;:&quot;classic&quot;}\">\n\t\t\t<div class=\"elementor-widget-wrap elementor-element-populated\">\n\t\t\t\t\t\t<div class=\"elementor-element elementor-element-b6c6363 elementor-absolute elementor-widget elementor-widget-image\" data-id=\"b6c6363\" data-element_type=\"widget\" data-e-type=\"widget\" data-settings=\"{&quot;_position&quot;:&quot;absolute&quot;}\" data-widget_type=\"image.default\">\n\t\t\t\t<div class=\"elementor-widget-container\">\n\t\t\t\t\t\t\t\t\t\t\t\t\t\t\t<img decoding=\"async\" width=\"1\" height=\"1\" src=\"https:\/\/www.hotelchamplain.com\/wp-content\/uploads\/2024\/07\/Hotel-Champlain-La-Rochelle-Centre-ville-2-2.svg\" class=\"attachment-large size-large wp-image-12828\" alt=\"\" \/>\t\t\t\t\t\t\t\t\t\t\t\t\t\t\t<\/div>\n\t\t\t\t<\/div>\n\t\t\t\t<div class=\"elementor-element elementor-element-16a8b6b elementor-widget elementor-widget-spacer\" data-id=\"16a8b6b\" data-element_type=\"widget\" data-e-type=\"widget\" data-widget_type=\"spacer.default\">\n\t\t\t\t<div class=\"elementor-widget-container\">\n\t\t\t\t\t\t\t<div class=\"elementor-spacer\">\n\t\t\t<div class=\"elementor-spacer-inner\"><\/div>\n\t\t<\/div>\n\t\t\t\t\t\t<\/div>\n\t\t\t\t<\/div>\n\t\t\t\t\t<\/div>\n\t\t<\/div>\n\t\t\t\t\t<\/div>\n\t\t<\/section>\n\t\t\t\t<\/div>\n\t\t","protected":false},"excerpt":{"rendered":"<p>Eche un vistazo a nuestras salas de tratamientos y rel\u00e1jese en La Rochelle. Nuestros tratamientos aportan a su piel la frescura y luminosidad que se merece\u2026<\/p>\n","protected":false},"author":3,"featured_media":13791,"parent":7856,"menu_order":0,"comment_status":"closed","ping_status":"closed","template":"","meta":{"_acf_changed":false,"footnotes":""},"tags":[164],"class_list":["post-12875","page","type-page","status-publish","has-post-thumbnail","hentry","tag-service-es"],"acf":[],"_links":{"self":[{"href":"https:\/\/www.hotelchamplain.com\/es\/wp-json\/wp\/v2\/pages\/12875","targetHints":{"allow":["GET"]}}],"collection":[{"href":"https:\/\/www.hotelchamplain.com\/es\/wp-json\/wp\/v2\/pages"}],"about":[{"href":"https:\/\/www.hotelchamplain.com\/es\/wp-json\/wp\/v2\/types\/page"}],"author":[{"embeddable":true,"href":"https:\/\/www.hotelchamplain.com\/es\/wp-json\/wp\/v2\/users\/3"}],"replies":[{"embeddable":true,"href":"https:\/\/www.hotelchamplain.com\/es\/wp-json\/wp\/v2\/comments?post=12875"}],"version-history":[{"count":88,"href":"https:\/\/www.hotelchamplain.com\/es\/wp-json\/wp\/v2\/pages\/12875\/revisions"}],"predecessor-version":[{"id":18956,"href":"https:\/\/www.hotelchamplain.com\/es\/wp-json\/wp\/v2\/pages\/12875\/revisions\/18956"}],"up":[{"embeddable":true,"href":"https:\/\/www.hotelchamplain.com\/es\/wp-json\/wp\/v2\/pages\/7856"}],"wp:featuredmedia":[{"embeddable":true,"href":"https:\/\/www.hotelchamplain.com\/es\/wp-json\/wp\/v2\/media\/13791"}],"wp:attachment":[{"href":"https:\/\/www.hotelchamplain.com\/es\/wp-json\/wp\/v2\/media?parent=12875"}],"wp:term":[{"taxonomy":"post_tag","embeddable":true,"href":"https:\/\/www.hotelchamplain.com\/es\/wp-json\/wp\/v2\/tags?post=12875"}],"curies":[{"name":"wp","href":"https:\/\/api.w.org\/{rel}","templated":true}]}}