{"id":16505,"date":"2025-04-28T14:05:53","date_gmt":"2025-04-28T14:05:53","guid":{"rendered":"https:\/\/www2.hotelchamplain.com\/servicios\/petit-dejeuner-gourmand-la-rochelle\/"},"modified":"2026-02-18T10:09:16","modified_gmt":"2026-02-18T09:09:16","slug":"desayuno","status":"publish","type":"page","link":"https:\/\/www.hotelchamplain.com\/es\/servicios\/desayuno\/","title":{"rendered":"Desayuno"},"content":{"rendered":"\t\t<div data-elementor-type=\"wp-page\" data-elementor-id=\"16505\" class=\"elementor elementor-16505 elementor-16100\" data-elementor-post-type=\"page\">\n\t\t\t\t\t\t<section data-dce-background-overlay-color=\"#000000\" data-dce-background-image-url=\"https:\/\/www.hotelchamplain.com\/wp-content\/uploads\/2023\/08\/hotel-le-champlain-la-rochelle-petit-dejeuner-7531.webp\" class=\"elementor-section elementor-top-section elementor-element elementor-element-05137e2 elementor-section-full_width elementor-section-height-min-height elementor-section-height-default elementor-section-items-middle\" data-id=\"05137e2\" data-element_type=\"section\" data-e-type=\"section\" data-settings=\"{&quot;background_background&quot;:&quot;classic&quot;}\">\n\t\t\t\t\t\t\t<div class=\" elementor-background-overlay lazyelementorbackgroundimages \"><\/div>\n\t\t\t\t\t\t\t<div class=\"elementor-container elementor-column-gap-default\">\n\t\t\t\t\t<div class=\"elementor-column elementor-col-100 elementor-top-column elementor-element elementor-element-34bc13d\" data-id=\"34bc13d\" data-element_type=\"column\" data-e-type=\"column\">\n\t\t\t<div class=\"elementor-widget-wrap elementor-element-populated\">\n\t\t\t\t\t\t<div data-dce-title-color=\"#FFFFFF\" class=\"elementor-element elementor-element-e49caba elementor-widget elementor-widget-heading\" data-id=\"e49caba\" data-element_type=\"widget\" data-e-type=\"widget\" data-widget_type=\"heading.default\">\n\t\t\t\t<div class=\"elementor-widget-container\">\n\t\t\t\t\t<span class=\"elementor-heading-title elementor-size-default\">Desayuno<\/span>\t\t\t\t<\/div>\n\t\t\t\t<\/div>\n\t\t\t\t\t<\/div>\n\t\t<\/div>\n\t\t\t\t\t<\/div>\n\t\t<\/section>\n\t\t\t\t<section class=\"elementor-section elementor-top-section elementor-element elementor-element-c2b53db elementor-section-boxed elementor-section-height-default elementor-section-height-default\" data-id=\"c2b53db\" data-element_type=\"section\" data-e-type=\"section\">\n\t\t\t\t\t\t<div class=\"elementor-container elementor-column-gap-default\">\n\t\t\t\t\t<div class=\"elementor-column elementor-col-100 elementor-top-column elementor-element elementor-element-cd2de3e\" data-id=\"cd2de3e\" data-element_type=\"column\" data-e-type=\"column\">\n\t\t\t<div class=\"elementor-widget-wrap elementor-element-populated\">\n\t\t\t\t\t\t<div class=\"elementor-element elementor-element-c0cd959 elementor-widget-divider--view-line elementor-widget elementor-widget-divider\" data-id=\"c0cd959\" data-element_type=\"widget\" data-e-type=\"widget\" data-widget_type=\"divider.default\">\n\t\t\t\t<div class=\"elementor-widget-container\">\n\t\t\t\t\t\t\t<div class=\"elementor-divider\">\n\t\t\t<span class=\"elementor-divider-separator\">\n\t\t\t\t\t\t<\/span>\n\t\t<\/div>\n\t\t\t\t\t\t<\/div>\n\t\t\t\t<\/div>\n\t\t\t\t<div class=\"elementor-element elementor-element-933e7b3 elementor-widget elementor-widget-heading\" data-id=\"933e7b3\" data-element_type=\"widget\" data-e-type=\"widget\" data-widget_type=\"heading.default\">\n\t\t\t\t<div class=\"elementor-widget-container\">\n\t\t\t\t\t<h1 class=\"elementor-heading-title elementor-size-default\">Ll\u00e9nese de energ\u00eda antes <br>de salir a explorar la ciudad.<\/h1>\t\t\t\t<\/div>\n\t\t\t\t<\/div>\n\t\t\t\t\t<\/div>\n\t\t<\/div>\n\t\t\t\t\t<\/div>\n\t\t<\/section>\n\t\t\t\t<section data-dce-background-image-url=\"https:\/\/www.hotelchamplain.com\/wp-content\/uploads\/2022\/01\/Hotel-Champlain-La-Rochelle-Centre-ville-2.png\" class=\"elementor-section elementor-top-section elementor-element elementor-element-96829c6 elementor-reverse-mobile elementor-section-boxed elementor-section-height-default elementor-section-height-default\" data-id=\"96829c6\" data-element_type=\"section\" data-e-type=\"section\" data-settings=\"{&quot;background_background&quot;:&quot;classic&quot;}\">\n\t\t\t\t\t\t<div class=\"elementor-container elementor-column-gap-default\">\n\t\t\t\t\t<div class=\"elementor-column elementor-col-50 elementor-top-column elementor-element elementor-element-f5ef19d\" data-id=\"f5ef19d\" data-element_type=\"column\" data-e-type=\"column\">\n\t\t\t<div class=\"elementor-widget-wrap elementor-element-populated\">\n\t\t\t\t\t\t<div class=\"elementor-element elementor-element-4643624 elementor-widget elementor-widget-image\" data-id=\"4643624\" data-element_type=\"widget\" data-e-type=\"widget\" data-widget_type=\"image.default\">\n\t\t\t\t<div class=\"elementor-widget-container\">\n\t\t\t\t\t\t\t\t\t\t\t\t\t\t\t<img fetchpriority=\"high\" decoding=\"async\" width=\"800\" height=\"534\" src=\"https:\/\/www.hotelchamplain.com\/wp-content\/uploads\/2025\/04\/Petit-dejeuner-hotel-champlin-la-rochelle-1024x683.webp\" class=\"attachment-large size-large wp-image-16341\" alt=\"H\u00f4tel Champlain 3* - La Rochelle Centre Ville | Petit d\u00e9jeuner\" srcset=\"https:\/\/www.hotelchamplain.com\/wp-content\/uploads\/2025\/04\/Petit-dejeuner-hotel-champlin-la-rochelle-1024x683.webp 1024w, https:\/\/www.hotelchamplain.com\/wp-content\/uploads\/2025\/04\/Petit-dejeuner-hotel-champlin-la-rochelle-300x200.webp 300w, https:\/\/www.hotelchamplain.com\/wp-content\/uploads\/2025\/04\/Petit-dejeuner-hotel-champlin-la-rochelle-768x512.webp 768w, https:\/\/www.hotelchamplain.com\/wp-content\/uploads\/2025\/04\/Petit-dejeuner-hotel-champlin-la-rochelle.webp 1289w\" sizes=\"(max-width: 800px) 100vw, 800px\" \/>\t\t\t\t\t\t\t\t\t\t\t\t\t\t\t<\/div>\n\t\t\t\t<\/div>\n\t\t\t\t<div class=\"elementor-element elementor-element-90bbf44 elementor-widget elementor-widget-text-editor\" data-id=\"90bbf44\" data-element_type=\"widget\" data-e-type=\"widget\" data-widget_type=\"text-editor.default\">\n\t\t\t\t<div class=\"elementor-widget-container\">\n\t\t\t\t\t\t\t\t\t<h2><span style=\"color: #ac9779;\">Nuestra f\u00f3rmula de buffet incluye:<\/span><\/h2><p>Recarga las pilas antes de salir a conocer la ciudad Ofrecemos una opci\u00f3n tipo buf\u00e9 con una amplia variedad de productos de calidad, bebidas calientes y fr\u00edas, platos dulces y salados. Tambi\u00e9n puedes tomar un desayuno expr\u00e9s en la habitaci\u00f3n, con total tranquilidad.<\/p><div><ul><li>Productos frescos y variados<\/li><li>Selecci\u00f3n de bebidas calientes (t\u00e9, caf\u00e9, expreso, chocolate\u2026)<\/li><li>Selecci\u00f3n de zumos de frutas<\/li><li>Pan de baguette<\/li><li>Boller\u00eda<\/li><li>Brioche<\/li><li>Tortitas y crepes<\/li><li>dulces<\/li><li>Cereales<\/li><li>Yogures de frutas \u2013 yogures naturales<\/li><li>Compotas<\/li><li>Mermeladas y pat\u00e9s para untar<\/li><li>Fruta fresca<\/li><li>Huevos revueltos<\/li><li>Quesos<\/li><li>Charcuter\u00eda<\/li><\/ul><p>El precio del desayuno <strong>extra es de 18 \u20ac por persona o 8 \u20ac para el desayuno expr\u00e9s<\/strong><\/p><\/div><div>\u00a0<\/div>\t\t\t\t\t\t\t\t<\/div>\n\t\t\t\t<\/div>\n\t\t\t\t\t<\/div>\n\t\t<\/div>\n\t\t\t\t<div class=\"elementor-column elementor-col-50 elementor-top-column elementor-element elementor-element-9ff4730\" data-id=\"9ff4730\" data-element_type=\"column\" data-e-type=\"column\">\n\t\t\t<div class=\"elementor-widget-wrap elementor-element-populated\">\n\t\t\t\t\t\t<div class=\"elementor-element elementor-element-e182df1 elementor-widget elementor-widget-text-editor\" data-id=\"e182df1\" data-element_type=\"widget\" data-e-type=\"widget\" data-widget_type=\"text-editor.default\">\n\t\t\t\t<div class=\"elementor-widget-container\">\n\t\t\t\t\t\t\t\t\t<p>Le ofrecemos un desayuno buf\u00e9 con una amplia variedad de productos de calidad, bebidas fr\u00edas y calientes, platos dulces y salados.<br \/>Tambi\u00e9n puede disfrutar del desayuno en su habitaci\u00f3n, \u00a1con toda tranquilidad! Nuestro desayuno se sirve de 7.00 a 10.30 h, en nuestra sala de desayunos, o en su habitaci\u00f3n, a petici\u00f3n suya.<\/p>\t\t\t\t\t\t\t\t<\/div>\n\t\t\t\t<\/div>\n\t\t\t\t<div class=\"elementor-element elementor-element-0e629d1 elementor-widget elementor-widget-image\" data-id=\"0e629d1\" data-element_type=\"widget\" data-e-type=\"widget\" data-widget_type=\"image.default\">\n\t\t\t\t<div class=\"elementor-widget-container\">\n\t\t\t\t\t\t\t\t\t\t\t\t\t\t\t<img decoding=\"async\" width=\"800\" height=\"978\" src=\"https:\/\/www.hotelchamplain.com\/wp-content\/uploads\/2025\/04\/brunch-hotel-champlain-la-rochelle-838x1024.webp\" class=\"attachment-large size-large wp-image-16331\" alt=\"H\u00f4tel Champlain - La Rochelle Centre ville | Brunch\" srcset=\"https:\/\/www.hotelchamplain.com\/wp-content\/uploads\/2025\/04\/brunch-hotel-champlain-la-rochelle-838x1024.webp 838w, https:\/\/www.hotelchamplain.com\/wp-content\/uploads\/2025\/04\/brunch-hotel-champlain-la-rochelle-246x300.webp 246w, https:\/\/www.hotelchamplain.com\/wp-content\/uploads\/2025\/04\/brunch-hotel-champlain-la-rochelle-768x938.webp 768w, https:\/\/www.hotelchamplain.com\/wp-content\/uploads\/2025\/04\/brunch-hotel-champlain-la-rochelle.webp 1024w\" sizes=\"(max-width: 800px) 100vw, 800px\" \/>\t\t\t\t\t\t\t\t\t\t\t\t\t\t\t<\/div>\n\t\t\t\t<\/div>\n\t\t\t\t\t<\/div>\n\t\t<\/div>\n\t\t\t\t\t<\/div>\n\t\t<\/section>\n\t\t\t\t<section data-dce-background-image-url=\"https:\/\/www.hotelchamplain.com\/wp-content\/uploads\/2022\/01\/Hotel-Champlain-La-Rochelle-Centre-ville-2.png\" class=\"elementor-section elementor-top-section elementor-element elementor-element-b442ad2 elementor-reverse-mobile elementor-section-boxed elementor-section-height-default elementor-section-height-default\" data-id=\"b442ad2\" data-element_type=\"section\" data-e-type=\"section\" data-settings=\"{&quot;background_background&quot;:&quot;classic&quot;}\">\n\t\t\t\t\t\t<div class=\"elementor-container elementor-column-gap-default\">\n\t\t\t\t\t<div class=\"elementor-column elementor-col-100 elementor-top-column elementor-element elementor-element-08579cb\" data-id=\"08579cb\" data-element_type=\"column\" data-e-type=\"column\">\n\t\t\t<div class=\"elementor-widget-wrap elementor-element-populated\">\n\t\t\t\t\t\t<div class=\"elementor-element elementor-element-1239b86 gallery-spacing-custom elementor-widget elementor-widget-image-gallery\" data-id=\"1239b86\" data-element_type=\"widget\" data-e-type=\"widget\" data-widget_type=\"image-gallery.default\">\n\t\t\t\t<div class=\"elementor-widget-container\">\n\t\t\t\t\t\t\t<div class=\"elementor-image-gallery\">\n\t\t\t<div id='gallery-1' class='gallery galleryid-16505 gallery-columns-3 gallery-size-full'><figure class='gallery-item'>\n\t\t\t<div class='gallery-icon landscape'>\n\t\t\t\t<a data-elementor-open-lightbox=\"yes\" data-elementor-lightbox-slideshow=\"1239b86\" data-elementor-lightbox-title=\"Desayuno gourmet \u2013 H\u00f4tel Le Champlain La Rochelle\" data-elementor-lightbox-description=\"Cada ma\u00f1ana, el H\u00f4tel Le Champlain en La Rochelle ofrece un desayuno gourmet con productos frescos y locales: croissants crujientes, mermeladas artesanales, frutas de temporada y bebidas calientes para comenzar el d\u00eda con energ\u00eda en un ambiente acogedor.\" data-e-action-hash=\"#elementor-action%3Aaction%3Dlightbox%26settings%3DeyJpZCI6MTA4OTIsInVybCI6Imh0dHBzOlwvXC93d3cuaG90ZWxjaGFtcGxhaW4uY29tXC93cC1jb250ZW50XC91cGxvYWRzXC8yMDIxXC8xMVwvaG90ZWwtbGUtY2hhbXBsYWluLWxhLXJvY2hlbGxlLXBldGl0LWRlamV1bmVyLTc1MzEud2VicCIsInNsaWRlc2hvdyI6IjEyMzliODYifQ%3D%3D\" href='https:\/\/www.hotelchamplain.com\/wp-content\/uploads\/2021\/11\/hotel-le-champlain-la-rochelle-petit-dejeuner-7531.webp'><img decoding=\"async\" width=\"1800\" height=\"1200\" src=\"https:\/\/www.hotelchamplain.com\/wp-content\/uploads\/2021\/11\/hotel-le-champlain-la-rochelle-petit-dejeuner-7531.webp\" class=\"attachment-full size-full\" alt=\"Buf\u00e9 de desayuno del H\u00f4tel Le Champlain en La Rochelle con boller\u00eda, mermeladas artesanales y pan fresco\" aria-describedby=\"gallery-1-10892\" srcset=\"https:\/\/www.hotelchamplain.com\/wp-content\/uploads\/2021\/11\/hotel-le-champlain-la-rochelle-petit-dejeuner-7531.webp 1800w, https:\/\/www.hotelchamplain.com\/wp-content\/uploads\/2021\/11\/hotel-le-champlain-la-rochelle-petit-dejeuner-7531-300x200.webp 300w, https:\/\/www.hotelchamplain.com\/wp-content\/uploads\/2021\/11\/hotel-le-champlain-la-rochelle-petit-dejeuner-7531-1024x683.webp 1024w, https:\/\/www.hotelchamplain.com\/wp-content\/uploads\/2021\/11\/hotel-le-champlain-la-rochelle-petit-dejeuner-7531-768x512.webp 768w, https:\/\/www.hotelchamplain.com\/wp-content\/uploads\/2021\/11\/hotel-le-champlain-la-rochelle-petit-dejeuner-7531-1536x1024.webp 1536w\" sizes=\"(max-width: 1800px) 100vw, 1800px\" \/><\/a>\n\t\t\t<\/div>\n\t\t\t\t<figcaption class='wp-caption-text gallery-caption' id='gallery-1-10892'>\n\t\t\t\tBuf\u00e9 de desayuno del H\u00f4tel Le Champlain en La Rochelle, que combina productos frescos y delicias locales.\n\t\t\t\t<\/figcaption><\/figure><figure class='gallery-item'>\n\t\t\t<div class='gallery-icon landscape'>\n\t\t\t\t<a data-elementor-open-lightbox=\"yes\" data-elementor-lightbox-slideshow=\"1239b86\" data-elementor-lightbox-title=\"hotel-le-champlain-la-rochelle-restauration-petit-dejeuner-7524\" data-elementor-lightbox-description=\"Cada ma\u00f1ana, el H\u00f4tel Le Champlain en La Rochelle ofrece un desayuno gourmet con productos frescos y locales: croissants crujientes, mermeladas artesanales, frutas de temporada y bebidas calientes para comenzar el d\u00eda con energ\u00eda en un ambiente acogedor.\" data-e-action-hash=\"#elementor-action%3Aaction%3Dlightbox%26settings%3DeyJpZCI6MTA4OTUsInVybCI6Imh0dHBzOlwvXC93d3cuaG90ZWxjaGFtcGxhaW4uY29tXC93cC1jb250ZW50XC91cGxvYWRzXC8yMDIzXC8wOFwvaG90ZWwtbGUtY2hhbXBsYWluLWxhLXJvY2hlbGxlLXJlc3RhdXJhdGlvbi1wZXRpdC1kZWpldW5lci03NTI0LndlYnAiLCJzbGlkZXNob3ciOiIxMjM5Yjg2In0%3D\" href='https:\/\/www.hotelchamplain.com\/wp-content\/uploads\/2023\/08\/hotel-le-champlain-la-rochelle-restauration-petit-dejeuner-7524.webp'><img loading=\"lazy\" decoding=\"async\" width=\"1800\" height=\"1200\" src=\"https:\/\/www.hotelchamplain.com\/wp-content\/uploads\/2023\/08\/hotel-le-champlain-la-rochelle-restauration-petit-dejeuner-7524.webp\" class=\"attachment-full size-full\" alt=\"H\u00f4tel Champlain - La Rochelle Centre ville | Petit d\u00e9jeuner\" srcset=\"https:\/\/www.hotelchamplain.com\/wp-content\/uploads\/2023\/08\/hotel-le-champlain-la-rochelle-restauration-petit-dejeuner-7524.webp 1800w, https:\/\/www.hotelchamplain.com\/wp-content\/uploads\/2023\/08\/hotel-le-champlain-la-rochelle-restauration-petit-dejeuner-7524-300x200.webp 300w, https:\/\/www.hotelchamplain.com\/wp-content\/uploads\/2023\/08\/hotel-le-champlain-la-rochelle-restauration-petit-dejeuner-7524-1024x683.webp 1024w, https:\/\/www.hotelchamplain.com\/wp-content\/uploads\/2023\/08\/hotel-le-champlain-la-rochelle-restauration-petit-dejeuner-7524-768x512.webp 768w, https:\/\/www.hotelchamplain.com\/wp-content\/uploads\/2023\/08\/hotel-le-champlain-la-rochelle-restauration-petit-dejeuner-7524-1536x1024.webp 1536w\" sizes=\"(max-width: 1800px) 100vw, 1800px\" \/><\/a>\n\t\t\t<\/div><\/figure><figure class='gallery-item'>\n\t\t\t<div class='gallery-icon landscape'>\n\t\t\t\t<a data-elementor-open-lightbox=\"yes\" data-elementor-lightbox-slideshow=\"1239b86\" data-elementor-lightbox-title=\"Desayuno gourmet \u2013 H\u00f4tel Le Champlain La Rochelle\" data-elementor-lightbox-description=\"Cada ma\u00f1ana, el H\u00f4tel Le Champlain en La Rochelle ofrece un desayuno gourmet con productos frescos y locales: croissants crujientes, mermeladas artesanales, frutas de temporada y bebidas calientes para comenzar el d\u00eda con energ\u00eda en un ambiente acogedor.\" data-e-action-hash=\"#elementor-action%3Aaction%3Dlightbox%26settings%3DeyJpZCI6MTA5MDQsInVybCI6Imh0dHBzOlwvXC93d3cuaG90ZWxjaGFtcGxhaW4uY29tXC93cC1jb250ZW50XC91cGxvYWRzXC8yMDIzXC8wOFwvaG90ZWwtbGUtY2hhbXBsYWluLWxhLXJvY2hlbGxlLXBldGl0LWRlamV1bmVyLTc1MzEud2VicCIsInNsaWRlc2hvdyI6IjEyMzliODYifQ%3D%3D\" href='https:\/\/www.hotelchamplain.com\/wp-content\/uploads\/2023\/08\/hotel-le-champlain-la-rochelle-petit-dejeuner-7531.webp'><img loading=\"lazy\" decoding=\"async\" width=\"1800\" height=\"1200\" src=\"https:\/\/www.hotelchamplain.com\/wp-content\/uploads\/2023\/08\/hotel-le-champlain-la-rochelle-petit-dejeuner-7531.webp\" class=\"attachment-full size-full\" alt=\"Buf\u00e9 de desayuno del H\u00f4tel Le Champlain en La Rochelle con boller\u00eda, mermeladas artesanales y pan fresco\" aria-describedby=\"gallery-1-10904\" srcset=\"https:\/\/www.hotelchamplain.com\/wp-content\/uploads\/2023\/08\/hotel-le-champlain-la-rochelle-petit-dejeuner-7531.webp 1800w, https:\/\/www.hotelchamplain.com\/wp-content\/uploads\/2023\/08\/hotel-le-champlain-la-rochelle-petit-dejeuner-7531-300x200.webp 300w, https:\/\/www.hotelchamplain.com\/wp-content\/uploads\/2023\/08\/hotel-le-champlain-la-rochelle-petit-dejeuner-7531-1024x683.webp 1024w, https:\/\/www.hotelchamplain.com\/wp-content\/uploads\/2023\/08\/hotel-le-champlain-la-rochelle-petit-dejeuner-7531-768x512.webp 768w, https:\/\/www.hotelchamplain.com\/wp-content\/uploads\/2023\/08\/hotel-le-champlain-la-rochelle-petit-dejeuner-7531-1536x1024.webp 1536w\" sizes=\"(max-width: 1800px) 100vw, 1800px\" \/><\/a>\n\t\t\t<\/div>\n\t\t\t\t<figcaption class='wp-caption-text gallery-caption' id='gallery-1-10904'>\n\t\t\t\tBuf\u00e9 de desayuno del H\u00f4tel Le Champlain en La Rochelle, que combina productos frescos y delicias locales.\n\t\t\t\t<\/figcaption><\/figure><figure class='gallery-item'>\n\t\t\t<div class='gallery-icon landscape'>\n\t\t\t\t<a data-elementor-open-lightbox=\"yes\" data-elementor-lightbox-slideshow=\"1239b86\" data-elementor-lightbox-title=\"hotel-le-champlain-la-rochelle-restauration-petit-dejeuner-7524.webp\" data-elementor-lightbox-description=\"Cada ma\u00f1ana, el H\u00f4tel Le Champlain en La Rochelle ofrece un desayuno gourmet con productos frescos y locales: croissants crujientes, mermeladas artesanales, frutas de temporada y bebidas calientes para comenzar el d\u00eda con energ\u00eda en un ambiente acogedor.\" data-e-action-hash=\"#elementor-action%3Aaction%3Dlightbox%26settings%3DeyJpZCI6MTA5MDcsInVybCI6Imh0dHBzOlwvXC93d3cuaG90ZWxjaGFtcGxhaW4uY29tXC93cC1jb250ZW50XC91cGxvYWRzXC8yMDIzXC8wOFwvaG90ZWwtbGUtY2hhbXBsYWluLWxhLXJvY2hlbGxlLXJlc3RhdXJhdGlvbi1wZXRpdC1kZWpldW5lci03NTI0LTEud2VicCIsInNsaWRlc2hvdyI6IjEyMzliODYifQ%3D%3D\" href='https:\/\/www.hotelchamplain.com\/wp-content\/uploads\/2023\/08\/hotel-le-champlain-la-rochelle-restauration-petit-dejeuner-7524-1.webp'><img loading=\"lazy\" decoding=\"async\" width=\"1800\" height=\"1200\" src=\"https:\/\/www.hotelchamplain.com\/wp-content\/uploads\/2023\/08\/hotel-le-champlain-la-rochelle-restauration-petit-dejeuner-7524-1.webp\" class=\"attachment-full size-full\" alt=\"H\u00f4tel Champlain 3* - La Rochelle Centre Ville | Restauration &amp; petit d\u00e9jeuner\" srcset=\"https:\/\/www.hotelchamplain.com\/wp-content\/uploads\/2023\/08\/hotel-le-champlain-la-rochelle-restauration-petit-dejeuner-7524-1.webp 1800w, https:\/\/www.hotelchamplain.com\/wp-content\/uploads\/2023\/08\/hotel-le-champlain-la-rochelle-restauration-petit-dejeuner-7524-1-300x200.webp 300w, https:\/\/www.hotelchamplain.com\/wp-content\/uploads\/2023\/08\/hotel-le-champlain-la-rochelle-restauration-petit-dejeuner-7524-1-1024x683.webp 1024w, https:\/\/www.hotelchamplain.com\/wp-content\/uploads\/2023\/08\/hotel-le-champlain-la-rochelle-restauration-petit-dejeuner-7524-1-768x512.webp 768w, https:\/\/www.hotelchamplain.com\/wp-content\/uploads\/2023\/08\/hotel-le-champlain-la-rochelle-restauration-petit-dejeuner-7524-1-1536x1024.webp 1536w\" sizes=\"(max-width: 1800px) 100vw, 1800px\" \/><\/a>\n\t\t\t<\/div><\/figure><figure class='gallery-item'>\n\t\t\t<div class='gallery-icon landscape'>\n\t\t\t\t<a data-elementor-open-lightbox=\"yes\" data-elementor-lightbox-slideshow=\"1239b86\" data-elementor-lightbox-title=\"Petit-dejeuner-hotel-champlin-la-rochelle\" data-elementor-lightbox-description=\"Cada ma\u00f1ana, el H\u00f4tel Le Champlain en La Rochelle ofrece un desayuno gourmet con productos frescos y locales: croissants crujientes, mermeladas artesanales, frutas de temporada y bebidas calientes para comenzar el d\u00eda con energ\u00eda en un ambiente acogedor.\" data-e-action-hash=\"#elementor-action%3Aaction%3Dlightbox%26settings%3DeyJpZCI6MTYzNDEsInVybCI6Imh0dHBzOlwvXC93d3cuaG90ZWxjaGFtcGxhaW4uY29tXC93cC1jb250ZW50XC91cGxvYWRzXC8yMDI1XC8wNFwvUGV0aXQtZGVqZXVuZXItaG90ZWwtY2hhbXBsaW4tbGEtcm9jaGVsbGUud2VicCIsInNsaWRlc2hvdyI6IjEyMzliODYifQ%3D%3D\" href='https:\/\/www.hotelchamplain.com\/wp-content\/uploads\/2025\/04\/Petit-dejeuner-hotel-champlin-la-rochelle.webp'><img loading=\"lazy\" decoding=\"async\" width=\"1289\" height=\"860\" src=\"https:\/\/www.hotelchamplain.com\/wp-content\/uploads\/2025\/04\/Petit-dejeuner-hotel-champlin-la-rochelle.webp\" class=\"attachment-full size-full\" alt=\"H\u00f4tel Champlain 3* - La Rochelle Centre Ville | Petit d\u00e9jeuner\" srcset=\"https:\/\/www.hotelchamplain.com\/wp-content\/uploads\/2025\/04\/Petit-dejeuner-hotel-champlin-la-rochelle.webp 1289w, https:\/\/www.hotelchamplain.com\/wp-content\/uploads\/2025\/04\/Petit-dejeuner-hotel-champlin-la-rochelle-300x200.webp 300w, https:\/\/www.hotelchamplain.com\/wp-content\/uploads\/2025\/04\/Petit-dejeuner-hotel-champlin-la-rochelle-1024x683.webp 1024w, https:\/\/www.hotelchamplain.com\/wp-content\/uploads\/2025\/04\/Petit-dejeuner-hotel-champlin-la-rochelle-768x512.webp 768w\" sizes=\"(max-width: 1289px) 100vw, 1289px\" \/><\/a>\n\t\t\t<\/div><\/figure><figure class='gallery-item'>\n\t\t\t<div class='gallery-icon landscape'>\n\t\t\t\t<a data-elementor-open-lightbox=\"yes\" data-elementor-lightbox-slideshow=\"1239b86\" data-elementor-lightbox-title=\"hotel-le-champlain-la-rochelle-cta\" data-elementor-lightbox-description=\"Cada ma\u00f1ana, el H\u00f4tel Le Champlain en La Rochelle ofrece un desayuno gourmet con productos frescos y locales: croissants crujientes, mermeladas artesanales, frutas de temporada y bebidas calientes para comenzar el d\u00eda con energ\u00eda en un ambiente acogedor.\" data-e-action-hash=\"#elementor-action%3Aaction%3Dlightbox%26settings%3DeyJpZCI6MTM5NzIsInVybCI6Imh0dHBzOlwvXC93d3cuaG90ZWxjaGFtcGxhaW4uY29tXC93cC1jb250ZW50XC91cGxvYWRzXC8yMDI1XC8wNFwvaG90ZWwtbGUtY2hhbXBsYWluLWxhLXJvY2hlbGxlLWN0YS53ZWJwIiwic2xpZGVzaG93IjoiMTIzOWI4NiJ9\" href='https:\/\/www.hotelchamplain.com\/wp-content\/uploads\/2025\/04\/hotel-le-champlain-la-rochelle-cta.webp'><img loading=\"lazy\" decoding=\"async\" width=\"1800\" height=\"1200\" src=\"https:\/\/www.hotelchamplain.com\/wp-content\/uploads\/2025\/04\/hotel-le-champlain-la-rochelle-cta.webp\" class=\"attachment-full size-full\" alt=\"H\u00f4tel Le Champlain - La Rochelle Centre ville | Exterieur, Jardin\" srcset=\"https:\/\/www.hotelchamplain.com\/wp-content\/uploads\/2025\/04\/hotel-le-champlain-la-rochelle-cta.webp 1800w, https:\/\/www.hotelchamplain.com\/wp-content\/uploads\/2025\/04\/hotel-le-champlain-la-rochelle-cta-300x200.webp 300w, https:\/\/www.hotelchamplain.com\/wp-content\/uploads\/2025\/04\/hotel-le-champlain-la-rochelle-cta-1024x683.webp 1024w, https:\/\/www.hotelchamplain.com\/wp-content\/uploads\/2025\/04\/hotel-le-champlain-la-rochelle-cta-768x512.webp 768w, https:\/\/www.hotelchamplain.com\/wp-content\/uploads\/2025\/04\/hotel-le-champlain-la-rochelle-cta-1536x1024.webp 1536w\" sizes=\"(max-width: 1800px) 100vw, 1800px\" \/><\/a>\n\t\t\t<\/div><\/figure>\n\t\t<\/div>\n\t\t<\/div>\n\t\t\t\t\t\t<\/div>\n\t\t\t\t<\/div>\n\t\t\t\t\t<\/div>\n\t\t<\/div>\n\t\t\t\t\t<\/div>\n\t\t<\/section>\n\t\t\t\t<\/div>\n\t\t","protected":false},"excerpt":{"rendered":"<p>Recarga las pilas antes de salir a conocer la ciudad, Ofrecemos una opci\u00f3n tipo buf\u00e9 \u2026<\/p>\n","protected":false},"author":9,"featured_media":10904,"parent":7856,"menu_order":0,"comment_status":"closed","ping_status":"closed","template":"","meta":{"_acf_changed":false,"footnotes":""},"tags":[166],"class_list":["post-16505","page","type-page","status-publish","has-post-thumbnail","hentry","tag-restauration-es"],"acf":[],"_links":{"self":[{"href":"https:\/\/www.hotelchamplain.com\/es\/wp-json\/wp\/v2\/pages\/16505","targetHints":{"allow":["GET"]}}],"collection":[{"href":"https:\/\/www.hotelchamplain.com\/es\/wp-json\/wp\/v2\/pages"}],"about":[{"href":"https:\/\/www.hotelchamplain.com\/es\/wp-json\/wp\/v2\/types\/page"}],"author":[{"embeddable":true,"href":"https:\/\/www.hotelchamplain.com\/es\/wp-json\/wp\/v2\/users\/9"}],"replies":[{"embeddable":true,"href":"https:\/\/www.hotelchamplain.com\/es\/wp-json\/wp\/v2\/comments?post=16505"}],"version-history":[{"count":14,"href":"https:\/\/www.hotelchamplain.com\/es\/wp-json\/wp\/v2\/pages\/16505\/revisions"}],"predecessor-version":[{"id":19088,"href":"https:\/\/www.hotelchamplain.com\/es\/wp-json\/wp\/v2\/pages\/16505\/revisions\/19088"}],"up":[{"embeddable":true,"href":"https:\/\/www.hotelchamplain.com\/es\/wp-json\/wp\/v2\/pages\/7856"}],"wp:featuredmedia":[{"embeddable":true,"href":"https:\/\/www.hotelchamplain.com\/es\/wp-json\/wp\/v2\/media\/10904"}],"wp:attachment":[{"href":"https:\/\/www.hotelchamplain.com\/es\/wp-json\/wp\/v2\/media?parent=16505"}],"wp:term":[{"taxonomy":"post_tag","embeddable":true,"href":"https:\/\/www.hotelchamplain.com\/es\/wp-json\/wp\/v2\/tags?post=16505"}],"curies":[{"name":"wp","href":"https:\/\/api.w.org\/{rel}","templated":true}]}}