{"id":8010,"date":"2022-02-01T08:08:44","date_gmt":"2022-02-01T08:08:44","guid":{"rendered":"https:\/\/www2.hotelchamplain.com\/histoire\/"},"modified":"2026-02-17T18:03:37","modified_gmt":"2026-02-17T17:03:37","slug":"historia","status":"publish","type":"page","link":"https:\/\/www.hotelchamplain.com\/es\/historia\/","title":{"rendered":"Historia"},"content":{"rendered":"\t\t<div data-elementor-type=\"wp-page\" data-elementor-id=\"8010\" class=\"elementor elementor-8010 elementor-7149\" data-elementor-post-type=\"page\">\n\t\t\t\t\t\t<section data-dce-background-overlay-color=\"#000000\" data-dce-background-image-url=\"https:\/\/www.hotelchamplain.com\/wp-content\/uploads\/2022\/02\/Hotel-Champlain-Salle-petit-dejeuner.jpg\" class=\"elementor-section elementor-top-section elementor-element elementor-element-2e8e808 elementor-section-height-min-height elementor-section-full_width elementor-section-height-default elementor-section-items-middle\" data-id=\"2e8e808\" data-element_type=\"section\" data-e-type=\"section\" data-settings=\"{&quot;background_background&quot;:&quot;classic&quot;}\">\n\t\t\t\t\t\t\t<div class=\" elementor-background-overlay lazyelementorbackgroundimages \"><\/div>\n\t\t\t\t\t\t\t<div class=\"elementor-container elementor-column-gap-default\">\n\t\t\t\t\t<div class=\"elementor-column elementor-col-100 elementor-top-column elementor-element elementor-element-251603b\" data-id=\"251603b\" data-element_type=\"column\" data-e-type=\"column\">\n\t\t\t<div class=\"elementor-widget-wrap elementor-element-populated\">\n\t\t\t\t\t\t<div data-dce-title-color=\"#FFFFFF\" class=\"elementor-element elementor-element-c309d99 elementor-widget elementor-widget-heading\" data-id=\"c309d99\" data-element_type=\"widget\" data-e-type=\"widget\" data-widget_type=\"heading.default\">\n\t\t\t\t<div class=\"elementor-widget-container\">\n\t\t\t\t\t<span class=\"elementor-heading-title elementor-size-default\">Historia<\/span>\t\t\t\t<\/div>\n\t\t\t\t<\/div>\n\t\t\t\t\t<\/div>\n\t\t<\/div>\n\t\t\t\t\t<\/div>\n\t\t<\/section>\n\t\t\t\t<section data-dce-background-color=\"#21201D\" data-dce-background-overlay-image-url=\"https:\/\/www.hotelchamplain.com\/wp-content\/uploads\/2025\/04\/illustrations.png\" class=\"elementor-section elementor-top-section elementor-element elementor-element-874d691 elementor-section-full_width elementor-section-height-default elementor-section-height-default\" data-id=\"874d691\" data-element_type=\"section\" data-e-type=\"section\" data-settings=\"{&quot;background_background&quot;:&quot;classic&quot;}\">\n\t\t\t\t\t\t\t<div class=\" elementor-background-overlay lazyelementorbackgroundimages \"><\/div>\n\t\t\t\t\t\t\t<div class=\"elementor-container elementor-column-gap-default\">\n\t\t\t\t\t<div class=\"elementor-column elementor-col-100 elementor-top-column elementor-element elementor-element-6bec131\" data-id=\"6bec131\" data-element_type=\"column\" data-e-type=\"column\">\n\t\t\t<div class=\"elementor-widget-wrap elementor-element-populated\">\n\t\t\t\t\t\t<div class=\"elementor-element elementor-element-ff1e8c2 elementor-widget elementor-widget-heading\" data-id=\"ff1e8c2\" data-element_type=\"widget\" data-e-type=\"widget\" data-widget_type=\"heading.default\">\n\t\t\t\t<div class=\"elementor-widget-container\">\n\t\t\t\t\t<h1 class=\"elementor-heading-title elementor-size-default\">Del convento de las Hospitalarias<br> al hotel Le Champlain<\/h1>\t\t\t\t<\/div>\n\t\t\t\t<\/div>\n\t\t\t\t\t<\/div>\n\t\t<\/div>\n\t\t\t\t\t<\/div>\n\t\t<\/section>\n\t\t\t\t<section data-dce-background-color=\"#F5F5F5\" class=\"elementor-section elementor-top-section elementor-element elementor-element-b77aa42 elementor-section-boxed elementor-section-height-default elementor-section-height-default\" data-id=\"b77aa42\" data-element_type=\"section\" data-e-type=\"section\" data-settings=\"{&quot;background_background&quot;:&quot;classic&quot;}\">\n\t\t\t\t\t\t<div class=\"elementor-container elementor-column-gap-default\">\n\t\t\t\t\t<div class=\"elementor-column elementor-col-100 elementor-top-column elementor-element elementor-element-ee0eec0\" data-id=\"ee0eec0\" data-element_type=\"column\" data-e-type=\"column\">\n\t\t\t<div class=\"elementor-widget-wrap elementor-element-populated\">\n\t\t\t\t\t\t<div class=\"elementor-element elementor-element-aaa8d5e elementor-arrows-position-inside elementor-widget elementor-widget-image-carousel\" data-id=\"aaa8d5e\" data-element_type=\"widget\" data-e-type=\"widget\" data-settings=\"{&quot;slides_to_show&quot;:&quot;1&quot;,&quot;navigation&quot;:&quot;arrows&quot;,&quot;autoplay&quot;:&quot;yes&quot;,&quot;pause_on_hover&quot;:&quot;yes&quot;,&quot;pause_on_interaction&quot;:&quot;yes&quot;,&quot;autoplay_speed&quot;:5000,&quot;infinite&quot;:&quot;yes&quot;,&quot;effect&quot;:&quot;slide&quot;,&quot;speed&quot;:500}\" data-widget_type=\"image-carousel.default\">\n\t\t\t\t<div class=\"elementor-widget-container\">\n\t\t\t\t\t\t\t<div class=\"elementor-image-carousel-wrapper swiper\" role=\"region\" aria-roledescription=\"carousel\" aria-label=\"Carrousel d\u2019images\" dir=\"ltr\">\n\t\t\t<div class=\"elementor-image-carousel swiper-wrapper swiper-image-stretch\" aria-live=\"off\">\n\t\t\t\t\t\t\t\t<div class=\"swiper-slide\" role=\"group\" aria-roledescription=\"slide\" aria-label=\"1 de 4\"><figure class=\"swiper-slide-inner\"><img decoding=\"async\" class=\"swiper-slide-image\" src=\"https:\/\/www.hotelchamplain.com\/wp-content\/uploads\/2025\/04\/Hotel-Champlain-Bar-Salon.jpg\" alt=\"Hotel-Champlain-Bar-Salon.jpg\" \/><\/figure><\/div><div class=\"swiper-slide\" role=\"group\" aria-roledescription=\"slide\" aria-label=\"2 de 4\"><figure class=\"swiper-slide-inner\"><img decoding=\"async\" class=\"swiper-slide-image\" src=\"https:\/\/www.hotelchamplain.com\/wp-content\/uploads\/2025\/04\/Hotel-Champlain-Salle-petit-dejeuner.jpg\" alt=\"Hotel-Champlain-Salle-petit-dejeuner.jpg\" \/><\/figure><\/div><div class=\"swiper-slide\" role=\"group\" aria-roledescription=\"slide\" aria-label=\"3 de 4\"><figure class=\"swiper-slide-inner\"><img decoding=\"async\" class=\"swiper-slide-image\" src=\"https:\/\/www.hotelchamplain.com\/wp-content\/uploads\/2025\/04\/Hotel-Champlain-Reception.jpg\" alt=\"Hotel-Champlain-Reception.jpg\" \/><\/figure><\/div><div class=\"swiper-slide\" role=\"group\" aria-roledescription=\"slide\" aria-label=\"4 de 4\"><figure class=\"swiper-slide-inner\"><img decoding=\"async\" class=\"swiper-slide-image\" src=\"https:\/\/www.hotelchamplain.com\/wp-content\/uploads\/2025\/04\/hotel-le-champlain-la-rochelle-elegant-salon-classique-1.webp\" alt=\"Sal\u00f3n cl\u00e1sico del H\u00f4tel Le Champlain en La Rochelle, con paneles de madera antiguos y sof\u00e1s de terciopelo\" \/><\/figure><\/div>\t\t\t<\/div>\n\t\t\t\t\t\t\t\t\t\t\t\t<div class=\"elementor-swiper-button elementor-swiper-button-prev\" role=\"button\" tabindex=\"0\">\n\t\t\t\t\t\t<i aria-hidden=\"true\" class=\"eicon-chevron-left\"><\/i>\t\t\t\t\t<\/div>\n\t\t\t\t\t<div class=\"elementor-swiper-button elementor-swiper-button-next\" role=\"button\" tabindex=\"0\">\n\t\t\t\t\t\t<i aria-hidden=\"true\" class=\"eicon-chevron-right\"><\/i>\t\t\t\t\t<\/div>\n\t\t\t\t\n\t\t\t\t\t\t\t\t\t<\/div>\n\t\t\t\t\t\t<\/div>\n\t\t\t\t<\/div>\n\t\t\t\t<section class=\"elementor-section elementor-inner-section elementor-element elementor-element-fdd7e17 elementor-section-boxed elementor-section-height-default elementor-section-height-default\" data-id=\"fdd7e17\" data-element_type=\"section\" data-e-type=\"section\">\n\t\t\t\t\t\t<div class=\"elementor-container elementor-column-gap-default\">\n\t\t\t\t\t<div class=\"elementor-column elementor-col-50 elementor-inner-column elementor-element elementor-element-adb26df\" data-id=\"adb26df\" data-element_type=\"column\" data-e-type=\"column\">\n\t\t\t<div class=\"elementor-widget-wrap elementor-element-populated\">\n\t\t\t\t\t\t<div class=\"elementor-element elementor-element-1981c69 elementor-widget elementor-widget-text-editor\" data-id=\"1981c69\" data-element_type=\"widget\" data-e-type=\"widget\" data-widget_type=\"text-editor.default\">\n\t\t\t\t<div class=\"elementor-widget-container\">\n\t\t\t\t\t\t\t\t\t<p class=\"\" data-start=\"51\" data-end=\"376\">Despu\u00e9s del sitio de Richelieu (1627-1628), La Rochelle reabre sus puertas a la religi\u00f3n cat\u00f3lica. El rey Luis XIII ordena, entre otras cosas, que las monjas se trasladen al convento de las Hospitalarias, situado entre la calle Rambaud y la calle Saintes Claires, un lugar que entonces agrupaba jardines, convento y hospital.<\/p><p class=\"\" data-start=\"378\" data-end=\"678\">Las Hermanas Hospitalarias fueron expulsadas a finales del siglo XVIII por la ciudad, que adquiri\u00f3 el convento para transformarlo en un campo de feria hasta comienzos del siglo XIX. Parte del convento fue luego revendida a un notable, que lo convirti\u00f3 en una mansi\u00f3n privada a mediados del siglo XIX.<\/p><p class=\"\" data-start=\"680\" data-end=\"777\">El H\u00f4tel Le Champlain y su jard\u00edn de estilo franc\u00e9s ocupan hoy una parte de ese antiguo convento.<\/p><p>Les s\u0153urs Hospitali\u00e8res furent expuls\u00e9es \u00e0 la fin du 18\u1d49 si\u00e8cle par la ville qui acquiert alors le couvent pour le transformer en champ de foire jusqu\u2019au d\u00e9but du 19\u1d49 si\u00e8cle. Une partie du couvent sera ensuite revendue \u00e0 un notable qui en fera un h\u00f4tel particulier \u00e0 la moiti\u00e9 du 19\u1d49 si\u00e8cle.<\/p><p>L\u2019H\u00f4tel le Champlain et son jardin \u00e0 la fran\u00e7aise occupent \u00e0 ce jour une partie de cet ancien couvent.<\/p>\t\t\t\t\t\t\t\t<\/div>\n\t\t\t\t<\/div>\n\t\t\t\t\t<\/div>\n\t\t<\/div>\n\t\t\t\t<div data-dce-background-image-url=\"https:\/\/www.hotelchamplain.com\/wp-content\/uploads\/2025\/04\/hotel-champlain-la-rochelle-france-1.webp\" class=\"elementor-column elementor-col-50 elementor-inner-column elementor-element elementor-element-2e2d073\" data-id=\"2e2d073\" data-element_type=\"column\" data-e-type=\"column\" data-settings=\"{&quot;background_background&quot;:&quot;classic&quot;}\">\n\t\t\t<div class=\"elementor-widget-wrap elementor-element-populated\">\n\t\t\t\t\t\t<div class=\"elementor-element elementor-element-1bf0305 elementor-widget elementor-widget-spacer\" data-id=\"1bf0305\" data-element_type=\"widget\" data-e-type=\"widget\" data-widget_type=\"spacer.default\">\n\t\t\t\t<div class=\"elementor-widget-container\">\n\t\t\t\t\t\t\t<div class=\"elementor-spacer\">\n\t\t\t<div class=\"elementor-spacer-inner\"><\/div>\n\t\t<\/div>\n\t\t\t\t\t\t<\/div>\n\t\t\t\t<\/div>\n\t\t\t\t\t<\/div>\n\t\t<\/div>\n\t\t\t\t\t<\/div>\n\t\t<\/section>\n\t\t\t\t\t<\/div>\n\t\t<\/div>\n\t\t\t\t\t<\/div>\n\t\t<\/section>\n\t\t\t\t<section class=\"elementor-section elementor-top-section elementor-element elementor-element-98ebfdb elementor-reverse-mobile elementor-section-boxed elementor-section-height-default elementor-section-height-default\" data-id=\"98ebfdb\" data-element_type=\"section\" data-e-type=\"section\" data-settings=\"{&quot;background_background&quot;:&quot;classic&quot;}\">\n\t\t\t\t\t\t<div class=\"elementor-container elementor-column-gap-default\">\n\t\t\t\t\t<div class=\"elementor-column elementor-col-50 elementor-top-column elementor-element elementor-element-94def0a\" data-id=\"94def0a\" data-element_type=\"column\" data-e-type=\"column\">\n\t\t\t<div class=\"elementor-widget-wrap elementor-element-populated\">\n\t\t\t\t\t\t<div class=\"elementor-element elementor-element-0d67dc0 elementor-widget elementor-widget-image\" data-id=\"0d67dc0\" data-element_type=\"widget\" data-e-type=\"widget\" data-widget_type=\"image.default\">\n\t\t\t\t<div class=\"elementor-widget-container\">\n\t\t\t\t\t\t\t\t\t\t\t\t\t\t\t<img fetchpriority=\"high\" decoding=\"async\" width=\"505\" height=\"338\" src=\"https:\/\/www.hotelchamplain.com\/wp-content\/uploads\/2025\/04\/Hotel-Champlain-Histoire-2.jpg\" class=\"attachment-large size-large wp-image-16727\" alt=\"\" srcset=\"https:\/\/www.hotelchamplain.com\/wp-content\/uploads\/2025\/04\/Hotel-Champlain-Histoire-2.jpg 505w, https:\/\/www.hotelchamplain.com\/wp-content\/uploads\/2025\/04\/Hotel-Champlain-Histoire-2-300x201.jpg 300w\" sizes=\"(max-width: 505px) 100vw, 505px\" \/>\t\t\t\t\t\t\t\t\t\t\t\t\t\t\t<\/div>\n\t\t\t\t<\/div>\n\t\t\t\t<div class=\"elementor-element elementor-element-b1003e5 elementor-widget-divider--view-line elementor-widget elementor-widget-divider\" data-id=\"b1003e5\" data-element_type=\"widget\" data-e-type=\"widget\" data-widget_type=\"divider.default\">\n\t\t\t\t<div class=\"elementor-widget-container\">\n\t\t\t\t\t\t\t<div class=\"elementor-divider\">\n\t\t\t<span class=\"elementor-divider-separator\">\n\t\t\t\t\t\t<\/span>\n\t\t<\/div>\n\t\t\t\t\t\t<\/div>\n\t\t\t\t<\/div>\n\t\t\t\t<div class=\"elementor-element elementor-element-9d7baa0 elementor-widget elementor-widget-heading\" data-id=\"9d7baa0\" data-element_type=\"widget\" data-e-type=\"widget\" data-widget_type=\"heading.default\">\n\t\t\t\t<div class=\"elementor-widget-container\">\n\t\t\t\t\t<h2 class=\"elementor-heading-title elementor-size-default\">3 siglos, <br>3 generaciones, <br>3 hoteleras<\/h2>\t\t\t\t<\/div>\n\t\t\t\t<\/div>\n\t\t\t\t<div class=\"elementor-element elementor-element-c2299ea elementor-widget elementor-widget-text-editor\" data-id=\"c2299ea\" data-element_type=\"widget\" data-e-type=\"widget\" data-widget_type=\"text-editor.default\">\n\t\t\t\t<div class=\"elementor-widget-container\">\n\t\t\t\t\t\t\t\t\t<p class=\"\" data-start=\"40\" data-end=\"235\">Fue en 1942 cuando Marie-H\u00e9l\u00e8ne y Henri Brisson compraron esta antigua mansi\u00f3n. Unos a\u00f1os m\u00e1s tarde, en 1948, la ampliaron para transformarla en un hotel comercial en pleno centro de La Rochelle.<\/p><p class=\"\" data-start=\"237\" data-end=\"605\">El hotel fue bautizado como \u00abLe Champlain\u00bb por Marie-H\u00e9l\u00e8ne Brisson, quien admiraba al explorador Samuel de Champlain por su esp\u00edritu pionero y visionario, una figura con resonancia hist\u00f3rica en Charente-Maritime. En los a\u00f1os 1980, el hotel fue asumido por su \u00fanica hija, Christiane Jouineau, quien supo continuar y cultivar el legado del buen gusto y la hospitalidad.<\/p><p class=\"\" data-start=\"607\" data-end=\"914\">Desde 2005 hasta hoy, su hija Anne Jouineau asegura y perpet\u00faa la continuidad de esta herencia familiar, guiando el establecimiento hotelero hacia el siglo XXI, combinando toda la modernidad que desean los clientes con la hoteler\u00eda tradicional, manteniendo siempre un servicio personalizado de alta calidad.<\/p>\t\t\t\t\t\t\t\t<\/div>\n\t\t\t\t<\/div>\n\t\t\t\t\t<\/div>\n\t\t<\/div>\n\t\t\t\t<div class=\"elementor-column elementor-col-50 elementor-top-column elementor-element elementor-element-df000f0\" data-id=\"df000f0\" data-element_type=\"column\" data-e-type=\"column\">\n\t\t\t<div class=\"elementor-widget-wrap elementor-element-populated\">\n\t\t\t\t\t\t<div class=\"elementor-element elementor-element-9f5b086 elementor-widget-divider--view-line elementor-widget elementor-widget-divider\" data-id=\"9f5b086\" data-element_type=\"widget\" data-e-type=\"widget\" data-widget_type=\"divider.default\">\n\t\t\t\t<div class=\"elementor-widget-container\">\n\t\t\t\t\t\t\t<div class=\"elementor-divider\">\n\t\t\t<span class=\"elementor-divider-separator\">\n\t\t\t\t\t\t<\/span>\n\t\t<\/div>\n\t\t\t\t\t\t<\/div>\n\t\t\t\t<\/div>\n\t\t\t\t<div class=\"elementor-element elementor-element-cfbd6ba elementor-widget elementor-widget-heading\" data-id=\"cfbd6ba\" data-element_type=\"widget\" data-e-type=\"widget\" data-widget_type=\"heading.default\">\n\t\t\t\t<div class=\"elementor-widget-container\">\n\t\t\t\t\t<h2 class=\"elementor-heading-title elementor-size-default\">Una nueva era<\/h2>\t\t\t\t<\/div>\n\t\t\t\t<\/div>\n\t\t\t\t<div class=\"elementor-element elementor-element-9f08531 elementor-widget elementor-widget-text-editor\" data-id=\"9f08531\" data-element_type=\"widget\" data-e-type=\"widget\" data-widget_type=\"text-editor.default\">\n\t\t\t\t<div class=\"elementor-widget-container\">\n\t\t\t\t\t\t\t\t\t<p class=\"\" data-start=\"40\" data-end=\"189\">El Grupo Turenne H\u00f4tellerie, maravillado por el potencial de este hotel emblem\u00e1tico de La Rochelle cargado de historia, decide adquirir Le Champlain.<\/p><p class=\"\" data-start=\"191\" data-end=\"305\">Se llevan a cabo trabajos de embellecimiento, modernizando la propiedad sin perder su car\u00e1cter ni su autenticidad.<\/p><p class=\"\" data-start=\"307\" data-end=\"415\">Le Champlain contin\u00faa ahora su desarrollo, reforzando especialmente sus colaboraciones con empresas locales.<\/p>\t\t\t\t\t\t\t\t<\/div>\n\t\t\t\t<\/div>\n\t\t\t\t<div class=\"elementor-element elementor-element-5950a01 elementor-widget elementor-widget-image\" data-id=\"5950a01\" data-element_type=\"widget\" data-e-type=\"widget\" data-widget_type=\"image.default\">\n\t\t\t\t<div class=\"elementor-widget-container\">\n\t\t\t\t\t\t\t\t\t\t\t\t\t\t\t<img decoding=\"async\" width=\"505\" height=\"338\" src=\"https:\/\/www.hotelchamplain.com\/wp-content\/uploads\/2025\/04\/Hotel-Champlain-Histoire-3.jpg\" class=\"attachment-large size-large wp-image-16730\" alt=\"\" srcset=\"https:\/\/www.hotelchamplain.com\/wp-content\/uploads\/2025\/04\/Hotel-Champlain-Histoire-3.jpg 505w, https:\/\/www.hotelchamplain.com\/wp-content\/uploads\/2025\/04\/Hotel-Champlain-Histoire-3-300x201.jpg 300w\" sizes=\"(max-width: 505px) 100vw, 505px\" \/>\t\t\t\t\t\t\t\t\t\t\t\t\t\t\t<\/div>\n\t\t\t\t<\/div>\n\t\t\t\t<div class=\"elementor-element elementor-element-8a21069 elementor-widget elementor-widget-image\" data-id=\"8a21069\" data-element_type=\"widget\" data-e-type=\"widget\" data-widget_type=\"image.default\">\n\t\t\t\t<div class=\"elementor-widget-container\">\n\t\t\t\t\t\t\t\t\t\t\t\t\t\t\t<img decoding=\"async\" width=\"505\" height=\"338\" src=\"https:\/\/www.hotelchamplain.com\/wp-content\/uploads\/2025\/04\/Hotel-Champlain-Histoire-1.jpg\" class=\"attachment-large size-large wp-image-16733\" alt=\"\" srcset=\"https:\/\/www.hotelchamplain.com\/wp-content\/uploads\/2025\/04\/Hotel-Champlain-Histoire-1.jpg 505w, https:\/\/www.hotelchamplain.com\/wp-content\/uploads\/2025\/04\/Hotel-Champlain-Histoire-1-300x201.jpg 300w\" sizes=\"(max-width: 505px) 100vw, 505px\" \/>\t\t\t\t\t\t\t\t\t\t\t\t\t\t\t<\/div>\n\t\t\t\t<\/div>\n\t\t\t\t\t<\/div>\n\t\t<\/div>\n\t\t\t\t\t<\/div>\n\t\t<\/section>\n\t\t\t\t<\/div>\n\t\t","protected":false},"excerpt":{"rendered":"<p>Del convento de las Hospitalarias al hotel Le Champlain Despu\u00e9s del sitio de Richelieu (1627-1628), La Rochelle reabre sus puertas a la religi\u00f3n cat\u00f3lica. El rey Luis XIII ordena, entre otras cosas, que las monjas se trasladen al convento de las Hospitalarias, situado entre la calle Rambaud y la calle Saintes Claires, un lugar que [&hellip;]<\/p>\n","protected":false},"author":5,"featured_media":0,"parent":0,"menu_order":0,"comment_status":"closed","ping_status":"closed","template":"","meta":{"_acf_changed":false,"footnotes":""},"tags":[],"class_list":["post-8010","page","type-page","status-publish","hentry"],"acf":[],"_links":{"self":[{"href":"https:\/\/www.hotelchamplain.com\/es\/wp-json\/wp\/v2\/pages\/8010","targetHints":{"allow":["GET"]}}],"collection":[{"href":"https:\/\/www.hotelchamplain.com\/es\/wp-json\/wp\/v2\/pages"}],"about":[{"href":"https:\/\/www.hotelchamplain.com\/es\/wp-json\/wp\/v2\/types\/page"}],"author":[{"embeddable":true,"href":"https:\/\/www.hotelchamplain.com\/es\/wp-json\/wp\/v2\/users\/5"}],"replies":[{"embeddable":true,"href":"https:\/\/www.hotelchamplain.com\/es\/wp-json\/wp\/v2\/comments?post=8010"}],"version-history":[{"count":50,"href":"https:\/\/www.hotelchamplain.com\/es\/wp-json\/wp\/v2\/pages\/8010\/revisions"}],"predecessor-version":[{"id":19051,"href":"https:\/\/www.hotelchamplain.com\/es\/wp-json\/wp\/v2\/pages\/8010\/revisions\/19051"}],"wp:attachment":[{"href":"https:\/\/www.hotelchamplain.com\/es\/wp-json\/wp\/v2\/media?parent=8010"}],"wp:term":[{"taxonomy":"post_tag","embeddable":true,"href":"https:\/\/www.hotelchamplain.com\/es\/wp-json\/wp\/v2\/tags?post=8010"}],"curies":[{"name":"wp","href":"https:\/\/api.w.org\/{rel}","templated":true}]}}