{"id":8020,"date":"2021-10-23T11:54:00","date_gmt":"2021-10-23T11:54:00","guid":{"rendered":"https:\/\/www2.hotelchamplain.com\/mentions-legales\/"},"modified":"2025-09-06T14:37:22","modified_gmt":"2025-09-06T14:37:22","slug":"aviso-legal","status":"publish","type":"page","link":"https:\/\/www.hotelchamplain.com\/es\/aviso-legal\/","title":{"rendered":"Aviso legal"},"content":{"rendered":"\t\t<div data-elementor-type=\"wp-page\" data-elementor-id=\"8020\" class=\"elementor elementor-8020 elementor-3\" data-elementor-post-type=\"page\">\n\t\t\t\t\t\t<section data-dce-background-overlay-color=\"#000000\" data-dce-background-image-url=\"https:\/\/www.hotelchamplain.com\/wp-content\/uploads\/2021\/11\/hotel-le-champlain-la-rochelle-terrasse-7572.webp\" class=\"elementor-section elementor-top-section elementor-element elementor-element-d91be50 elementor-section-full_width elementor-section-height-min-height elementor-section-height-default elementor-section-items-middle\" data-id=\"d91be50\" data-element_type=\"section\" data-e-type=\"section\" data-settings=\"{&quot;background_background&quot;:&quot;classic&quot;}\">\n\t\t\t\t\t\t\t<div class=\" elementor-background-overlay lazyelementorbackgroundimages \"><\/div>\n\t\t\t\t\t\t\t<div class=\"elementor-container elementor-column-gap-default\">\n\t\t\t\t\t<div class=\"elementor-column elementor-col-100 elementor-top-column elementor-element elementor-element-c8000e7\" data-id=\"c8000e7\" data-element_type=\"column\" data-e-type=\"column\">\n\t\t\t<div class=\"elementor-widget-wrap elementor-element-populated\">\n\t\t\t\t\t\t<div data-dce-title-color=\"#FFFFFF\" class=\"elementor-element elementor-element-3de8918 elementor-widget elementor-widget-heading\" data-id=\"3de8918\" data-element_type=\"widget\" data-e-type=\"widget\" data-widget_type=\"heading.default\">\n\t\t\t\t<div class=\"elementor-widget-container\">\n\t\t\t\t\t<h1 class=\"elementor-heading-title elementor-size-default\">Aviso legal<\/h1>\t\t\t\t<\/div>\n\t\t\t\t<\/div>\n\t\t\t\t\t<\/div>\n\t\t<\/div>\n\t\t\t\t\t<\/div>\n\t\t<\/section>\n\t\t\t\t<section class=\"elementor-section elementor-top-section elementor-element elementor-element-31a97493 elementor-section-boxed elementor-section-height-default elementor-section-height-default\" data-id=\"31a97493\" data-element_type=\"section\" data-e-type=\"section\">\n\t\t\t\t\t\t<div class=\"elementor-container elementor-column-gap-default\">\n\t\t\t\t\t<div class=\"elementor-column elementor-col-100 elementor-top-column elementor-element elementor-element-73a6e69a\" data-id=\"73a6e69a\" data-element_type=\"column\" data-e-type=\"column\">\n\t\t\t<div class=\"elementor-widget-wrap elementor-element-populated\">\n\t\t\t\t\t\t<div class=\"elementor-element elementor-element-8ecb7f7 elementor-widget elementor-widget-text-editor\" data-id=\"8ecb7f7\" data-element_type=\"widget\" data-e-type=\"widget\" id=\"title-contenu\" data-widget_type=\"text-editor.default\">\n\t\t\t\t<div class=\"elementor-widget-container\">\n\t\t\t\t\t\t\t\t\t<h2>Identificaci\u00f3n del editor del sitio<\/h2>\n<strong>Empresa: <\/strong>SAS Le Champlain (H\u00f4tel Champlain France).\n<strong>Sede social: <\/strong>30 Rue Rambaud \u2013 17000 LA ROCHELLE, Francia.\n<strong>N\u00famero de tel\u00e9fono: <\/strong>+33 (0)5 46 41 34 66\n<strong>Fax: <\/strong>+33 (0)5 46 41 15 19\n<strong>Direcci\u00f3n de correo electr\u00f3nico: <span style=\"color: #bfa365;\"><a style=\"color: #bfa365;\" href=\"mailto:larochelle@hotelchamplain.com\">larochelle@hotelchamplain.com<\/a><\/span><\/strong>\n<strong>SIRET: <\/strong>509 240 594 00010\n<strong>Capital social: <\/strong>2 292 304,00 \u20ac\n<strong>N\u00famero de IVA intracomunitario: <\/strong>FR21 509 240 594\n<strong>Directora de publicaci\u00f3n: <\/strong>Fanny MONNERAYE\n<strong>Responsabilidad legal: <\/strong>Fanny MONNERAYE\n\n<h2>Alojamiento y realizaci\u00f3n del sitio<\/h2>\n<strong>Empresa: <\/strong>Mixit7 &#8211; Agencia Web\n<strong>Sede social: <\/strong>34 avenue des Champs Elys\u00e9es, 75008 Par\u00eds, Francia\n<strong>SIREN: <\/strong>842 652 547\n<strong>Tel\u00e9fono: <\/strong>+33 1 85 80 11 11\n<strong>Correo electr\u00f3nico: <\/strong>hello@mixit7.com\n<strong>Sitio web: <\/strong>www.mixit7.com\n\n<h2>Contenido editorial<\/h2>\nEl Sitio ofrece contenido editorial (hotel, habitaciones&#8230;) \u00fanicamente con fines documentales e informativos. Este contenido debe considerarse como material de reflexi\u00f3n. Los usuarios est\u00e1n invitados por el Editor a utilizar esta informaci\u00f3n con sentido cr\u00edtico y discernimiento.\n\n<h2>Enlaces de hipertexto a sitios de terceros<\/h2>\nEl Sitio propone enlaces de hipertexto que apuntan a sitios de Internet publicados por terceros. El establecimiento de estos enlaces no implica la aprobaci\u00f3n por parte del editor del contenido de dichos sitios. El Editor no puede controlar permanentemente el contenido de estos sitios y, por lo tanto, no puede garantizar: la exactitud, fiabilidad, pertinencia, actualizaci\u00f3n o exhaustividad de sus contenidos; su acceso y buen funcionamiento t\u00e9cnico. En consecuencia, el Editor no podr\u00e1 ser considerado responsable en caso de litigio entre un sitio referenciado en el Sitio y un Usuario. Solo podr\u00e1 exigirse responsabilidad a los editores de los sitios referenciados en el Sitio.\n\n<h2>Propiedad intelectual<\/h2>\nEl sitio web del Hotel y cada uno de sus elementos son propiedad exclusiva del Hotel. Queda prohibida cualquier reproducci\u00f3n o representaci\u00f3n total o parcial de este sitio web o de cualquiera de sus componentes sin la autorizaci\u00f3n previa del Hotel. Del mismo modo, las marcas registradas y los nombres de dominio que aparecen en el sitio web del Hotel son propiedad exclusiva del Hotel. Queda prohibida cualquier reproducci\u00f3n o utilizaci\u00f3n de estas marcas o nombres de dominio de cualquier forma y con cualquier finalidad sin autorizaci\u00f3n previa. Solo podr\u00e1 establecerse un enlace de hipertexto al sitio web del Hotel con la autorizaci\u00f3n escrita previa del Hotel. Adem\u00e1s, el Hotel declina toda responsabilidad por el contenido de los sitios que puedan estar vinculados al sitio web del Hotel mediante un enlace de hipertexto.\n\n<h2>Seguridad de los intercambios<\/h2>\nEl Editor se compromete a tomar todas las medidas legales y t\u00e9cnicas para asegurar los intercambios. En este sentido, el Editor se compromete a emplear sus mejores esfuerzos para bloquear la apropiaci\u00f3n indebida de datos y cumplir con la normativa aplicable. No obstante, los Usuarios del Sitio son conscientes de las caracter\u00edsticas t\u00e9cnicas de la red de Internet y de los riesgos asociados. En consecuencia, el Editor no puede garantizar a sus Usuarios que los datos intercambiados a trav\u00e9s de los servicios ofrecidos por el Sitio no sean recogidos de forma fraudulenta por terceros.\n\n<h2>Disponibilidad de los servicios<\/h2>\nEl Editor tiene una obligaci\u00f3n de medios en materia de accesibilidad del servicio y establece las estructuras necesarias para hacer accesible el Sitio los 7 d\u00edas de la semana y las 24 horas del d\u00eda. No obstante, el Editor podr\u00e1 suspender el acceso sin previo aviso, en particular para el mantenimiento y las actualizaciones. El Editor no ser\u00e1 en ning\u00fan caso responsable de los da\u00f1os que puedan resultar para el Usuario o cualquier tercero. El Editor podr\u00e1 en cualquier momento suprimir la totalidad o parte de sus Servicios o modificar su contenido, en particular por razones t\u00e9cnicas, sin previo aviso. El Editor se reserva el derecho de denegar, unilateralmente y sin previo aviso, a cualquier Usuario el acceso a todo o parte del Sitio. Esta decisi\u00f3n podr\u00e1 tomarse en particular en caso de incumplimiento de los t\u00e9rminos de este texto por parte de un Usuario.\n\n<h2>Recogida de datos:<\/h2>\nCon el fin de prestar los servicios solicitados, el Hotel puede recopilar sus datos personales. Usted tiene derecho a acceder, modificar, suprimir y oponerse al tratamiento de sus datos personales y a su uso con fines de prospecci\u00f3n. Cualquier consulta en este \u00e1mbito, as\u00ed como los derechos de oposici\u00f3n, acceso, rectificaci\u00f3n y supresi\u00f3n relativos a esta informaci\u00f3n, podr\u00e1 ejercerse contactando con el Hotel.\n\n<h2>Pol\u00edtica de privacidad:<\/h2>\nSe invita a los Usuarios a consultar la p\u00e1gina <a href=\"https:\/\/www.hotelchamplain.com\/en\/hotel-la-rochelle-privacy-policy\/\"><span style=\"color: #bfa365;\">\u00abPol\u00edtica de Privacidad\u00bb<\/span><\/a>\n\nCualquier consulta en este \u00e1mbito, as\u00ed como los derechos de oposici\u00f3n, acceso, rectificaci\u00f3n y supresi\u00f3n relativos a esta informaci\u00f3n, podr\u00e1 ejercerse en la siguiente direcci\u00f3n  \nH\u00f4tel Le Champlain, 30 rue de Rambaud, 17000 La Rochelle, Francia  \nTel\u00e9fono: + 33 (0) 5 46 41 34 66  \nDirecci\u00f3n de correo electr\u00f3nico: <span style=\"color: #bfa365;\"><a style=\"color: #bfa365;\" href=\"mailto:larochelle@hotelchamplain.com\">larochelle@hotelchamplain.com<\/a><\/span>\n\n<h2>Oposici\u00f3n a la prospecci\u00f3n telef\u00f3nica<\/h2>\nDe conformidad con el <strong>art\u00edculo L.223-1 del C\u00f3digo de Consumo franc\u00e9s<\/strong>, todos los consumidores tienen la posibilidad de inscribirse gratuitamente en la lista de oposici\u00f3n a la prospecci\u00f3n telef\u00f3nica BLOCTEL.  \nPara m\u00e1s informaci\u00f3n o para registrarse, visite el sitio oficial: <span style=\"color: #bfa365;\"><a style=\"color: #bfa365;\" href=\"https:\/\/www.bloctel.gouv.fr\" target=\"_blank\" rel=\"noopener\">www.bloctel.gouv.fr<\/a>.<\/span>  \nSi su n\u00famero de tel\u00e9fono es recogido en el marco de nuestras actividades, se le informa de su derecho a oponerse a cualquier prospecci\u00f3n telef\u00f3nica inscribi\u00e9ndose en esta lista.\n\n<h2>Ley aplicable<\/h2>\nEste texto est\u00e1 sujeto a la legislaci\u00f3n francesa. El Editor se reserva el derecho de modificar en cualquier momento los t\u00e9rminos, condiciones y exenciones de responsabilidad.\n\t\t\t\t\t\t\t\t<\/div>\n\t\t\t\t<\/div>\n\t\t\t\t\t<\/div>\n\t\t<\/div>\n\t\t\t\t\t<\/div>\n\t\t<\/section>\n\t\t\t\t<\/div>\n\t\t","protected":false},"excerpt":{"rendered":"<p>Identificaci\u00f3n del editor del sitio Empresa: SAS Le Champlain (H\u00f4tel Champlain France). Sede social: 30 Rue Rambaud \u2013 17000 LA ROCHELLE, Francia. N\u00famero de tel\u00e9fono: +33 (0)5 46 41 34 66 Fax: +33 (0)5 46 41 15 19 Direcci\u00f3n de correo electr\u00f3nico: larochelle@hotelchamplain.com SIRET: 509 240 594 00010 Capital social: 2 292 304,00 \u20ac N\u00famero [&hellip;]<\/p>\n","protected":false},"author":1,"featured_media":0,"parent":0,"menu_order":0,"comment_status":"closed","ping_status":"closed","template":"","meta":{"_acf_changed":false,"footnotes":""},"tags":[],"class_list":["post-8020","page","type-page","status-publish","hentry"],"acf":[],"_links":{"self":[{"href":"https:\/\/www.hotelchamplain.com\/es\/wp-json\/wp\/v2\/pages\/8020","targetHints":{"allow":["GET"]}}],"collection":[{"href":"https:\/\/www.hotelchamplain.com\/es\/wp-json\/wp\/v2\/pages"}],"about":[{"href":"https:\/\/www.hotelchamplain.com\/es\/wp-json\/wp\/v2\/types\/page"}],"author":[{"embeddable":true,"href":"https:\/\/www.hotelchamplain.com\/es\/wp-json\/wp\/v2\/users\/1"}],"replies":[{"embeddable":true,"href":"https:\/\/www.hotelchamplain.com\/es\/wp-json\/wp\/v2\/comments?post=8020"}],"version-history":[{"count":27,"href":"https:\/\/www.hotelchamplain.com\/es\/wp-json\/wp\/v2\/pages\/8020\/revisions"}],"predecessor-version":[{"id":18176,"href":"https:\/\/www.hotelchamplain.com\/es\/wp-json\/wp\/v2\/pages\/8020\/revisions\/18176"}],"wp:attachment":[{"href":"https:\/\/www.hotelchamplain.com\/es\/wp-json\/wp\/v2\/media?parent=8020"}],"wp:term":[{"taxonomy":"post_tag","embeddable":true,"href":"https:\/\/www.hotelchamplain.com\/es\/wp-json\/wp\/v2\/tags?post=8020"}],"curies":[{"name":"wp","href":"https:\/\/api.w.org\/{rel}","templated":true}]}}