{"id":8867,"date":"2022-03-21T09:12:51","date_gmt":"2022-03-21T09:12:51","guid":{"rendered":"https:\/\/www.hotelchamplain.com\/brunch\/"},"modified":"2026-03-09T11:14:06","modified_gmt":"2026-03-09T10:14:06","slug":"brunch","status":"publish","type":"page","link":"https:\/\/www.hotelchamplain.com\/es\/restauracion\/brunch\/","title":{"rendered":"Brunch"},"content":{"rendered":"\t\t<div data-elementor-type=\"wp-page\" data-elementor-id=\"8867\" class=\"elementor elementor-8867 elementor-8630\" data-elementor-post-type=\"page\">\n\t\t\t\t\t\t<section data-dce-background-overlay-color=\"#000000\" data-dce-background-image-url=\"https:\/\/www.hotelchamplain.com\/wp-content\/uploads\/2025\/05\/brunch-hotel-champlain-la-rochelle.webp\" class=\"elementor-section elementor-top-section elementor-element elementor-element-0597566 elementor-section-full_width elementor-section-height-min-height elementor-section-height-default elementor-section-items-middle\" data-id=\"0597566\" data-element_type=\"section\" data-e-type=\"section\" data-settings=\"{&quot;background_background&quot;:&quot;classic&quot;}\">\n\t\t\t\t\t\t\t<div class=\" elementor-background-overlay lazyelementorbackgroundimages \"><\/div>\n\t\t\t\t\t\t\t<div class=\"elementor-container elementor-column-gap-default\">\n\t\t\t\t\t<div class=\"elementor-column elementor-col-100 elementor-top-column elementor-element elementor-element-8321388\" data-id=\"8321388\" data-element_type=\"column\" data-e-type=\"column\">\n\t\t\t<div class=\"elementor-widget-wrap elementor-element-populated\">\n\t\t\t\t\t\t<div data-dce-title-color=\"#FFFFFF\" class=\"elementor-element elementor-element-3f7897f elementor-widget elementor-widget-heading\" data-id=\"3f7897f\" data-element_type=\"widget\" data-e-type=\"widget\" data-widget_type=\"heading.default\">\n\t\t\t\t<div class=\"elementor-widget-container\">\n\t\t\t\t\t<span class=\"elementor-heading-title elementor-size-default\">El Brunch<\/span>\t\t\t\t<\/div>\n\t\t\t\t<\/div>\n\t\t\t\t\t<\/div>\n\t\t<\/div>\n\t\t\t\t\t<\/div>\n\t\t<\/section>\n\t\t\t\t<section class=\"elementor-section elementor-top-section elementor-element elementor-element-768dcc1 elementor-section-boxed elementor-section-height-default elementor-section-height-default\" data-id=\"768dcc1\" data-element_type=\"section\" data-e-type=\"section\">\n\t\t\t\t\t\t<div class=\"elementor-container elementor-column-gap-default\">\n\t\t\t\t\t<div class=\"elementor-column elementor-col-100 elementor-top-column elementor-element elementor-element-89e2897\" data-id=\"89e2897\" data-element_type=\"column\" data-e-type=\"column\">\n\t\t\t<div class=\"elementor-widget-wrap elementor-element-populated\">\n\t\t\t\t\t\t<div class=\"elementor-element elementor-element-0875ac1 elementor-widget-divider--view-line elementor-widget elementor-widget-divider\" data-id=\"0875ac1\" data-element_type=\"widget\" data-e-type=\"widget\" data-widget_type=\"divider.default\">\n\t\t\t\t<div class=\"elementor-widget-container\">\n\t\t\t\t\t\t\t<div class=\"elementor-divider\">\n\t\t\t<span class=\"elementor-divider-separator\">\n\t\t\t\t\t\t<\/span>\n\t\t<\/div>\n\t\t\t\t\t\t<\/div>\n\t\t\t\t<\/div>\n\t\t\t\t<div class=\"elementor-element elementor-element-72fb339 elementor-widget elementor-widget-heading\" data-id=\"72fb339\" data-element_type=\"widget\" data-e-type=\"widget\" data-widget_type=\"heading.default\">\n\t\t\t\t<div class=\"elementor-widget-container\">\n\t\t\t\t\t<h1 class=\"elementor-heading-title elementor-size-default\">Un brunch gourmet en el coraz\u00f3n de La Rochelle<\/h1>\t\t\t\t<\/div>\n\t\t\t\t<\/div>\n\t\t\t\t<div class=\"elementor-element elementor-element-ecd1895 elementor-widget elementor-widget-text-editor\" data-id=\"ecd1895\" data-element_type=\"widget\" data-e-type=\"widget\" data-widget_type=\"text-editor.default\">\n\t\t\t\t<div class=\"elementor-widget-container\">\n\t\t\t\t\t\t\t\t\t<p>\u00a1Un domingo al mes, los equipos del Hotel Champlain le dan la bienvenida para un momento gourmet!<\/p><p><strong>Horario:<\/strong> 11:30 am &#8211; 2 pm<br \/><strong>Precio:<\/strong> 32\u20ac\/persona y 13\u20ac ni\u00f1os (-13 a\u00f1os)<\/p><p>Se recomienda reservar por tel\u00e9fono al <span style=\"color: #ac9779;\"><a style=\"color: #ac9779;\" href=\"tel:+33546413466\"><strong>05 46 41 34 66<\/strong><\/a> <\/span>o por correo electr\u00f3nico <span style=\"color: #ac9779;\"><strong><a style=\"color: #ac9779;\" href=\"mailto:larochelle@hotelchamplain.com\">larochelle@hotelchamplain.com<\/a>\u00a0<\/strong><\/span><\/p>\t\t\t\t\t\t\t\t<\/div>\n\t\t\t\t<\/div>\n\t\t\t\t<div class=\"elementor-element elementor-element-e43269b elementor-pagination-position-inside elementor-arrows-position-inside elementor-widget elementor-widget-image-carousel\" data-id=\"e43269b\" data-element_type=\"widget\" data-e-type=\"widget\" data-settings=\"{&quot;slides_to_show&quot;:&quot;1&quot;,&quot;autoplay_speed&quot;:4000,&quot;navigation&quot;:&quot;both&quot;,&quot;autoplay&quot;:&quot;yes&quot;,&quot;pause_on_hover&quot;:&quot;yes&quot;,&quot;pause_on_interaction&quot;:&quot;yes&quot;,&quot;infinite&quot;:&quot;yes&quot;,&quot;effect&quot;:&quot;slide&quot;,&quot;speed&quot;:500}\" data-widget_type=\"image-carousel.default\">\n\t\t\t\t<div class=\"elementor-widget-container\">\n\t\t\t\t\t\t\t<div class=\"elementor-image-carousel-wrapper swiper\" role=\"region\" aria-roledescription=\"carousel\" aria-label=\"Carrusel de im\u00e1genes\" dir=\"ltr\">\n\t\t\t<div class=\"elementor-image-carousel swiper-wrapper\" aria-live=\"off\">\n\t\t\t\t\t\t\t\t<div class=\"swiper-slide\" role=\"group\" aria-roledescription=\"slide\" aria-label=\"1 de 4\"><a data-elementor-open-lightbox=\"yes\" data-elementor-lightbox-slideshow=\"e43269b\" data-elementor-lightbox-title=\"Brunch Hotel Le Champlain\" data-e-action-hash=\"#elementor-action%3Aaction%3Dlightbox%26settings%3DeyJpZCI6ODY3NiwidXJsIjoiaHR0cHM6XC9cL3d3dy5ob3RlbGNoYW1wbGFpbi5jb21cL3dwLWNvbnRlbnRcL3VwbG9hZHNcLzIwMjJcLzAzXC9CcnVuY2gtSG90ZWwtTGUtQ2hhbXBsYWluLndlYnAiLCJzbGlkZXNob3ciOiJlNDMyNjliIn0%3D\" href=\"https:\/\/www.hotelchamplain.com\/wp-content\/uploads\/2022\/03\/Brunch-Hotel-Le-Champlain.webp\"><figure class=\"swiper-slide-inner\"><img decoding=\"async\" class=\"swiper-slide-image\" src=\"https:\/\/www.hotelchamplain.com\/wp-content\/uploads\/2022\/03\/Brunch-Hotel-Le-Champlain.webp\" alt=\"Brunch Hotel Le Champlain\" \/><\/figure><\/a><\/div><div class=\"swiper-slide\" role=\"group\" aria-roledescription=\"slide\" aria-label=\"2 de 4\"><a data-elementor-open-lightbox=\"yes\" data-elementor-lightbox-slideshow=\"e43269b\" data-elementor-lightbox-title=\"Brunch Hotel Le Champlain - 4\" data-e-action-hash=\"#elementor-action%3Aaction%3Dlightbox%26settings%3DeyJpZCI6ODY3MywidXJsIjoiaHR0cHM6XC9cL3d3dy5ob3RlbGNoYW1wbGFpbi5jb21cL3dwLWNvbnRlbnRcL3VwbG9hZHNcLzIwMjJcLzAzXC9CcnVuY2gtSG90ZWwtTGUtQ2hhbXBsYWluLTQud2VicCIsInNsaWRlc2hvdyI6ImU0MzI2OWIifQ%3D%3D\" href=\"https:\/\/www.hotelchamplain.com\/wp-content\/uploads\/2022\/03\/Brunch-Hotel-Le-Champlain-4.webp\"><figure class=\"swiper-slide-inner\"><img decoding=\"async\" class=\"swiper-slide-image\" src=\"https:\/\/www.hotelchamplain.com\/wp-content\/uploads\/2022\/03\/Brunch-Hotel-Le-Champlain-4.webp\" alt=\"Brunch Hotel Le Champlain\" \/><\/figure><\/a><\/div><div class=\"swiper-slide\" role=\"group\" aria-roledescription=\"slide\" aria-label=\"3 de 4\"><a data-elementor-open-lightbox=\"yes\" data-elementor-lightbox-slideshow=\"e43269b\" data-elementor-lightbox-title=\"Brunch Hotel Le Champlain - 2\" data-e-action-hash=\"#elementor-action%3Aaction%3Dlightbox%26settings%3DeyJpZCI6ODY3OSwidXJsIjoiaHR0cHM6XC9cL3d3dy5ob3RlbGNoYW1wbGFpbi5jb21cL3dwLWNvbnRlbnRcL3VwbG9hZHNcLzIwMjJcLzAzXC9CcnVuY2gtSG90ZWwtTGUtQ2hhbXBsYWluLTIud2VicCIsInNsaWRlc2hvdyI6ImU0MzI2OWIifQ%3D%3D\" href=\"https:\/\/www.hotelchamplain.com\/wp-content\/uploads\/2022\/03\/Brunch-Hotel-Le-Champlain-2.webp\"><figure class=\"swiper-slide-inner\"><img decoding=\"async\" class=\"swiper-slide-image\" src=\"https:\/\/www.hotelchamplain.com\/wp-content\/uploads\/2022\/03\/Brunch-Hotel-Le-Champlain-2.webp\" alt=\"Brunch Hotel Le Champlain\" \/><\/figure><\/a><\/div><div class=\"swiper-slide\" role=\"group\" aria-roledescription=\"slide\" aria-label=\"4 de 4\"><a data-elementor-open-lightbox=\"yes\" data-elementor-lightbox-slideshow=\"e43269b\" data-elementor-lightbox-title=\"Brunch Hotel Le Champlain - 3\" data-e-action-hash=\"#elementor-action%3Aaction%3Dlightbox%26settings%3DeyJpZCI6ODY3MCwidXJsIjoiaHR0cHM6XC9cL3d3dy5ob3RlbGNoYW1wbGFpbi5jb21cL3dwLWNvbnRlbnRcL3VwbG9hZHNcLzIwMjJcLzAzXC9CcnVuY2gtSG90ZWwtTGUtQ2hhbXBsYWluLTMud2VicCIsInNsaWRlc2hvdyI6ImU0MzI2OWIifQ%3D%3D\" href=\"https:\/\/www.hotelchamplain.com\/wp-content\/uploads\/2022\/03\/Brunch-Hotel-Le-Champlain-3.webp\"><figure class=\"swiper-slide-inner\"><img decoding=\"async\" class=\"swiper-slide-image\" src=\"https:\/\/www.hotelchamplain.com\/wp-content\/uploads\/2022\/03\/Brunch-Hotel-Le-Champlain-3.webp\" alt=\"Brunch Hotel Le Champlain\" \/><\/figure><\/a><\/div>\t\t\t<\/div>\n\t\t\t\t\t\t\t\t\t\t\t\t<div class=\"elementor-swiper-button elementor-swiper-button-prev\" role=\"button\" tabindex=\"0\">\n\t\t\t\t\t\t<i aria-hidden=\"true\" class=\"eicon-chevron-left\"><\/i>\t\t\t\t\t<\/div>\n\t\t\t\t\t<div class=\"elementor-swiper-button elementor-swiper-button-next\" role=\"button\" tabindex=\"0\">\n\t\t\t\t\t\t<i aria-hidden=\"true\" class=\"eicon-chevron-right\"><\/i>\t\t\t\t\t<\/div>\n\t\t\t\t\n\t\t\t\t\t\t\t\t\t<div class=\"swiper-pagination\"><\/div>\n\t\t\t\t\t\t\t\t\t<\/div>\n\t\t\t\t\t\t<\/div>\n\t\t\t\t<\/div>\n\t\t\t\t\t<\/div>\n\t\t<\/div>\n\t\t\t\t\t<\/div>\n\t\t<\/section>\n\t\t\t\t<section data-dce-background-image-url=\"https:\/\/www.hotelchamplain.com\/wp-content\/uploads\/2022\/01\/Hotel-Champlain-La-Rochelle-Centre-ville-2.png\" class=\"elementor-section elementor-top-section elementor-element elementor-element-a265113 elementor-reverse-mobile elementor-section-boxed elementor-section-height-default elementor-section-height-default\" data-id=\"a265113\" data-element_type=\"section\" data-e-type=\"section\" data-settings=\"{&quot;background_background&quot;:&quot;classic&quot;}\">\n\t\t\t\t\t\t<div class=\"elementor-container elementor-column-gap-default\">\n\t\t\t\t\t<div class=\"elementor-column elementor-col-50 elementor-top-column elementor-element elementor-element-c0e7c90\" data-id=\"c0e7c90\" data-element_type=\"column\" data-e-type=\"column\">\n\t\t\t<div class=\"elementor-widget-wrap elementor-element-populated\">\n\t\t\t\t\t\t<div class=\"elementor-element elementor-element-1d2188d elementor-widget elementor-widget-image\" data-id=\"1d2188d\" data-element_type=\"widget\" data-e-type=\"widget\" data-widget_type=\"image.default\">\n\t\t\t\t<div class=\"elementor-widget-container\">\n\t\t\t\t\t\t\t\t\t\t\t\t\t\t\t<img fetchpriority=\"high\" decoding=\"async\" width=\"800\" height=\"978\" src=\"https:\/\/www.hotelchamplain.com\/wp-content\/uploads\/2022\/03\/Brunch-Hotel-Champlain--838x1024.webp\" class=\"attachment-large size-large wp-image-8661\" alt=\"Brunch H\u00f4tel Champlain La Rochelle\" srcset=\"https:\/\/www.hotelchamplain.com\/wp-content\/uploads\/2022\/03\/Brunch-Hotel-Champlain--838x1024.webp 838w, https:\/\/www.hotelchamplain.com\/wp-content\/uploads\/2022\/03\/Brunch-Hotel-Champlain--246x300.webp 246w, https:\/\/www.hotelchamplain.com\/wp-content\/uploads\/2022\/03\/Brunch-Hotel-Champlain--768x938.webp 768w, https:\/\/www.hotelchamplain.com\/wp-content\/uploads\/2022\/03\/Brunch-Hotel-Champlain-.webp 1024w\" sizes=\"(max-width: 800px) 100vw, 800px\" \/>\t\t\t\t\t\t\t\t\t\t\t\t\t\t\t<\/div>\n\t\t\t\t<\/div>\n\t\t\t\t<div class=\"elementor-element elementor-element-d5b04b8 elementor-widget elementor-widget-text-editor\" data-id=\"d5b04b8\" data-element_type=\"widget\" data-e-type=\"widget\" data-widget_type=\"text-editor.default\">\n\t\t\t\t<div class=\"elementor-widget-container\">\n\t\t\t\t\t\t\t\t\t<p>\u00a1Un domingo al mes, a partir de las 11:30 a.m para disfrutar de nuestro brunch buffet en el coraz\u00f3n de La Rochelle!<\/p><p>Se recomienda reservar por tel\u00e9fono al <span style=\"color: #bfa365;\"><strong><a style=\"color: #bfa365;\" href=\"tel:0033546413466\"><span style=\"color: #ac9779;\">05 46 41 34 66<\/span><\/a><\/strong><\/span> o por correo electr\u00f3nico <span style=\"color: #ac9779;\"><a style=\"color: #ac9779;\" href=\"mailto:larochelle@hotelchamplain.com\"><strong>larochelle@hotelchamplain.com<\/strong><\/a><\/span><\/p>\t\t\t\t\t\t\t\t<\/div>\n\t\t\t\t<\/div>\n\t\t\t\t<div class=\"elementor-element elementor-element-63f2687 elementor-shape-circle elementor-grid-0 e-grid-align-center elementor-widget elementor-widget-social-icons\" data-id=\"63f2687\" data-element_type=\"widget\" data-e-type=\"widget\" data-widget_type=\"social-icons.default\">\n\t\t\t\t<div class=\"elementor-widget-container\">\n\t\t\t\t\t\t\t<div class=\"elementor-social-icons-wrapper elementor-grid\" role=\"list\">\n\t\t\t\t\t\t\t<span class=\"elementor-grid-item\" role=\"listitem\">\n\t\t\t\t\t<a class=\"elementor-icon elementor-social-icon elementor-social-icon-phone-alt elementor-animation-grow elementor-repeater-item-5de411d\" href=\"tel:+33546413466\" target=\"_blank\">\n\t\t\t\t\t\t<span class=\"elementor-screen-only\">Phone-alt<\/span>\n\t\t\t\t\t\t<i aria-hidden=\"true\" class=\"fas fa-phone-alt\"><\/i>\t\t\t\t\t<\/a>\n\t\t\t\t<\/span>\n\t\t\t\t\t\t\t<span class=\"elementor-grid-item\" role=\"listitem\">\n\t\t\t\t\t<a class=\"elementor-icon elementor-social-icon elementor-social-icon-envelope elementor-animation-grow elementor-repeater-item-9c242d4\" href=\"mailto:larochelle@hotelchamplain.com\" target=\"_blank\">\n\t\t\t\t\t\t<span class=\"elementor-screen-only\">Envelope<\/span>\n\t\t\t\t\t\t<i aria-hidden=\"true\" class=\"fas fa-envelope\"><\/i>\t\t\t\t\t<\/a>\n\t\t\t\t<\/span>\n\t\t\t\t\t<\/div>\n\t\t\t\t\t\t<\/div>\n\t\t\t\t<\/div>\n\t\t\t\t\t<\/div>\n\t\t<\/div>\n\t\t\t\t<div class=\"elementor-column elementor-col-50 elementor-top-column elementor-element elementor-element-035ac2c\" data-id=\"035ac2c\" data-element_type=\"column\" data-e-type=\"column\">\n\t\t\t<div class=\"elementor-widget-wrap elementor-element-populated\">\n\t\t\t\t\t\t<div class=\"elementor-element elementor-element-203ec65 elementor-widget-divider--view-line elementor-widget elementor-widget-divider\" data-id=\"203ec65\" data-element_type=\"widget\" data-e-type=\"widget\" data-widget_type=\"divider.default\">\n\t\t\t\t<div class=\"elementor-widget-container\">\n\t\t\t\t\t\t\t<div class=\"elementor-divider\">\n\t\t\t<span class=\"elementor-divider-separator\">\n\t\t\t\t\t\t<\/span>\n\t\t<\/div>\n\t\t\t\t\t\t<\/div>\n\t\t\t\t<\/div>\n\t\t\t\t<div class=\"elementor-element elementor-element-7233294 elementor-widget elementor-widget-heading\" data-id=\"7233294\" data-element_type=\"widget\" data-e-type=\"widget\" data-widget_type=\"heading.default\">\n\t\t\t\t<div class=\"elementor-widget-container\">\n\t\t\t\t\t<h2 class=\"elementor-heading-title elementor-size-default\">Sabores dulces salados<\/h2>\t\t\t\t<\/div>\n\t\t\t\t<\/div>\n\t\t\t\t<div class=\"elementor-element elementor-element-e9eb26e elementor-widget elementor-widget-text-editor\" data-id=\"e9eb26e\" data-element_type=\"widget\" data-e-type=\"widget\" data-widget_type=\"text-editor.default\">\n\t\t\t\t<div class=\"elementor-widget-container\">\n\t\t\t\t\t\t\t\t\t<p>\u00a1Nuestro brunch <strong>con colores y sabores variados satisfar\u00e1 todas las papilas gustativas<\/strong>, para j\u00f3venes y mayores! Encuentra los cl\u00e1sicos del brunch: boller\u00eda, mermeladas de pan, tortitas, huevos, salm\u00f3n y quesos&#8230; \u00a1Pero tambi\u00e9n <strong>toques ex\u00f3ticos gracias a nuestros brunch tem\u00e1ticos<\/strong>! Dir\u00edgete a nuestra p\u00e1gina de Instagram para m\u00e1s!<\/p>\t\t\t\t\t\t\t\t<\/div>\n\t\t\t\t<\/div>\n\t\t\t\t<div class=\"elementor-element elementor-element-27b4e6a elementor-widget elementor-widget-image\" data-id=\"27b4e6a\" data-element_type=\"widget\" data-e-type=\"widget\" data-widget_type=\"image.default\">\n\t\t\t\t<div class=\"elementor-widget-container\">\n\t\t\t\t\t\t\t\t\t\t\t\t\t\t\t<img decoding=\"async\" width=\"800\" height=\"978\" src=\"https:\/\/www.hotelchamplain.com\/wp-content\/uploads\/2022\/03\/Brunch-Hotel-Champlain-La-Rochelle-838x1024.jpg\" class=\"attachment-large size-large wp-image-8664\" alt=\"Brunch H\u00f4tel Champlain La Rochelle\" srcset=\"https:\/\/www.hotelchamplain.com\/wp-content\/uploads\/2022\/03\/Brunch-Hotel-Champlain-La-Rochelle-838x1024.jpg 838w, https:\/\/www.hotelchamplain.com\/wp-content\/uploads\/2022\/03\/Brunch-Hotel-Champlain-La-Rochelle-246x300.jpg 246w, https:\/\/www.hotelchamplain.com\/wp-content\/uploads\/2022\/03\/Brunch-Hotel-Champlain-La-Rochelle-768x938.jpg 768w, https:\/\/www.hotelchamplain.com\/wp-content\/uploads\/2022\/03\/Brunch-Hotel-Champlain-La-Rochelle.jpg 1024w\" sizes=\"(max-width: 800px) 100vw, 800px\" \/>\t\t\t\t\t\t\t\t\t\t\t\t\t\t\t<\/div>\n\t\t\t\t<\/div>\n\t\t\t\t\t<\/div>\n\t\t<\/div>\n\t\t\t\t\t<\/div>\n\t\t<\/section>\n\t\t\t\t<\/div>\n\t\t","protected":false},"excerpt":{"rendered":"<p>Un domingo al mes, disfrute de un brunch gastron\u00f3mico en el H\u00f4tel Champlain de La Rochelle: buf\u00e9 dulce y salado, productos frescos, ambiente acogedor. Se recomienda reservar.<\/p>\n","protected":false},"author":5,"featured_media":17735,"parent":16525,"menu_order":0,"comment_status":"closed","ping_status":"closed","template":"","meta":{"_acf_changed":false,"footnotes":""},"tags":[166],"class_list":["post-8867","page","type-page","status-publish","has-post-thumbnail","hentry","tag-restauration-es"],"acf":[],"_links":{"self":[{"href":"https:\/\/www.hotelchamplain.com\/es\/wp-json\/wp\/v2\/pages\/8867","targetHints":{"allow":["GET"]}}],"collection":[{"href":"https:\/\/www.hotelchamplain.com\/es\/wp-json\/wp\/v2\/pages"}],"about":[{"href":"https:\/\/www.hotelchamplain.com\/es\/wp-json\/wp\/v2\/types\/page"}],"author":[{"embeddable":true,"href":"https:\/\/www.hotelchamplain.com\/es\/wp-json\/wp\/v2\/users\/5"}],"replies":[{"embeddable":true,"href":"https:\/\/www.hotelchamplain.com\/es\/wp-json\/wp\/v2\/comments?post=8867"}],"version-history":[{"count":82,"href":"https:\/\/www.hotelchamplain.com\/es\/wp-json\/wp\/v2\/pages\/8867\/revisions"}],"predecessor-version":[{"id":19219,"href":"https:\/\/www.hotelchamplain.com\/es\/wp-json\/wp\/v2\/pages\/8867\/revisions\/19219"}],"up":[{"embeddable":true,"href":"https:\/\/www.hotelchamplain.com\/es\/wp-json\/wp\/v2\/pages\/16525"}],"wp:featuredmedia":[{"embeddable":true,"href":"https:\/\/www.hotelchamplain.com\/es\/wp-json\/wp\/v2\/media\/17735"}],"wp:attachment":[{"href":"https:\/\/www.hotelchamplain.com\/es\/wp-json\/wp\/v2\/media?parent=8867"}],"wp:term":[{"taxonomy":"post_tag","embeddable":true,"href":"https:\/\/www.hotelchamplain.com\/es\/wp-json\/wp\/v2\/tags?post=8867"}],"curies":[{"name":"wp","href":"https:\/\/api.w.org\/{rel}","templated":true}]}}