{"id":1392,"date":"2021-11-02T14:01:24","date_gmt":"2021-11-02T14:01:24","guid":{"rendered":"https:\/\/hotel.site7.eu\/?page_id=1392"},"modified":"2026-02-17T17:45:43","modified_gmt":"2026-02-17T16:45:43","slug":"offres","status":"publish","type":"page","link":"https:\/\/www.hotelchamplain.com\/fr\/offres\/","title":{"rendered":"Offres"},"content":{"rendered":"\t\t<div data-elementor-type=\"wp-page\" data-elementor-id=\"1392\" class=\"elementor elementor-1392\" data-elementor-post-type=\"page\">\n\t\t\t\t\t\t<section data-dce-background-overlay-color=\"#000000\" data-dce-background-image-url=\"https:\/\/www.hotelchamplain.com\/wp-content\/uploads\/2021\/11\/hotel-le-champlain-la-rochelle-terrasse-7572.webp\" class=\"elementor-section elementor-top-section elementor-element elementor-element-6c90107 elementor-section-full_width elementor-section-height-min-height elementor-section-height-default elementor-section-items-middle\" data-id=\"6c90107\" data-element_type=\"section\" data-e-type=\"section\" data-settings=\"{&quot;background_background&quot;:&quot;classic&quot;}\">\n\t\t\t\t\t\t\t<div class=\" elementor-background-overlay lazyelementorbackgroundimages \"><\/div>\n\t\t\t\t\t\t\t<div class=\"elementor-container elementor-column-gap-default\">\n\t\t\t\t\t<div class=\"elementor-column elementor-col-100 elementor-top-column elementor-element elementor-element-3308e87\" data-id=\"3308e87\" data-element_type=\"column\" data-e-type=\"column\">\n\t\t\t<div class=\"elementor-widget-wrap elementor-element-populated\">\n\t\t\t\t\t\t\t<\/div>\n\t\t<\/div>\n\t\t\t\t\t<\/div>\n\t\t<\/section>\n\t\t\t\t<section class=\"elementor-section elementor-top-section elementor-element elementor-element-f31bf67 elementor-section-boxed elementor-section-height-default elementor-section-height-default\" data-id=\"f31bf67\" data-element_type=\"section\" data-e-type=\"section\">\n\t\t\t\t\t\t<div class=\"elementor-container elementor-column-gap-default\">\n\t\t\t\t\t<div class=\"elementor-column elementor-col-100 elementor-top-column elementor-element elementor-element-ce6f0d7\" data-id=\"ce6f0d7\" data-element_type=\"column\" data-e-type=\"column\">\n\t\t\t<div class=\"elementor-widget-wrap elementor-element-populated\">\n\t\t\t\t\t\t<div class=\"elementor-element elementor-element-74408f6 elementor-widget-divider--view-line elementor-widget elementor-widget-divider\" data-id=\"74408f6\" data-element_type=\"widget\" data-e-type=\"widget\" data-widget_type=\"divider.default\">\n\t\t\t\t<div class=\"elementor-widget-container\">\n\t\t\t\t\t\t\t<div class=\"elementor-divider\">\n\t\t\t<span class=\"elementor-divider-separator\">\n\t\t\t\t\t\t<\/span>\n\t\t<\/div>\n\t\t\t\t\t\t<\/div>\n\t\t\t\t<\/div>\n\t\t\t\t<div class=\"elementor-element elementor-element-2e058c2 elementor-widget elementor-widget-heading\" data-id=\"2e058c2\" data-element_type=\"widget\" data-e-type=\"widget\" data-widget_type=\"heading.default\">\n\t\t\t\t<div class=\"elementor-widget-container\">\n\t\t\t\t\t<h1 class=\"elementor-heading-title elementor-size-default\">Des offres de voyage et de d\u00e9couverte<\/h1>\t\t\t\t<\/div>\n\t\t\t\t<\/div>\n\t\t\t\t<div class=\"elementor-element elementor-element-338c70e elementor-widget elementor-widget-text-editor\" data-id=\"338c70e\" data-element_type=\"widget\" data-e-type=\"widget\" data-widget_type=\"text-editor.default\">\n\t\t\t\t<div class=\"elementor-widget-container\">\n\t\t\t\t\t\t\t\t\t<h2>Faites plaisir \u00e0 vos proches !\u00a0<\/h2><p>D\u00e9couvrez nos offres et profitez d\u2019un s\u00e9jour sur mesure au c\u0153ur de La Rochelle\u202f! En r\u00e9servant en direct sur notre site, ou par t\u00e9l\u00e9phone, vous b\u00e9n\u00e9ficierez toujours d\u2019un meilleur tarif, ainsi que de nombreux avantages\u202f!<\/p>\t\t\t\t\t\t\t\t<\/div>\n\t\t\t\t<\/div>\n\t\t\t\t<div class=\"elementor-element elementor-element-79c7568 elementor-grid-2 elementor-posts--thumbnail-top elementor-grid-tablet-2 elementor-grid-mobile-1 elementor-widget elementor-widget-posts\" data-id=\"79c7568\" data-element_type=\"widget\" data-e-type=\"widget\" data-settings=\"{&quot;custom_columns&quot;:&quot;2&quot;,&quot;custom_columns_tablet&quot;:&quot;2&quot;,&quot;custom_columns_mobile&quot;:&quot;1&quot;,&quot;custom_row_gap&quot;:{&quot;unit&quot;:&quot;px&quot;,&quot;size&quot;:35,&quot;sizes&quot;:[]},&quot;custom_row_gap_tablet&quot;:{&quot;unit&quot;:&quot;px&quot;,&quot;size&quot;:&quot;&quot;,&quot;sizes&quot;:[]},&quot;custom_row_gap_mobile&quot;:{&quot;unit&quot;:&quot;px&quot;,&quot;size&quot;:&quot;&quot;,&quot;sizes&quot;:[]}}\" data-widget_type=\"posts.custom\">\n\t\t\t\t<div class=\"elementor-widget-container\">\n\t\t\t\t\t      <div class=\"ecs-posts elementor-posts-container elementor-posts   elementor-grid elementor-posts--skin-custom\" data-settings=\"{&quot;current_page&quot;:1,&quot;max_num_pages&quot;:1,&quot;load_method&quot;:&quot;&quot;,&quot;widget_id&quot;:&quot;79c7568&quot;,&quot;post_id&quot;:1392,&quot;theme_id&quot;:1392,&quot;change_url&quot;:false,&quot;reinit_js&quot;:false}\">\n      \t\t<article id=\"post-1408\" class=\"elementor-post elementor-grid-item ecs-post-loop post-1408 offers type-offers status-publish has-post-thumbnail hentry\">\n\t\t\t\t<div data-elementor-type=\"loop\" data-elementor-id=\"1412\" class=\"elementor elementor-1412 post-1408 offers type-offers status-publish has-post-thumbnail hentry\" data-elementor-post-type=\"elementor_library\">\n\t\t\t\t\t<section class=\"elementor-section elementor-top-section elementor-element elementor-element-b229d43 elementor-section-boxed elementor-section-height-default elementor-section-height-default\" data-id=\"b229d43\" data-element_type=\"section\" data-e-type=\"section\">\n\t\t\t\t\t\t<div class=\"elementor-container elementor-column-gap-default\">\n\t\t\t\t\t<div class=\"elementor-column elementor-col-100 elementor-top-column elementor-element elementor-element-d4a3b69\" data-id=\"d4a3b69\" data-element_type=\"column\" data-e-type=\"column\">\n\t\t\t<div class=\"elementor-widget-wrap elementor-element-populated\">\n\t\t\t\t\t\t<div class=\"elementor-element elementor-element-61876fd elementor-widget elementor-widget-theme-post-featured-image elementor-widget-image\" data-id=\"61876fd\" data-element_type=\"widget\" data-e-type=\"widget\" data-widget_type=\"theme-post-featured-image.default\">\n\t\t\t\t<div class=\"elementor-widget-container\">\n\t\t\t\t\t\t\t\t\t\t\t\t\t\t\t\t<a href=\"https:\/\/www.hotelchamplain.com\/fr\/offers\/offre-meilleur-tarif-garanti-hotel\/\">\n\t\t\t\t\t\t\t<img fetchpriority=\"high\" decoding=\"async\" width=\"782\" height=\"517\" src=\"https:\/\/www.hotelchamplain.com\/wp-content\/uploads\/2021\/12\/Offre-meilleur-tarif-garanti.jpg\" class=\"elementor-animation-grow attachment-large size-large wp-image-7304\" alt=\"Offre Meilleur Tarif Garanti \u00e0 l\u2019H\u00f4tel Le Champlain \u00e0 La Rochelle, entre \u00e9l\u00e9gance des chambres et charme de la fa\u00e7ade historique\" srcset=\"https:\/\/www.hotelchamplain.com\/wp-content\/uploads\/2021\/12\/Offre-meilleur-tarif-garanti.jpg 782w, https:\/\/www.hotelchamplain.com\/wp-content\/uploads\/2021\/12\/Offre-meilleur-tarif-garanti-300x198.jpg 300w, https:\/\/www.hotelchamplain.com\/wp-content\/uploads\/2021\/12\/Offre-meilleur-tarif-garanti-768x508.jpg 768w\" sizes=\"(max-width: 782px) 100vw, 782px\" \/>\t\t\t\t\t\t\t\t<\/a>\n\t\t\t\t\t\t\t\t\t\t\t\t\t\t\t<\/div>\n\t\t\t\t<\/div>\n\t\t\t\t<div data-dce-title-color=\"#AC9779\" data-dce-advanced-background-color=\"#F3F3F3\" class=\"elementor-element elementor-element-1981292 elementor-widget elementor-widget-image-box\" data-id=\"1981292\" data-element_type=\"widget\" data-e-type=\"widget\" data-widget_type=\"image-box.default\">\n\t\t\t\t<div class=\"elementor-widget-container\">\n\t\t\t\t\t<div class=\"elementor-image-box-wrapper\"><div class=\"elementor-image-box-content\"><h3 class=\"elementor-image-box-title\">Offre Meilleur Tarif Garanti<\/h3><p class=\"elementor-image-box-description\">Offres<\/p><\/div><\/div>\t\t\t\t<\/div>\n\t\t\t\t<\/div>\n\t\t\t\t<div data-dce-background-color=\"#BFA36500\" class=\"elementor-element elementor-element-0f47a1d elementor-align-center champlain-custom-btn-padding elementor-mobile-align-center elementor-widget elementor-widget-button\" data-id=\"0f47a1d\" data-element_type=\"widget\" data-e-type=\"widget\" data-widget_type=\"button.default\">\n\t\t\t\t<div class=\"elementor-widget-container\">\n\t\t\t\t\t\t\t\t\t<div class=\"elementor-button-wrapper\">\n\t\t\t\t\t<a class=\"elementor-button elementor-button-link elementor-size-sm\" href=\"https:\/\/www.hotelchamplain.com\/fr\/offers\/offre-meilleur-tarif-garanti-hotel\/\">\n\t\t\t\t\t\t<span class=\"elementor-button-content-wrapper\">\n\t\t\t\t\t\t\t\t\t<span class=\"elementor-button-text\">D\u00e9couvrir<\/span>\n\t\t\t\t\t<\/span>\n\t\t\t\t\t<\/a>\n\t\t\t\t<\/div>\n\t\t\t\t\t\t\t\t<\/div>\n\t\t\t\t<\/div>\n\t\t\t\t\t<\/div>\n\t\t<\/div>\n\t\t\t\t\t<\/div>\n\t\t<\/section>\n\t\t\t\t<\/div>\n\t\t\t\t<\/article>\n\t\t\t\t<\/div>\n\t\t\t\t\t\t<\/div>\n\t\t\t\t<\/div>\n\t\t\t\t\t<\/div>\n\t\t<\/div>\n\t\t\t\t\t<\/div>\n\t\t<\/section>\n\t\t\t\t<section class=\"elementor-section elementor-top-section elementor-element elementor-element-160437a elementor-section-boxed elementor-section-height-default elementor-section-height-default\" data-id=\"160437a\" data-element_type=\"section\" data-e-type=\"section\">\n\t\t\t\t\t\t<div class=\"elementor-container elementor-column-gap-default\">\n\t\t\t\t\t<div class=\"elementor-column elementor-col-50 elementor-top-column elementor-element elementor-element-21632bd\" data-id=\"21632bd\" data-element_type=\"column\" data-e-type=\"column\">\n\t\t\t<div class=\"elementor-widget-wrap elementor-element-populated\">\n\t\t\t\t\t\t<div class=\"elementor-element elementor-element-0622d6e elementor-widget elementor-widget-image\" data-id=\"0622d6e\" data-element_type=\"widget\" data-e-type=\"widget\" data-widget_type=\"image.default\">\n\t\t\t\t<div class=\"elementor-widget-container\">\n\t\t\t\t\t\t\t\t\t\t\t\t\t\t\t\t<a href=\"https:\/\/hotelchamplain.secretbox.fr\/\" target=\"_blank\">\n\t\t\t\t\t\t\t<img decoding=\"async\" width=\"800\" height=\"533\" src=\"https:\/\/www.hotelchamplain.com\/wp-content\/uploads\/2022\/02\/Bon-cadeau-Hotel-Champlain-1024x682.jpg\" class=\"attachment-large size-large wp-image-7294\" alt=\"H\u00f4tel Champlain - La Rochelle Centre ville | Bon cadeau\" srcset=\"https:\/\/www.hotelchamplain.com\/wp-content\/uploads\/2022\/02\/Bon-cadeau-Hotel-Champlain-1024x682.jpg 1024w, https:\/\/www.hotelchamplain.com\/wp-content\/uploads\/2022\/02\/Bon-cadeau-Hotel-Champlain-300x200.jpg 300w, https:\/\/www.hotelchamplain.com\/wp-content\/uploads\/2022\/02\/Bon-cadeau-Hotel-Champlain-768x511.jpg 768w, https:\/\/www.hotelchamplain.com\/wp-content\/uploads\/2022\/02\/Bon-cadeau-Hotel-Champlain.jpg 1080w\" sizes=\"(max-width: 800px) 100vw, 800px\" \/>\t\t\t\t\t\t\t\t<\/a>\n\t\t\t\t\t\t\t\t\t\t\t\t\t\t\t<\/div>\n\t\t\t\t<\/div>\n\t\t\t\t\t<\/div>\n\t\t<\/div>\n\t\t\t\t<div class=\"elementor-column elementor-col-50 elementor-top-column elementor-element elementor-element-0793d26\" data-id=\"0793d26\" data-element_type=\"column\" data-e-type=\"column\">\n\t\t\t<div class=\"elementor-widget-wrap elementor-element-populated\">\n\t\t\t\t\t\t<div class=\"elementor-element elementor-element-832a8ea elementor-widget elementor-widget-heading\" data-id=\"832a8ea\" data-element_type=\"widget\" data-e-type=\"widget\" data-widget_type=\"heading.default\">\n\t\t\t\t<div class=\"elementor-widget-container\">\n\t\t\t\t\t<h2 class=\"elementor-heading-title elementor-size-default\">Coffrets cadeaux<\/h2>\t\t\t\t<\/div>\n\t\t\t\t<\/div>\n\t\t\t\t<div class=\"elementor-element elementor-element-17bc309 elementor-widget elementor-widget-text-editor\" data-id=\"17bc309\" data-element_type=\"widget\" data-e-type=\"widget\" data-widget_type=\"text-editor.default\">\n\t\t\t\t<div class=\"elementor-widget-container\">\n\t\t\t\t\t\t\t\t\t<p>Vous souhaitez offrir un s\u00e9jour \u00e0 un proche, n\u2019h\u00e9sitez pas <span style=\"color: #ac9779;\"><strong><a style=\"color: #ac9779;\" href=\"https:\/\/hotelchamplain.secretbox.fr\/\" target=\"_blank\" rel=\"noopener\">\u00e0 consulter nos coffrets cadeaux<\/a> !<\/strong><\/span><\/p>\t\t\t\t\t\t\t\t<\/div>\n\t\t\t\t<\/div>\n\t\t\t\t<div data-dce-background-color=\"#BFA36500\" class=\"elementor-element elementor-element-35a0d6f elementor-mobile-align-left elementor-align-left champlain-custom-btn-padding elementor-widget elementor-widget-button\" data-id=\"35a0d6f\" data-element_type=\"widget\" data-e-type=\"widget\" data-widget_type=\"button.default\">\n\t\t\t\t<div class=\"elementor-widget-container\">\n\t\t\t\t\t\t\t\t\t<div class=\"elementor-button-wrapper\">\n\t\t\t\t\t<a class=\"elementor-button elementor-button-link elementor-size-sm\" href=\"https:\/\/hotelchamplain.secretbox.fr\/\" target=\"_blank\">\n\t\t\t\t\t\t<span class=\"elementor-button-content-wrapper\">\n\t\t\t\t\t\t\t\t\t<span class=\"elementor-button-text\">COFFRETS CADEAUX<\/span>\n\t\t\t\t\t<\/span>\n\t\t\t\t\t<\/a>\n\t\t\t\t<\/div>\n\t\t\t\t\t\t\t\t<\/div>\n\t\t\t\t<\/div>\n\t\t\t\t\t<\/div>\n\t\t<\/div>\n\t\t\t\t\t<\/div>\n\t\t<\/section>\n\t\t\t\t<\/div>\n\t\t","protected":false},"excerpt":{"rendered":"<p>Des offres de voyage et de d\u00e9couverte Faites plaisir \u00e0 vos proches !\u00a0 D\u00e9couvrez nos offres et profitez d\u2019un s\u00e9jour sur mesure au c\u0153ur de La Rochelle\u202f! En r\u00e9servant en direct sur notre site, ou par t\u00e9l\u00e9phone, vous b\u00e9n\u00e9ficierez toujours d\u2019un meilleur tarif, ainsi que de nombreux avantages\u202f! Coffrets cadeaux Vous souhaitez offrir un s\u00e9jour [&hellip;]<\/p>\n","protected":false},"author":3,"featured_media":0,"parent":0,"menu_order":0,"comment_status":"closed","ping_status":"closed","template":"","meta":{"_acf_changed":false,"footnotes":""},"tags":[],"class_list":["post-1392","page","type-page","status-publish","hentry"],"acf":[],"_links":{"self":[{"href":"https:\/\/www.hotelchamplain.com\/fr\/wp-json\/wp\/v2\/pages\/1392","targetHints":{"allow":["GET"]}}],"collection":[{"href":"https:\/\/www.hotelchamplain.com\/fr\/wp-json\/wp\/v2\/pages"}],"about":[{"href":"https:\/\/www.hotelchamplain.com\/fr\/wp-json\/wp\/v2\/types\/page"}],"author":[{"embeddable":true,"href":"https:\/\/www.hotelchamplain.com\/fr\/wp-json\/wp\/v2\/users\/3"}],"replies":[{"embeddable":true,"href":"https:\/\/www.hotelchamplain.com\/fr\/wp-json\/wp\/v2\/comments?post=1392"}],"version-history":[{"count":82,"href":"https:\/\/www.hotelchamplain.com\/fr\/wp-json\/wp\/v2\/pages\/1392\/revisions"}],"predecessor-version":[{"id":19007,"href":"https:\/\/www.hotelchamplain.com\/fr\/wp-json\/wp\/v2\/pages\/1392\/revisions\/19007"}],"wp:attachment":[{"href":"https:\/\/www.hotelchamplain.com\/fr\/wp-json\/wp\/v2\/media?parent=1392"}],"wp:term":[{"taxonomy":"post_tag","embeddable":true,"href":"https:\/\/www.hotelchamplain.com\/fr\/wp-json\/wp\/v2\/tags?post=1392"}],"curies":[{"name":"wp","href":"https:\/\/api.w.org\/{rel}","templated":true}]}}