{"id":15964,"date":"2025-04-28T09:24:03","date_gmt":"2025-04-28T09:24:03","guid":{"rendered":"https:\/\/www2.hotelchamplain.com\/?page_id=15964"},"modified":"2026-02-17T17:06:59","modified_gmt":"2026-02-17T16:06:59","slug":"restauration","status":"publish","type":"page","link":"https:\/\/www.hotelchamplain.com\/fr\/restauration\/","title":{"rendered":"Restauration"},"content":{"rendered":"\t\t<div data-elementor-type=\"wp-page\" data-elementor-id=\"15964\" class=\"elementor elementor-15964\" data-elementor-post-type=\"page\">\n\t\t\t\t\t\t<section data-dce-background-overlay-color=\"#000000\" data-dce-background-image-url=\"https:\/\/www.hotelchamplain.com\/wp-content\/uploads\/2021\/11\/hotel-le-champlain-la-rochelle-salon-bar-002.webp\" class=\"elementor-section elementor-top-section elementor-element elementor-element-afa7e39 elementor-section-height-min-height elementor-section-full_width elementor-section-height-default elementor-section-items-middle\" data-id=\"afa7e39\" data-element_type=\"section\" data-e-type=\"section\" data-settings=\"{&quot;background_background&quot;:&quot;classic&quot;}\">\n\t\t\t\t\t\t\t<div class=\" elementor-background-overlay lazyelementorbackgroundimages \"><\/div>\n\t\t\t\t\t\t\t<div class=\"elementor-container elementor-column-gap-default\">\n\t\t\t\t\t<div class=\"elementor-column elementor-col-100 elementor-top-column elementor-element elementor-element-2775b0a\" data-id=\"2775b0a\" data-element_type=\"column\" data-e-type=\"column\">\n\t\t\t<div class=\"elementor-widget-wrap elementor-element-populated\">\n\t\t\t\t\t\t<div data-dce-title-color=\"#FFFFFF\" class=\"elementor-element elementor-element-b185dc7 elementor-widget elementor-widget-heading\" data-id=\"b185dc7\" data-element_type=\"widget\" data-e-type=\"widget\" data-widget_type=\"heading.default\">\n\t\t\t\t<div class=\"elementor-widget-container\">\n\t\t\t\t\t<span class=\"elementor-heading-title elementor-size-default\">Restauration<\/span>\t\t\t\t<\/div>\n\t\t\t\t<\/div>\n\t\t\t\t\t<\/div>\n\t\t<\/div>\n\t\t\t\t\t<\/div>\n\t\t<\/section>\n\t\t\t\t<section class=\"elementor-section elementor-top-section elementor-element elementor-element-cf66d71 elementor-section-boxed elementor-section-height-default elementor-section-height-default\" data-id=\"cf66d71\" data-element_type=\"section\" data-e-type=\"section\">\n\t\t\t\t\t\t<div class=\"elementor-container elementor-column-gap-default\">\n\t\t\t\t\t<div class=\"elementor-column elementor-col-100 elementor-top-column elementor-element elementor-element-7b9ff08\" data-id=\"7b9ff08\" data-element_type=\"column\" data-e-type=\"column\">\n\t\t\t<div class=\"elementor-widget-wrap elementor-element-populated\">\n\t\t\t\t\t\t<div class=\"elementor-element elementor-element-ec8198b elementor-widget elementor-widget-heading\" data-id=\"ec8198b\" data-element_type=\"widget\" data-e-type=\"widget\" data-widget_type=\"heading.default\">\n\t\t\t\t<div class=\"elementor-widget-container\">\n\t\t\t\t\t<h1 class=\"elementor-heading-title elementor-size-default\">Un moment gourmand au c\u0153ur de La Rochelle<\/h1>\t\t\t\t<\/div>\n\t\t\t\t<\/div>\n\t\t\t\t<div class=\"elementor-element elementor-element-9119406 elementor-widget elementor-widget-text-editor\" data-id=\"9119406\" data-element_type=\"widget\" data-e-type=\"widget\" data-widget_type=\"text-editor.default\">\n\t\t\t\t<div class=\"elementor-widget-container\">\n\t\t\t\t\t\t\t\t\t<p>L&rsquo;H\u00f4tel <strong>Le Champlain vous accueille dans un cadre convivial<\/strong> pour savourer des moments gourmands tout au long de la journ\u00e9e. <strong>Du petit-d\u00e9jeuner buffet<\/strong> aux <strong>cocktails au bar<\/strong>, en passant par <strong>notre brunch du dimanche<\/strong>, profitez d&rsquo;une cuisine de qualit\u00e9 dans une atmosph\u00e8re chaleureuse.<\/p>\t\t\t\t\t\t\t\t<\/div>\n\t\t\t\t<\/div>\n\t\t\t\t<div class=\"elementor-element elementor-element-c5f2793 elementor-widget elementor-widget-heading\" data-id=\"c5f2793\" data-element_type=\"widget\" data-e-type=\"widget\" data-widget_type=\"heading.default\">\n\t\t\t\t<div class=\"elementor-widget-container\">\n\t\t\t\t\t<h2 class=\"elementor-heading-title elementor-size-default\">Nos services de restauration<\/h2>\t\t\t\t<\/div>\n\t\t\t\t<\/div>\n\t\t\t\t<div class=\"elementor-element elementor-element-4cebedf elementor-grid-1 elementor-grid-tablet-1 elementor-posts--thumbnail-top elementor-grid-mobile-1 elementor-widget elementor-widget-posts\" data-id=\"4cebedf\" data-element_type=\"widget\" data-e-type=\"widget\" data-settings=\"{&quot;custom_alternating_templates&quot;:&quot;yes&quot;,&quot;custom_columns&quot;:&quot;1&quot;,&quot;custom_row_gap&quot;:{&quot;unit&quot;:&quot;px&quot;,&quot;size&quot;:0,&quot;sizes&quot;:[]},&quot;custom_columns_tablet&quot;:&quot;1&quot;,&quot;custom_columns_mobile&quot;:&quot;1&quot;,&quot;custom_row_gap_tablet&quot;:{&quot;unit&quot;:&quot;px&quot;,&quot;size&quot;:&quot;&quot;,&quot;sizes&quot;:[]},&quot;custom_row_gap_mobile&quot;:{&quot;unit&quot;:&quot;px&quot;,&quot;size&quot;:&quot;&quot;,&quot;sizes&quot;:[]}}\" data-widget_type=\"posts.custom\">\n\t\t\t\t<div class=\"elementor-widget-container\">\n\t\t\t\t\t      <div class=\"ecs-posts elementor-posts-container elementor-posts   elementor-grid elementor-posts--skin-custom\" data-settings=\"{&quot;current_page&quot;:1,&quot;max_num_pages&quot;:1,&quot;load_method&quot;:&quot;&quot;,&quot;widget_id&quot;:&quot;4cebedf&quot;,&quot;post_id&quot;:15964,&quot;theme_id&quot;:15964,&quot;change_url&quot;:false,&quot;reinit_js&quot;:false}\">\n      \t\t<article id=\"post-16100\" class=\"elementor-post elementor-grid-item ecs-post-loop post-16100 page type-page status-publish has-post-thumbnail hentry tag-restauration\">\n\t\t\t\t<div data-elementor-type=\"loop\" data-elementor-id=\"1056\" class=\"elementor elementor-1056 post-16100 page type-page status-publish has-post-thumbnail hentry tag-restauration\" data-elementor-post-type=\"elementor_library\">\n\t\t\t\t\t<section class=\"elementor-section elementor-top-section elementor-element elementor-element-923fabc elementor-section-content-middle elementor-section-boxed elementor-section-height-default elementor-section-height-default\" data-id=\"923fabc\" data-element_type=\"section\" data-e-type=\"section\">\n\t\t\t\t\t\t<div class=\"elementor-container elementor-column-gap-default\">\n\t\t\t\t\t<div data-dce-background-color=\"#F3F3F3\" class=\"elementor-column elementor-col-50 elementor-top-column elementor-element elementor-element-4b01de2\" data-id=\"4b01de2\" data-element_type=\"column\" data-e-type=\"column\" data-settings=\"{&quot;background_background&quot;:&quot;classic&quot;}\">\n\t\t\t<div class=\"elementor-widget-wrap elementor-element-populated\">\n\t\t\t\t\t\t<div class=\"elementor-element elementor-element-e587ee1 elementor-widget elementor-widget-image\" data-id=\"e587ee1\" data-element_type=\"widget\" data-e-type=\"widget\" data-widget_type=\"image.default\">\n\t\t\t\t<div class=\"elementor-widget-container\">\n\t\t\t\t\t\t\t\t\t\t\t\t\t\t\t<img decoding=\"async\" src=\"https:\/\/www.hotelchamplain.com\/wp-content\/uploads\/2021\/11\/petit-hotel-le-champlain-la-rochelle-icone-dejeuner.svg\" class=\"attachment-full size-full wp-image-15832\" alt=\"\" \/>\t\t\t\t\t\t\t\t\t\t\t\t\t\t\t<\/div>\n\t\t\t\t<\/div>\n\t\t\t\t<div class=\"elementor-element elementor-element-1be932b elementor-widget elementor-widget-heading\" data-id=\"1be932b\" data-element_type=\"widget\" data-e-type=\"widget\" data-widget_type=\"heading.default\">\n\t\t\t\t<div class=\"elementor-widget-container\">\n\t\t\t\t\t<h3 class=\"elementor-heading-title elementor-size-default\">Petit d\u00e9jeuner<\/h3>\t\t\t\t<\/div>\n\t\t\t\t<\/div>\n\t\t\t\t<div class=\"elementor-element elementor-element-82a84db elementor-widget elementor-widget-text-editor\" data-id=\"82a84db\" data-element_type=\"widget\" data-e-type=\"widget\" data-widget_type=\"text-editor.default\">\n\t\t\t\t<div class=\"elementor-widget-container\">\n\t\t\t\t\t\t\t\t\tFaites le plein d\u2019\u00e9nergie avant de partir \u00e0 la d\u00e9couverte de la ville ! Nous vous proposons une formule buffet\u2026\t\t\t\t\t\t\t\t<\/div>\n\t\t\t\t<\/div>\n\t\t\t\t<div data-dce-background-color=\"#BFA36500\" class=\"elementor-element elementor-element-badd8ff champlain-custom-btn-padding elementor-align-left elementor-mobile-align-left elementor-widget elementor-widget-button\" data-id=\"badd8ff\" data-element_type=\"widget\" data-e-type=\"widget\" data-widget_type=\"button.default\">\n\t\t\t\t<div class=\"elementor-widget-container\">\n\t\t\t\t\t\t\t\t\t<div class=\"elementor-button-wrapper\">\n\t\t\t\t\t<a class=\"elementor-button elementor-button-link elementor-size-sm\" href=\"https:\/\/www.hotelchamplain.com\/fr\/services-hotel-la-rochelle\/petit-dejeuner-gourmand-la-rochelle\/\">\n\t\t\t\t\t\t<span class=\"elementor-button-content-wrapper\">\n\t\t\t\t\t\t<span class=\"elementor-button-icon\">\n\t\t\t\t<i aria-hidden=\"true\" class=\"icon icon-arrow-right\"><\/i>\t\t\t<\/span>\n\t\t\t\t\t\t\t\t\t<span class=\"elementor-button-text\">En savoir plus<\/span>\n\t\t\t\t\t<\/span>\n\t\t\t\t\t<\/a>\n\t\t\t\t<\/div>\n\t\t\t\t\t\t\t\t<\/div>\n\t\t\t\t<\/div>\n\t\t\t\t\t<\/div>\n\t\t<\/div>\n\t\t\t\t<div class=\"elementor-column elementor-col-50 elementor-top-column elementor-element elementor-element-a50d26f\" data-id=\"a50d26f\" data-element_type=\"column\" data-e-type=\"column\">\n\t\t\t<div class=\"elementor-widget-wrap elementor-element-populated\">\n\t\t\t\t\t\t<div class=\"elementor-element elementor-element-4dda7a6 elementor-widget elementor-widget-image\" data-id=\"4dda7a6\" data-element_type=\"widget\" data-e-type=\"widget\" data-widget_type=\"image.default\">\n\t\t\t\t<div class=\"elementor-widget-container\">\n\t\t\t\t\t\t\t\t\t\t\t\t\t\t\t\t<a href=\"https:\/\/www.hotelchamplain.com\/fr\/services-hotel-la-rochelle\/petit-dejeuner-gourmand-la-rochelle\/\">\n\t\t\t\t\t\t\t<img fetchpriority=\"high\" decoding=\"async\" width=\"1800\" height=\"1200\" src=\"https:\/\/www.hotelchamplain.com\/wp-content\/uploads\/2023\/08\/hotel-le-champlain-la-rochelle-petit-dejeuner-7531.webp\" class=\"elementor-animation-grow attachment-full size-full wp-image-10902\" alt=\"Buffet de petit-d\u00e9jeuner de l\u2019H\u00f4tel Le Champlain \u00e0 La Rochelle avec viennoiseries, confitures artisanales et pain frais\" srcset=\"https:\/\/www.hotelchamplain.com\/wp-content\/uploads\/2023\/08\/hotel-le-champlain-la-rochelle-petit-dejeuner-7531.webp 1800w, https:\/\/www.hotelchamplain.com\/wp-content\/uploads\/2023\/08\/hotel-le-champlain-la-rochelle-petit-dejeuner-7531-300x200.webp 300w, https:\/\/www.hotelchamplain.com\/wp-content\/uploads\/2023\/08\/hotel-le-champlain-la-rochelle-petit-dejeuner-7531-1024x683.webp 1024w, https:\/\/www.hotelchamplain.com\/wp-content\/uploads\/2023\/08\/hotel-le-champlain-la-rochelle-petit-dejeuner-7531-768x512.webp 768w, https:\/\/www.hotelchamplain.com\/wp-content\/uploads\/2023\/08\/hotel-le-champlain-la-rochelle-petit-dejeuner-7531-1536x1024.webp 1536w\" sizes=\"(max-width: 1800px) 100vw, 1800px\" \/>\t\t\t\t\t\t\t\t<\/a>\n\t\t\t\t\t\t\t\t\t\t\t\t\t\t\t<\/div>\n\t\t\t\t<\/div>\n\t\t\t\t\t<\/div>\n\t\t<\/div>\n\t\t\t\t\t<\/div>\n\t\t<\/section>\n\t\t\t\t<\/div>\n\t\t\t\t<\/article>\n\t\t\t\t<article id=\"post-16077\" class=\"elementor-post elementor-grid-item ecs-post-loop post-16077 page type-page status-publish has-post-thumbnail hentry tag-restauration\">\n\t\t\t\t<div data-elementor-type=\"loop\" data-elementor-id=\"1062\" class=\"elementor elementor-1062 post-16077 page type-page status-publish has-post-thumbnail hentry tag-restauration\" data-elementor-post-type=\"elementor_library\">\n\t\t\t\t\t<section class=\"elementor-section elementor-top-section elementor-element elementor-element-9bdd7f2 elementor-section-content-middle elementor-reverse-mobile elementor-section-boxed elementor-section-height-default elementor-section-height-default\" data-id=\"9bdd7f2\" data-element_type=\"section\" data-e-type=\"section\">\n\t\t\t\t\t\t<div class=\"elementor-container elementor-column-gap-default\">\n\t\t\t\t\t<div class=\"elementor-column elementor-col-50 elementor-top-column elementor-element elementor-element-e98cbc1\" data-id=\"e98cbc1\" data-element_type=\"column\" data-e-type=\"column\">\n\t\t\t<div class=\"elementor-widget-wrap elementor-element-populated\">\n\t\t\t\t\t\t<div class=\"elementor-element elementor-element-2d3e1c1 elementor-widget elementor-widget-image\" data-id=\"2d3e1c1\" data-element_type=\"widget\" data-e-type=\"widget\" data-widget_type=\"image.default\">\n\t\t\t\t<div class=\"elementor-widget-container\">\n\t\t\t\t\t\t\t\t\t\t\t\t\t\t\t\t<a href=\"https:\/\/www.hotelchamplain.com\/fr\/services-hotel-la-rochelle\/bar-et-evenements\/\">\n\t\t\t\t\t\t\t<img decoding=\"async\" width=\"800\" height=\"534\" src=\"https:\/\/www.hotelchamplain.com\/wp-content\/uploads\/2021\/11\/hotel-le-champlain-la-rochelle-salon-bar-002-1024x683.webp\" class=\"elementor-animation-grow attachment-large size-large wp-image-10857\" alt=\"Bar \u00e9l\u00e9gant de l\u2019H\u00f4tel Le Champlain \u00e0 La Rochelle avec comptoir design et ambiance conviviale\" srcset=\"https:\/\/www.hotelchamplain.com\/wp-content\/uploads\/2021\/11\/hotel-le-champlain-la-rochelle-salon-bar-002-1024x683.webp 1024w, https:\/\/www.hotelchamplain.com\/wp-content\/uploads\/2021\/11\/hotel-le-champlain-la-rochelle-salon-bar-002-300x200.webp 300w, https:\/\/www.hotelchamplain.com\/wp-content\/uploads\/2021\/11\/hotel-le-champlain-la-rochelle-salon-bar-002-768x512.webp 768w, https:\/\/www.hotelchamplain.com\/wp-content\/uploads\/2021\/11\/hotel-le-champlain-la-rochelle-salon-bar-002-1536x1024.webp 1536w, https:\/\/www.hotelchamplain.com\/wp-content\/uploads\/2021\/11\/hotel-le-champlain-la-rochelle-salon-bar-002.webp 1800w\" sizes=\"(max-width: 800px) 100vw, 800px\" \/>\t\t\t\t\t\t\t\t<\/a>\n\t\t\t\t\t\t\t\t\t\t\t\t\t\t\t<\/div>\n\t\t\t\t<\/div>\n\t\t\t\t\t<\/div>\n\t\t<\/div>\n\t\t\t\t<div data-dce-background-color=\"#F3F3F3\" class=\"elementor-column elementor-col-50 elementor-top-column elementor-element elementor-element-4f3384f\" data-id=\"4f3384f\" data-element_type=\"column\" data-e-type=\"column\" data-settings=\"{&quot;background_background&quot;:&quot;classic&quot;}\">\n\t\t\t<div class=\"elementor-widget-wrap elementor-element-populated\">\n\t\t\t\t\t\t<div class=\"elementor-element elementor-element-396da3d elementor-widget elementor-widget-image\" data-id=\"396da3d\" data-element_type=\"widget\" data-e-type=\"widget\" data-widget_type=\"image.default\">\n\t\t\t\t<div class=\"elementor-widget-container\">\n\t\t\t\t\t\t\t\t\t\t\t\t\t\t\t<img decoding=\"async\" width=\"1\" height=\"1\" src=\"https:\/\/www.hotelchamplain.com\/wp-content\/uploads\/2021\/11\/hotel-le-champlain-la-rochelle-icone-bar.svg\" class=\"attachment-large size-large wp-image-15823\" alt=\"\" \/>\t\t\t\t\t\t\t\t\t\t\t\t\t\t\t<\/div>\n\t\t\t\t<\/div>\n\t\t\t\t<div class=\"elementor-element elementor-element-5c96a65 elementor-widget elementor-widget-heading\" data-id=\"5c96a65\" data-element_type=\"widget\" data-e-type=\"widget\" data-widget_type=\"heading.default\">\n\t\t\t\t<div class=\"elementor-widget-container\">\n\t\t\t\t\t<h3 class=\"elementor-heading-title elementor-size-default\">Bar &#038; \u00e9v\u00e9nements<\/h3>\t\t\t\t<\/div>\n\t\t\t\t<\/div>\n\t\t\t\t<div class=\"elementor-element elementor-element-2b9ff29 elementor-widget elementor-widget-text-editor\" data-id=\"2b9ff29\" data-element_type=\"widget\" data-e-type=\"widget\" data-widget_type=\"text-editor.default\">\n\t\t\t\t<div class=\"elementor-widget-container\">\n\t\t\t\t\t\t\t\t\tD\u00e9couvrez notre bar avec Terrasse &amp; Jardin proche du port de La Rochelle. Fraichement r\u00e9nov\u00e9, notre h\u00f4tel dispose d\u2019un espace bar\u2026\t\t\t\t\t\t\t\t<\/div>\n\t\t\t\t<\/div>\n\t\t\t\t<div data-dce-background-color=\"#BFA36500\" class=\"elementor-element elementor-element-cd6dff7 champlain-custom-btn-padding elementor-align-left elementor-mobile-align-left elementor-widget elementor-widget-button\" data-id=\"cd6dff7\" data-element_type=\"widget\" data-e-type=\"widget\" data-widget_type=\"button.default\">\n\t\t\t\t<div class=\"elementor-widget-container\">\n\t\t\t\t\t\t\t\t\t<div class=\"elementor-button-wrapper\">\n\t\t\t\t\t<a class=\"elementor-button elementor-button-link elementor-size-sm\" href=\"https:\/\/www.hotelchamplain.com\/fr\/services-hotel-la-rochelle\/bar-et-evenements\/\">\n\t\t\t\t\t\t<span class=\"elementor-button-content-wrapper\">\n\t\t\t\t\t\t<span class=\"elementor-button-icon\">\n\t\t\t\t<i aria-hidden=\"true\" class=\"icon icon-arrow-right\"><\/i>\t\t\t<\/span>\n\t\t\t\t\t\t\t\t\t<span class=\"elementor-button-text\">En savoir plus<\/span>\n\t\t\t\t\t<\/span>\n\t\t\t\t\t<\/a>\n\t\t\t\t<\/div>\n\t\t\t\t\t\t\t\t<\/div>\n\t\t\t\t<\/div>\n\t\t\t\t\t<\/div>\n\t\t<\/div>\n\t\t\t\t\t<\/div>\n\t\t<\/section>\n\t\t\t\t<\/div>\n\t\t\t\t<\/article>\n\t\t\t\t<article id=\"post-8630\" class=\"elementor-post elementor-grid-item ecs-post-loop post-8630 page type-page status-publish has-post-thumbnail hentry tag-restauration\">\n\t\t\t\t<div data-elementor-type=\"loop\" data-elementor-id=\"1056\" class=\"elementor elementor-1056 post-8630 page type-page status-publish has-post-thumbnail hentry tag-restauration\" data-elementor-post-type=\"elementor_library\">\n\t\t\t\t\t<section class=\"elementor-section elementor-top-section elementor-element elementor-element-923fabc elementor-section-content-middle elementor-section-boxed elementor-section-height-default elementor-section-height-default\" data-id=\"923fabc\" data-element_type=\"section\" data-e-type=\"section\">\n\t\t\t\t\t\t<div class=\"elementor-container elementor-column-gap-default\">\n\t\t\t\t\t<div data-dce-background-color=\"#F3F3F3\" class=\"elementor-column elementor-col-50 elementor-top-column elementor-element elementor-element-4b01de2\" data-id=\"4b01de2\" data-element_type=\"column\" data-e-type=\"column\" data-settings=\"{&quot;background_background&quot;:&quot;classic&quot;}\">\n\t\t\t<div class=\"elementor-widget-wrap elementor-element-populated\">\n\t\t\t\t\t\t<div class=\"elementor-element elementor-element-e587ee1 elementor-widget elementor-widget-image\" data-id=\"e587ee1\" data-element_type=\"widget\" data-e-type=\"widget\" data-widget_type=\"image.default\">\n\t\t\t\t<div class=\"elementor-widget-container\">\n\t\t\t\t\t\t\t\t\t\t\t\t\t\t\t<img decoding=\"async\" src=\"https:\/\/www.hotelchamplain.com\/wp-content\/uploads\/2025\/04\/hotel-le-champlain-la-rochelle-icone-breakfast-1.svg\" class=\"attachment-full size-full wp-image-14987\" alt=\"\" \/>\t\t\t\t\t\t\t\t\t\t\t\t\t\t\t<\/div>\n\t\t\t\t<\/div>\n\t\t\t\t<div class=\"elementor-element elementor-element-1be932b elementor-widget elementor-widget-heading\" data-id=\"1be932b\" data-element_type=\"widget\" data-e-type=\"widget\" data-widget_type=\"heading.default\">\n\t\t\t\t<div class=\"elementor-widget-container\">\n\t\t\t\t\t<h3 class=\"elementor-heading-title elementor-size-default\">Brunch<\/h3>\t\t\t\t<\/div>\n\t\t\t\t<\/div>\n\t\t\t\t<div class=\"elementor-element elementor-element-82a84db elementor-widget elementor-widget-text-editor\" data-id=\"82a84db\" data-element_type=\"widget\" data-e-type=\"widget\" data-widget_type=\"text-editor.default\">\n\t\t\t\t<div class=\"elementor-widget-container\">\n\t\t\t\t\t\t\t\t\tUn dimanche par mois, savourez un brunch gourmand \u00e0 l\u2019H\u00f4tel Champlain \u00e0 La Rochelle : buffet sucr\u00e9-sal\u00e9, produits frais, ambiance conviviale. R\u00e9servation conseill\u00e9e !\t\t\t\t\t\t\t\t<\/div>\n\t\t\t\t<\/div>\n\t\t\t\t<div data-dce-background-color=\"#BFA36500\" class=\"elementor-element elementor-element-badd8ff champlain-custom-btn-padding elementor-align-left elementor-mobile-align-left elementor-widget elementor-widget-button\" data-id=\"badd8ff\" data-element_type=\"widget\" data-e-type=\"widget\" data-widget_type=\"button.default\">\n\t\t\t\t<div class=\"elementor-widget-container\">\n\t\t\t\t\t\t\t\t\t<div class=\"elementor-button-wrapper\">\n\t\t\t\t\t<a class=\"elementor-button elementor-button-link elementor-size-sm\" href=\"https:\/\/www.hotelchamplain.com\/fr\/restauration\/brunch\/\">\n\t\t\t\t\t\t<span class=\"elementor-button-content-wrapper\">\n\t\t\t\t\t\t<span class=\"elementor-button-icon\">\n\t\t\t\t<i aria-hidden=\"true\" class=\"icon icon-arrow-right\"><\/i>\t\t\t<\/span>\n\t\t\t\t\t\t\t\t\t<span class=\"elementor-button-text\">En savoir plus<\/span>\n\t\t\t\t\t<\/span>\n\t\t\t\t\t<\/a>\n\t\t\t\t<\/div>\n\t\t\t\t\t\t\t\t<\/div>\n\t\t\t\t<\/div>\n\t\t\t\t\t<\/div>\n\t\t<\/div>\n\t\t\t\t<div class=\"elementor-column elementor-col-50 elementor-top-column elementor-element elementor-element-a50d26f\" data-id=\"a50d26f\" data-element_type=\"column\" data-e-type=\"column\">\n\t\t\t<div class=\"elementor-widget-wrap elementor-element-populated\">\n\t\t\t\t\t\t<div class=\"elementor-element elementor-element-4dda7a6 elementor-widget elementor-widget-image\" data-id=\"4dda7a6\" data-element_type=\"widget\" data-e-type=\"widget\" data-widget_type=\"image.default\">\n\t\t\t\t<div class=\"elementor-widget-container\">\n\t\t\t\t\t\t\t\t\t\t\t\t\t\t\t\t<a href=\"https:\/\/www.hotelchamplain.com\/fr\/restauration\/brunch\/\">\n\t\t\t\t\t\t\t<img loading=\"lazy\" decoding=\"async\" width=\"1920\" height=\"1280\" src=\"https:\/\/www.hotelchamplain.com\/wp-content\/uploads\/2025\/05\/brunch-hotel-champlain-la-rochelle.webp\" class=\"elementor-animation-grow attachment-full size-full wp-image-17733\" alt=\"Buffet de brunch \u00e0 l\u2019H\u00f4tel Le Champlain \u00e0 La Rochelle avec fruits frais, viennoiseries et produits locaux\" srcset=\"https:\/\/www.hotelchamplain.com\/wp-content\/uploads\/2025\/05\/brunch-hotel-champlain-la-rochelle.webp 1920w, https:\/\/www.hotelchamplain.com\/wp-content\/uploads\/2025\/05\/brunch-hotel-champlain-la-rochelle-300x200.webp 300w, https:\/\/www.hotelchamplain.com\/wp-content\/uploads\/2025\/05\/brunch-hotel-champlain-la-rochelle-1024x683.webp 1024w, https:\/\/www.hotelchamplain.com\/wp-content\/uploads\/2025\/05\/brunch-hotel-champlain-la-rochelle-768x512.webp 768w, https:\/\/www.hotelchamplain.com\/wp-content\/uploads\/2025\/05\/brunch-hotel-champlain-la-rochelle-1536x1024.webp 1536w\" sizes=\"(max-width: 1920px) 100vw, 1920px\" \/>\t\t\t\t\t\t\t\t<\/a>\n\t\t\t\t\t\t\t\t\t\t\t\t\t\t\t<\/div>\n\t\t\t\t<\/div>\n\t\t\t\t\t<\/div>\n\t\t<\/div>\n\t\t\t\t\t<\/div>\n\t\t<\/section>\n\t\t\t\t<\/div>\n\t\t\t\t<\/article>\n\t\t\t\t<\/div>\n\t\t\t\t\t\t<\/div>\n\t\t\t\t<\/div>\n\t\t\t\t\t<\/div>\n\t\t<\/div>\n\t\t\t\t\t<\/div>\n\t\t<\/section>\n\t\t\t\t<\/div>\n\t\t","protected":false},"excerpt":{"rendered":"<p>Un moment gourmand au c\u0153ur de La Rochelle L&rsquo;H\u00f4tel Le Champlain vous accueille dans un cadre convivial pour savourer des moments gourmands tout au long de la journ\u00e9e. Du petit-d\u00e9jeuner buffet aux cocktails au bar, en passant par notre brunch du dimanche, profitez d&rsquo;une cuisine de qualit\u00e9 dans une atmosph\u00e8re chaleureuse. Nos services de restauration<\/p>\n","protected":false},"author":9,"featured_media":0,"parent":0,"menu_order":0,"comment_status":"closed","ping_status":"closed","template":"","meta":{"_acf_changed":false,"footnotes":""},"tags":[],"class_list":["post-15964","page","type-page","status-publish","hentry"],"acf":[],"_links":{"self":[{"href":"https:\/\/www.hotelchamplain.com\/fr\/wp-json\/wp\/v2\/pages\/15964","targetHints":{"allow":["GET"]}}],"collection":[{"href":"https:\/\/www.hotelchamplain.com\/fr\/wp-json\/wp\/v2\/pages"}],"about":[{"href":"https:\/\/www.hotelchamplain.com\/fr\/wp-json\/wp\/v2\/types\/page"}],"author":[{"embeddable":true,"href":"https:\/\/www.hotelchamplain.com\/fr\/wp-json\/wp\/v2\/users\/9"}],"replies":[{"embeddable":true,"href":"https:\/\/www.hotelchamplain.com\/fr\/wp-json\/wp\/v2\/comments?post=15964"}],"version-history":[{"count":58,"href":"https:\/\/www.hotelchamplain.com\/fr\/wp-json\/wp\/v2\/pages\/15964\/revisions"}],"predecessor-version":[{"id":18932,"href":"https:\/\/www.hotelchamplain.com\/fr\/wp-json\/wp\/v2\/pages\/15964\/revisions\/18932"}],"wp:attachment":[{"href":"https:\/\/www.hotelchamplain.com\/fr\/wp-json\/wp\/v2\/media?parent=15964"}],"wp:term":[{"taxonomy":"post_tag","embeddable":true,"href":"https:\/\/www.hotelchamplain.com\/fr\/wp-json\/wp\/v2\/tags?post=15964"}],"curies":[{"name":"wp","href":"https:\/\/api.w.org\/{rel}","templated":true}]}}