{"id":7149,"date":"2022-02-01T08:08:44","date_gmt":"2022-02-01T08:08:44","guid":{"rendered":"https:\/\/www2.hotelchamplain.com\/?page_id=7149"},"modified":"2026-05-05T10:53:54","modified_gmt":"2026-05-05T08:53:54","slug":"histoire","status":"publish","type":"page","link":"https:\/\/www.hotelchamplain.com\/fr\/histoire\/","title":{"rendered":"Histoire"},"content":{"rendered":"\t\t<div data-elementor-type=\"wp-page\" data-elementor-id=\"7149\" class=\"elementor elementor-7149\" data-elementor-post-type=\"page\">\n\t\t\t\t\t\t<section data-dce-background-overlay-color=\"#000000\" data-dce-background-image-url=\"https:\/\/www.hotelchamplain.com\/wp-content\/uploads\/2026\/05\/hotel-le-champlain-la-rochelle-salle-petit-dejeuner.webp\" class=\"elementor-section elementor-top-section elementor-element elementor-element-2e8e808 elementor-section-height-min-height elementor-section-full_width elementor-section-height-default elementor-section-items-middle\" data-id=\"2e8e808\" data-element_type=\"section\" data-e-type=\"section\" data-settings=\"{&quot;background_background&quot;:&quot;classic&quot;}\">\n\t\t\t\t\t\t\t<div class=\" elementor-background-overlay lazyelementorbackgroundimages \"><\/div>\n\t\t\t\t\t\t\t<div class=\"elementor-container elementor-column-gap-default\">\n\t\t\t\t\t<div class=\"elementor-column elementor-col-100 elementor-top-column elementor-element elementor-element-251603b\" data-id=\"251603b\" data-element_type=\"column\" data-e-type=\"column\">\n\t\t\t<div class=\"elementor-widget-wrap elementor-element-populated\">\n\t\t\t\t\t\t\t<\/div>\n\t\t<\/div>\n\t\t\t\t\t<\/div>\n\t\t<\/section>\n\t\t\t\t<section data-dce-background-color=\"#21201D\" data-dce-background-overlay-image-url=\"https:\/\/www.hotelchamplain.com\/wp-content\/uploads\/2022\/07\/illustrations.png\" class=\"elementor-section elementor-top-section elementor-element elementor-element-b30844d elementor-section-full_width elementor-section-height-default elementor-section-height-default\" data-id=\"b30844d\" data-element_type=\"section\" data-e-type=\"section\" data-settings=\"{&quot;background_background&quot;:&quot;classic&quot;}\">\n\t\t\t\t\t\t\t<div class=\" elementor-background-overlay lazyelementorbackgroundimages \"><\/div>\n\t\t\t\t\t\t\t<div class=\"elementor-container elementor-column-gap-default\">\n\t\t\t\t\t<div class=\"elementor-column elementor-col-100 elementor-top-column elementor-element elementor-element-eaddcea\" data-id=\"eaddcea\" data-element_type=\"column\" data-e-type=\"column\">\n\t\t\t<div class=\"elementor-widget-wrap elementor-element-populated\">\n\t\t\t\t\t\t<div class=\"elementor-element elementor-element-0ce190a elementor-widget elementor-widget-heading\" data-id=\"0ce190a\" data-element_type=\"widget\" data-e-type=\"widget\" data-widget_type=\"heading.default\">\n\t\t\t\t<div class=\"elementor-widget-container\">\n\t\t\t\t\t<h1 class=\"elementor-heading-title elementor-size-default\">Du couvent des Hospitali\u00e8res<br> \u00e0 l\u2019h\u00f4tel Le Champlain<\/h1>\t\t\t\t<\/div>\n\t\t\t\t<\/div>\n\t\t\t\t\t<\/div>\n\t\t<\/div>\n\t\t\t\t\t<\/div>\n\t\t<\/section>\n\t\t\t\t<section data-dce-background-color=\"#F5F5F5\" class=\"elementor-section elementor-top-section elementor-element elementor-element-6f46679 elementor-section-boxed elementor-section-height-default elementor-section-height-default\" data-id=\"6f46679\" data-element_type=\"section\" data-e-type=\"section\" data-settings=\"{&quot;background_background&quot;:&quot;classic&quot;}\">\n\t\t\t\t\t\t<div class=\"elementor-container elementor-column-gap-default\">\n\t\t\t\t\t<div class=\"elementor-column elementor-col-100 elementor-top-column elementor-element elementor-element-dcd46ca\" data-id=\"dcd46ca\" data-element_type=\"column\" data-e-type=\"column\">\n\t\t\t<div class=\"elementor-widget-wrap elementor-element-populated\">\n\t\t\t\t\t\t<div class=\"elementor-element elementor-element-b733b60 elementor-arrows-position-inside elementor-widget elementor-widget-image-carousel\" data-id=\"b733b60\" data-element_type=\"widget\" data-e-type=\"widget\" data-settings=\"{&quot;slides_to_show&quot;:&quot;1&quot;,&quot;navigation&quot;:&quot;arrows&quot;,&quot;autoplay&quot;:&quot;yes&quot;,&quot;pause_on_hover&quot;:&quot;yes&quot;,&quot;pause_on_interaction&quot;:&quot;yes&quot;,&quot;autoplay_speed&quot;:5000,&quot;infinite&quot;:&quot;yes&quot;,&quot;effect&quot;:&quot;slide&quot;,&quot;speed&quot;:500}\" data-widget_type=\"image-carousel.default\">\n\t\t\t\t<div class=\"elementor-widget-container\">\n\t\t\t\t\t\t\t<div class=\"elementor-image-carousel-wrapper swiper\" role=\"region\" aria-roledescription=\"carousel\" aria-label=\"Carrousel d\u2019images\" dir=\"ltr\">\n\t\t\t<div class=\"elementor-image-carousel swiper-wrapper swiper-image-stretch\" aria-live=\"off\">\n\t\t\t\t\t\t\t\t<div class=\"swiper-slide\" role=\"group\" aria-roledescription=\"slide\" aria-label=\"1 sur 4\"><figure class=\"swiper-slide-inner\"><img decoding=\"async\" class=\"swiper-slide-image\" src=\"https:\/\/www.hotelchamplain.com\/wp-content\/uploads\/2026\/05\/hotel-le-champlain-la-rochelle-bar-salon.webp\" alt=\"Bar salon historique H\u00f4tel Le Champlain La Rochelle boiseries acajou sculpt\u00e9es 18e si\u00e8cle lustre cristal canap\u00e9s Chesterfield\" \/><\/figure><\/div><div class=\"swiper-slide\" role=\"group\" aria-roledescription=\"slide\" aria-label=\"2 sur 4\"><figure class=\"swiper-slide-inner\"><img decoding=\"async\" class=\"swiper-slide-image\" src=\"https:\/\/www.hotelchamplain.com\/wp-content\/uploads\/2022\/02\/Hotel-Champlain-Salle-petit-dejeuner.jpg\" alt=\"H\u00f4tel Champlain - La Rochelle Centre ville | Salle petit d\u00e9jeuner\" \/><\/figure><\/div><div class=\"swiper-slide\" role=\"group\" aria-roledescription=\"slide\" aria-label=\"3 sur 4\"><figure class=\"swiper-slide-inner\"><img decoding=\"async\" class=\"swiper-slide-image\" src=\"https:\/\/www.hotelchamplain.com\/wp-content\/uploads\/2026\/05\/hotel-le-champlain-la-rochelle-la-reception.webp\" alt=\"R\u00e9ception accueil H\u00f4tel Le Champlain La Rochelle design contemporain fauteuils velours bleu bureau moderne \u00e9clairage dor\u00e9\" \/><\/figure><\/div><div class=\"swiper-slide\" role=\"group\" aria-roledescription=\"slide\" aria-label=\"4 sur 4\"><figure class=\"swiper-slide-inner\"><img decoding=\"async\" class=\"swiper-slide-image\" src=\"https:\/\/www.hotelchamplain.com\/wp-content\/uploads\/2025\/04\/hotel-le-champlain-la-rochelle-elegant-salon-classique-2.webp\" alt=\"Salon classique de l\u2019H\u00f4tel Le Champlain \u00e0 La Rochelle, d\u00e9cor\u00e9 de boiseries anciennes et de canap\u00e9s en velours\" \/><\/figure><\/div>\t\t\t<\/div>\n\t\t\t\t\t\t\t\t\t\t\t\t<div class=\"elementor-swiper-button elementor-swiper-button-prev\" role=\"button\" tabindex=\"0\">\n\t\t\t\t\t\t<i aria-hidden=\"true\" class=\"eicon-chevron-left\"><\/i>\t\t\t\t\t<\/div>\n\t\t\t\t\t<div class=\"elementor-swiper-button elementor-swiper-button-next\" role=\"button\" tabindex=\"0\">\n\t\t\t\t\t\t<i aria-hidden=\"true\" class=\"eicon-chevron-right\"><\/i>\t\t\t\t\t<\/div>\n\t\t\t\t\n\t\t\t\t\t\t\t\t\t<\/div>\n\t\t\t\t\t\t<\/div>\n\t\t\t\t<\/div>\n\t\t\t\t<section class=\"elementor-section elementor-inner-section elementor-element elementor-element-b371c8c elementor-section-boxed elementor-section-height-default elementor-section-height-default\" data-id=\"b371c8c\" data-element_type=\"section\" data-e-type=\"section\">\n\t\t\t\t\t\t<div class=\"elementor-container elementor-column-gap-default\">\n\t\t\t\t\t<div class=\"elementor-column elementor-col-50 elementor-inner-column elementor-element elementor-element-1fb6fb8\" data-id=\"1fb6fb8\" data-element_type=\"column\" data-e-type=\"column\">\n\t\t\t<div class=\"elementor-widget-wrap elementor-element-populated\">\n\t\t\t\t\t\t<div class=\"elementor-element elementor-element-30bb793 elementor-widget elementor-widget-text-editor\" data-id=\"30bb793\" data-element_type=\"widget\" data-e-type=\"widget\" data-widget_type=\"text-editor.default\">\n\t\t\t\t<div class=\"elementor-widget-container\">\n\t\t\t\t\t\t\t\t\t<p>Les s\u0153urs Hospitali\u00e8res furent expuls\u00e9es \u00e0 la fin du 18\u1d49 si\u00e8cle par la ville qui acquiert alors le couvent pour le transformer en champ de foire jusqu\u2019au d\u00e9but du 19\u1d49 si\u00e8cle. Une partie du couvent sera ensuite revendue \u00e0 un notable qui en fera un h\u00f4tel particulier \u00e0 la moiti\u00e9 du 19\u1d49 si\u00e8cle.<\/p><p>L\u2019H\u00f4tel le Champlain et son jardin \u00e0 la fran\u00e7aise occupent \u00e0 ce jour une partie de cet ancien couvent.<\/p><p>Apr\u00e8s le si\u00e8ge de Richelieu (1627-1628), La Rochelle rouvre ses portes \u00e0 la religion catholique. Le roi Louis XIII ordonne, entre autre, que les religieuses migrent aux Hospitali\u00e8res, situ\u00e9es entre la rue Rambaud et la rue Saintes Claires, un emplacement qui regroupait alors jardins, couvent et h\u00f4pital.<\/p>\t\t\t\t\t\t\t\t<\/div>\n\t\t\t\t<\/div>\n\t\t\t\t\t<\/div>\n\t\t<\/div>\n\t\t\t\t<div data-dce-background-image-url=\"https:\/\/www.hotelchamplain.com\/wp-content\/uploads\/2025\/04\/hotel-champlain-la-rochelle-france.webp\" class=\"elementor-column elementor-col-50 elementor-inner-column elementor-element elementor-element-55f5c4f\" data-id=\"55f5c4f\" data-element_type=\"column\" data-e-type=\"column\" data-settings=\"{&quot;background_background&quot;:&quot;classic&quot;}\">\n\t\t\t<div class=\"elementor-widget-wrap elementor-element-populated\">\n\t\t\t\t\t\t<div class=\"elementor-element elementor-element-6e3bd84 elementor-widget elementor-widget-spacer\" data-id=\"6e3bd84\" data-element_type=\"widget\" data-e-type=\"widget\" data-widget_type=\"spacer.default\">\n\t\t\t\t<div class=\"elementor-widget-container\">\n\t\t\t\t\t\t\t<div class=\"elementor-spacer\">\n\t\t\t<div class=\"elementor-spacer-inner\"><\/div>\n\t\t<\/div>\n\t\t\t\t\t\t<\/div>\n\t\t\t\t<\/div>\n\t\t\t\t\t<\/div>\n\t\t<\/div>\n\t\t\t\t\t<\/div>\n\t\t<\/section>\n\t\t\t\t\t<\/div>\n\t\t<\/div>\n\t\t\t\t\t<\/div>\n\t\t<\/section>\n\t\t\t\t<section class=\"elementor-section elementor-top-section elementor-element elementor-element-6486a38 elementor-reverse-mobile elementor-section-boxed elementor-section-height-default elementor-section-height-default\" data-id=\"6486a38\" data-element_type=\"section\" data-e-type=\"section\" data-settings=\"{&quot;background_background&quot;:&quot;classic&quot;}\">\n\t\t\t\t\t\t<div class=\"elementor-container elementor-column-gap-default\">\n\t\t\t\t\t<div class=\"elementor-column elementor-col-50 elementor-top-column elementor-element elementor-element-a722fd4\" data-id=\"a722fd4\" data-element_type=\"column\" data-e-type=\"column\">\n\t\t\t<div class=\"elementor-widget-wrap elementor-element-populated\">\n\t\t\t\t\t\t<div class=\"elementor-element elementor-element-8bafd34 elementor-widget elementor-widget-image\" data-id=\"8bafd34\" data-element_type=\"widget\" data-e-type=\"widget\" data-widget_type=\"image.default\">\n\t\t\t\t<div class=\"elementor-widget-container\">\n\t\t\t\t\t\t\t\t\t\t\t\t\t\t\t<img fetchpriority=\"high\" decoding=\"async\" width=\"505\" height=\"338\" src=\"https:\/\/www.hotelchamplain.com\/wp-content\/uploads\/2026\/05\/hotel-le-champlain-la-rochelle-histoire.webp\" class=\"attachment-large size-large wp-image-19921\" alt=\"Photo archives historique H\u00f4tel Champlain La Rochelle fa\u00e7ade b\u00e2timent ann\u00e9es 1960 noir et blanc patrimoine histoire\" srcset=\"https:\/\/www.hotelchamplain.com\/wp-content\/uploads\/2026\/05\/hotel-le-champlain-la-rochelle-histoire.webp 505w, https:\/\/www.hotelchamplain.com\/wp-content\/uploads\/2026\/05\/hotel-le-champlain-la-rochelle-histoire-300x201.webp 300w\" sizes=\"(max-width: 505px) 100vw, 505px\" \/>\t\t\t\t\t\t\t\t\t\t\t\t\t\t\t<\/div>\n\t\t\t\t<\/div>\n\t\t\t\t<div class=\"elementor-element elementor-element-70f3950 elementor-widget-divider--view-line elementor-widget elementor-widget-divider\" data-id=\"70f3950\" data-element_type=\"widget\" data-e-type=\"widget\" data-widget_type=\"divider.default\">\n\t\t\t\t<div class=\"elementor-widget-container\">\n\t\t\t\t\t\t\t<div class=\"elementor-divider\">\n\t\t\t<span class=\"elementor-divider-separator\">\n\t\t\t\t\t\t<\/span>\n\t\t<\/div>\n\t\t\t\t\t\t<\/div>\n\t\t\t\t<\/div>\n\t\t\t\t<div class=\"elementor-element elementor-element-dcb919f elementor-widget elementor-widget-heading\" data-id=\"dcb919f\" data-element_type=\"widget\" data-e-type=\"widget\" data-widget_type=\"heading.default\">\n\t\t\t\t<div class=\"elementor-widget-container\">\n\t\t\t\t\t<h2 class=\"elementor-heading-title elementor-size-default\">3 si\u00e8cles, <br>3 g\u00e9n\u00e9rations, <br>3 h\u00f4teli\u00e8res<\/h2>\t\t\t\t<\/div>\n\t\t\t\t<\/div>\n\t\t\t\t<div class=\"elementor-element elementor-element-f49d10b elementor-widget elementor-widget-text-editor\" data-id=\"f49d10b\" data-element_type=\"widget\" data-e-type=\"widget\" data-widget_type=\"text-editor.default\">\n\t\t\t\t<div class=\"elementor-widget-container\">\n\t\t\t\t\t\t\t\t\t<p>C\u2019est en 1942 que Marie-H\u00e9l\u00e8ne et Henri Brisson achet\u00e8rent cet ancien h\u00f4tel particulier. Quelques ann\u00e9es plus tard, en 1948, ils l\u2019agrandirent pour le transformer en h\u00f4tel commercial en plein centre-ville de La Rochelle.<\/p><p>L\u2019h\u00f4tel fut baptis\u00e9 \u00ab Le Champlain \u00bb par Marie-H\u00e9l\u00e8ne Brisson qui avait en admiration l\u2019explorateur Samuel de Champlain pour son c\u00f4t\u00e9 avant-gardiste et pionnier, personnage \u00e0 r\u00e9sonnance historique en Charente-Maritime. Dans les ann\u00e9es 1980, l\u2019h\u00f4tel fut repris par leur fille unique, Christiane Jouineau, qui sut continuer et cultiver l\u2019h\u00e9ritage du bon go\u00fbt et de l\u2019hospitalit\u00e9.<\/p><p>Depuis 2005 \u00e0 nos jours, sa fille Anne Jouineau, assure et poursuit la p\u00e9rennit\u00e9 d\u2019un h\u00e9ritage familial en accompagnant l\u2019\u00e9tablissement h\u00f4telier dans le 21\u00e8me si\u00e8cle, associant toute la modernit\u00e9 souhait\u00e9e par les clients avec l\u2019h\u00f4tellerie traditionnelle tout en maintenant l\u2019assurance d\u2019une qualit\u00e9 de service personnalis\u00e9.<\/p>\t\t\t\t\t\t\t\t<\/div>\n\t\t\t\t<\/div>\n\t\t\t\t\t<\/div>\n\t\t<\/div>\n\t\t\t\t<div class=\"elementor-column elementor-col-50 elementor-top-column elementor-element elementor-element-742f062\" data-id=\"742f062\" data-element_type=\"column\" data-e-type=\"column\">\n\t\t\t<div class=\"elementor-widget-wrap elementor-element-populated\">\n\t\t\t\t\t\t<div class=\"elementor-element elementor-element-42dc0e6 elementor-widget-divider--view-line elementor-widget elementor-widget-divider\" data-id=\"42dc0e6\" data-element_type=\"widget\" data-e-type=\"widget\" data-widget_type=\"divider.default\">\n\t\t\t\t<div class=\"elementor-widget-container\">\n\t\t\t\t\t\t\t<div class=\"elementor-divider\">\n\t\t\t<span class=\"elementor-divider-separator\">\n\t\t\t\t\t\t<\/span>\n\t\t<\/div>\n\t\t\t\t\t\t<\/div>\n\t\t\t\t<\/div>\n\t\t\t\t<div class=\"elementor-element elementor-element-3511aa9 elementor-widget elementor-widget-heading\" data-id=\"3511aa9\" data-element_type=\"widget\" data-e-type=\"widget\" data-widget_type=\"heading.default\">\n\t\t\t\t<div class=\"elementor-widget-container\">\n\t\t\t\t\t<h2 class=\"elementor-heading-title elementor-size-default\">Une nouvelle \u00e8re<\/h2>\t\t\t\t<\/div>\n\t\t\t\t<\/div>\n\t\t\t\t<div class=\"elementor-element elementor-element-5556e37 elementor-widget elementor-widget-text-editor\" data-id=\"5556e37\" data-element_type=\"widget\" data-e-type=\"widget\" data-widget_type=\"text-editor.default\">\n\t\t\t\t<div class=\"elementor-widget-container\">\n\t\t\t\t\t\t\t\t\t<p>Le Groupe Turenne H\u00f4tellerie, \u00e9merveill\u00e9 par le potentiel de cet h\u00f4tel embl\u00e9matique de La Rochelle empreint d\u2019histoire, d\u00e9cide de racheter Le Champlain en 2019.<\/p><p>Des travaux d\u2019embellissement sont r\u00e9alis\u00e9s, modernisant la demeure tout en conservant son caract\u00e8re et son authenticit\u00e9.<\/p><p>Le Champlain poursuit d\u00e9sormais son d\u00e9veloppement en renfor\u00e7ant notamment ses partenariats avec des entreprises locales.<\/p>\t\t\t\t\t\t\t\t<\/div>\n\t\t\t\t<\/div>\n\t\t\t\t<div class=\"elementor-element elementor-element-db37723 elementor-widget elementor-widget-image\" data-id=\"db37723\" data-element_type=\"widget\" data-e-type=\"widget\" data-widget_type=\"image.default\">\n\t\t\t\t<div class=\"elementor-widget-container\">\n\t\t\t\t\t\t\t\t\t\t\t\t\t\t\t<img decoding=\"async\" width=\"505\" height=\"338\" src=\"https:\/\/www.hotelchamplain.com\/wp-content\/uploads\/2026\/05\/archives-jardin-annees-50-hotel-le-champlain-la-rochelle.webp\" class=\"attachment-large size-large wp-image-19933\" alt=\"Photo archives H\u00f4tel Champlain La Rochelle jardin ann\u00e9es 1950 clients terrasse service hospitalit\u00e9 vintage histoire\" srcset=\"https:\/\/www.hotelchamplain.com\/wp-content\/uploads\/2026\/05\/archives-jardin-annees-50-hotel-le-champlain-la-rochelle.webp 505w, https:\/\/www.hotelchamplain.com\/wp-content\/uploads\/2026\/05\/archives-jardin-annees-50-hotel-le-champlain-la-rochelle-300x201.webp 300w\" sizes=\"(max-width: 505px) 100vw, 505px\" \/>\t\t\t\t\t\t\t\t\t\t\t\t\t\t\t<\/div>\n\t\t\t\t<\/div>\n\t\t\t\t<div class=\"elementor-element elementor-element-29303d2 elementor-widget elementor-widget-image\" data-id=\"29303d2\" data-element_type=\"widget\" data-e-type=\"widget\" data-widget_type=\"image.default\">\n\t\t\t\t<div class=\"elementor-widget-container\">\n\t\t\t\t\t\t\t\t\t\t\t\t\t\t\t<img decoding=\"async\" width=\"505\" height=\"338\" src=\"https:\/\/www.hotelchamplain.com\/wp-content\/uploads\/2026\/05\/etiquette-vintage-hotel-le-champlain-la-rochelle.webp\" class=\"attachment-large size-large wp-image-19945\" alt=\"\u00c9tiquette vintage H\u00f4tel Le Champlain La Rochelle rue Rambaud archives r\u00e9tro ann\u00e9es 1950 logo historique patrimoine\" srcset=\"https:\/\/www.hotelchamplain.com\/wp-content\/uploads\/2026\/05\/etiquette-vintage-hotel-le-champlain-la-rochelle.webp 505w, https:\/\/www.hotelchamplain.com\/wp-content\/uploads\/2026\/05\/etiquette-vintage-hotel-le-champlain-la-rochelle-300x201.webp 300w\" sizes=\"(max-width: 505px) 100vw, 505px\" \/>\t\t\t\t\t\t\t\t\t\t\t\t\t\t\t<\/div>\n\t\t\t\t<\/div>\n\t\t\t\t\t<\/div>\n\t\t<\/div>\n\t\t\t\t\t<\/div>\n\t\t<\/section>\n\t\t\t\t<\/div>\n\t\t","protected":false},"excerpt":{"rendered":"<p>Du couvent des Hospitali\u00e8res \u00e0 l\u2019h\u00f4tel Le Champlain Les s\u0153urs Hospitali\u00e8res furent expuls\u00e9es \u00e0 la fin du 18\u1d49 si\u00e8cle par la ville qui acquiert alors le couvent pour le transformer en champ de foire jusqu\u2019au d\u00e9but du 19\u1d49 si\u00e8cle. Une partie du couvent sera ensuite revendue \u00e0 un notable qui en fera un h\u00f4tel particulier [&hellip;]<\/p>\n","protected":false},"author":5,"featured_media":0,"parent":0,"menu_order":0,"comment_status":"closed","ping_status":"closed","template":"","meta":{"_acf_changed":false,"footnotes":""},"tags":[],"class_list":["post-7149","page","type-page","status-publish","hentry"],"acf":[],"_links":{"self":[{"href":"https:\/\/www.hotelchamplain.com\/fr\/wp-json\/wp\/v2\/pages\/7149","targetHints":{"allow":["GET"]}}],"collection":[{"href":"https:\/\/www.hotelchamplain.com\/fr\/wp-json\/wp\/v2\/pages"}],"about":[{"href":"https:\/\/www.hotelchamplain.com\/fr\/wp-json\/wp\/v2\/types\/page"}],"author":[{"embeddable":true,"href":"https:\/\/www.hotelchamplain.com\/fr\/wp-json\/wp\/v2\/users\/5"}],"replies":[{"embeddable":true,"href":"https:\/\/www.hotelchamplain.com\/fr\/wp-json\/wp\/v2\/comments?post=7149"}],"version-history":[{"count":158,"href":"https:\/\/www.hotelchamplain.com\/fr\/wp-json\/wp\/v2\/pages\/7149\/revisions"}],"predecessor-version":[{"id":19950,"href":"https:\/\/www.hotelchamplain.com\/fr\/wp-json\/wp\/v2\/pages\/7149\/revisions\/19950"}],"wp:attachment":[{"href":"https:\/\/www.hotelchamplain.com\/fr\/wp-json\/wp\/v2\/media?parent=7149"}],"wp:term":[{"taxonomy":"post_tag","embeddable":true,"href":"https:\/\/www.hotelchamplain.com\/fr\/wp-json\/wp\/v2\/tags?post=7149"}],"curies":[{"name":"wp","href":"https:\/\/api.w.org\/{rel}","templated":true}]}}